{"id":1433,"date":"2025-08-27T01:56:49","date_gmt":"2025-08-27T01:56:49","guid":{"rendered":"https:\/\/www.mrhardwares.com\/?post_type=product&#038;p=1433"},"modified":"2025-12-31T01:52:24","modified_gmt":"2025-12-31T01:52:24","slug":"wholesale-inset-cabinet-hinges","status":"publish","type":"product","link":"https:\/\/www.mrhardwares.com\/pt\/product\/wholesale-inset-cabinet-hinges\/","title":{"rendered":"Dobradi\u00e7as para arm\u00e1rios de embutir por grosso para fabricantes de mobili\u00e1rio, fabricantes de arm\u00e1rios e grossistas"},"content":{"rendered":"<h3 class=\"wp-block-heading\">Carater\u00edsticas das dobradi\u00e7as de arm\u00e1rio embutidas<\/h3><ul class=\"wp-block-list\"><li><strong>Aspeto sem costuras: <\/strong>As dobradi\u00e7as para arm\u00e1rios embutem totalmente as portas dos arm\u00e1rios nas estruturas dos arm\u00e1rios, criando um acabamento perfeitamente plano que melhora o aspeto visual geral do mobili\u00e1rio e lhe d\u00e1 uma apar\u00eancia moderna e de alta qualidade.<\/li>\n\n<li><strong>Alinhamento ajust\u00e1vel: <\/strong>As nossas dobradi\u00e7as para arm\u00e1rios embutidos por atacado t\u00eam uma fun\u00e7\u00e3o de ajuste de tr\u00eas vias. Esta flexibilidade garante um alinhamento perfeito, reduz os erros de instala\u00e7\u00e3o e ajuda os fabricantes a manter uma qualidade consistente em todos os arm\u00e1rios.<\/li>\n\n<li><strong>Op\u00e7\u00f5es de perda suave: <\/strong>As nossas dobradi\u00e7as embutidas por atacado est\u00e3o equipadas com um dispositivo de fecho lento, que pode abrandar lentamente a velocidade quando a porta \u00e9 fechada, evitar o impacto violento e reduzir o desgaste dos arm\u00e1rios e dobradi\u00e7as.<\/li>\n\n<li><strong>Amplamente aplic\u00e1vel: <\/strong>As nossas dobradi\u00e7as embutidas s\u00e3o adequadas para v\u00e1rios tipos de mobili\u00e1rio, incluindo arm\u00e1rios de cozinha, roupeiros, arm\u00e1rios de casa de banho, arm\u00e1rios de escrit\u00f3rio e mobili\u00e1rio personalizado de alta qualidade.<\/li><\/ul>","protected":false},"excerpt":{"rendered":"<p data-pm-slice=\"1 1 []\"><strong>Pre\u00e7o: US $0.12\/pc<\/strong><\/p>\n<p>Dobradi\u00e7as para arm\u00e1rios embutidas, concebidas especificamente para fabricantes de mobili\u00e1rio e de arm\u00e1rios. A MR-ZB3 \u00e9 dur\u00e1vel, ajust\u00e1vel, com um design oculto que proporciona um acabamento perfeito e vem com uma op\u00e7\u00e3o de fecho de tamp\u00e3o. Vendas diretas da f\u00e1brica, fornecimento a granel, pedidos de informa\u00e7\u00e3o bem-vindos.<\/p>\n<h2>Especifica\u00e7\u00f5es de Dobradi\u00e7as para arm\u00e1rios embutidos<\/h2>\n<table border=\"0\" cellspacing=\"0\" cellpadding=\"0\">\n<tbody style=\"font-size: 12px; border: 1px solid #ccc; overflow: hidden;\">\n<tr style=\"line-height: 1.4;\">\n<td style=\"width: 33%;\" width=\"36\" height=\"30\"><strong>Especifica\u00e7\u00e3o<\/strong><\/td>\n<td style=\"width: 67%;\" width=\"72\"><strong>Detalhes<\/strong><\/td>\n<\/tr>\n<tr style=\"line-height: 1.4;\">\n<td style=\"width: 33%;\" width=\"36\" height=\"30\"><strong>N\u00famero do modelo<\/strong><\/td>\n<td style=\"width: 67%;\" width=\"72\">MR-ZB3<\/td>\n<\/tr>\n<tr style=\"line-height: 1.4;\">\n<td style=\"width: 33%;\" width=\"36\" height=\"30\"><strong>Material da dobradi\u00e7a<\/strong><\/td>\n<td style=\"width: 67%;\" width=\"72\">A\u00e7o laminado a frio<\/td>\n<\/tr>\n<tr style=\"line-height: 1.4;\">\n<td style=\"width: 33%;\" width=\"36\" height=\"30\"><strong>Tipo de dobradi\u00e7a<\/strong><\/td>\n<td style=\"width: 67%;\" width=\"72\">Dobradi\u00e7a de arm\u00e1rio embutida de fecho suave<\/td>\n<\/tr>\n<tr style=\"line-height: 1.4;\">\n<td style=\"width: 33%;\" width=\"36\" height=\"60\"><strong>Cen\u00e1rios aplic\u00e1veis<\/strong><\/td>\n<td style=\"width: 67%;\" width=\"72\">Roupeiro, arm\u00e1rio, estante, arm\u00e1rio de casa de banho e muito mais<\/td>\n<\/tr>\n<tr style=\"line-height: 1.4;\">\n<td style=\"width: 33%;\" width=\"36\" height=\"50\"><strong>Servi\u00e7o OEM e ODM<\/strong><\/td>\n<td style=\"width: 67%;\" width=\"72\">Suporte para personaliza\u00e7\u00e3o f\u00e1cil e personaliza\u00e7\u00e3o profunda<\/td>\n<\/tr>\n<\/tbody>\n<\/table>\n<p>&nbsp;<\/p>\n<p>\n<script src=\"chrome-extension:\/\/fpelahbljekknahkcaegamhcndkfpfnc\/iFrame.js\" type=\"text\/javascript\"><\/script><\/p>","protected":false},"featured_media":1434,"comment_status":"closed","ping_status":"closed","template":"","meta":{"_acf_changed":false},"product_brand":[],"product_cat":[27],"product_tag":[],"class_list":{"0":"post-1433","1":"product","2":"type-product","3":"status-publish","4":"has-post-thumbnail","6":"product_cat-wholesale-inset-cabinet-hinges","8":"first","9":"instock","10":"shipping-taxable","11":"product-type-simple"},"acf":[],"_links":{"self":[{"href":"https:\/\/www.mrhardwares.com\/pt\/wp-json\/wp\/v2\/product\/1433","targetHints":{"allow":["GET"]}}],"collection":[{"href":"https:\/\/www.mrhardwares.com\/pt\/wp-json\/wp\/v2\/product"}],"about":[{"href":"https:\/\/www.mrhardwares.com\/pt\/wp-json\/wp\/v2\/types\/product"}],"replies":[{"embeddable":true,"href":"https:\/\/www.mrhardwares.com\/pt\/wp-json\/wp\/v2\/comments?post=1433"}],"wp:featuredmedia":[{"embeddable":true,"href":"https:\/\/www.mrhardwares.com\/pt\/wp-json\/wp\/v2\/media\/1434"}],"wp:attachment":[{"href":"https:\/\/www.mrhardwares.com\/pt\/wp-json\/wp\/v2\/media?parent=1433"}],"wp:term":[{"taxonomy":"product_brand","embeddable":true,"href":"https:\/\/www.mrhardwares.com\/pt\/wp-json\/wp\/v2\/product_brand?post=1433"},{"taxonomy":"product_cat","embeddable":true,"href":"https:\/\/www.mrhardwares.com\/pt\/wp-json\/wp\/v2\/product_cat?post=1433"},{"taxonomy":"product_tag","embeddable":true,"href":"https:\/\/www.mrhardwares.com\/pt\/wp-json\/wp\/v2\/product_tag?post=1433"}],"curies":[{"name":"wp","href":"https:\/\/api.w.org\/{rel}","templated":true}]}}