{"id":1435,"date":"2025-08-27T02:30:06","date_gmt":"2025-08-27T02:30:06","guid":{"rendered":"https:\/\/www.mrhardwares.com\/?post_type=product&#038;p=1435"},"modified":"2025-12-31T02:00:44","modified_gmt":"2025-12-31T02:00:44","slug":"wholesale-inset-kitchen-cabinet-hinges","status":"publish","type":"product","link":"https:\/\/www.mrhardwares.com\/pt\/product\/wholesale-inset-kitchen-cabinet-hinges\/","title":{"rendered":"Dobradi\u00e7as para arm\u00e1rios de cozinha por atacado - Dobradi\u00e7as dur\u00e1veis, ajust\u00e1veis e de fecho suave"},"content":{"rendered":"<h3 class=\"wp-block-heading\">Carater\u00edsticas das dobradi\u00e7as para arm\u00e1rios de cozinha embutidos<\/h3><ul class=\"wp-block-list\"><li><strong>Esteticamente agrad\u00e1vel: <\/strong>Ao fazer com que a porta do arm\u00e1rio fique nivelada com a moldura do arm\u00e1rio, as dobradi\u00e7as de arm\u00e1rio de cozinha embutidas criam um aspeto limpo, simplificado e refinado.<\/li>\n\n<li><strong>Efici\u00eancia de espa\u00e7o: <\/strong>As portas embutidas n\u00e3o sobressaem da estrutura do arm\u00e1rio, o que as torna particularmente \u00fateis para cozinhas com muito movimento ou mais pequenas.<\/li>\n\n<li><strong>Instala\u00e7\u00e3o oculta: <\/strong>Quando a porta do arm\u00e1rio est\u00e1 fechada, as dobradi\u00e7as ficam completamente ocultas e todas as ferragens ficam escondidas. Este design oculto mant\u00e9m um aspeto de arm\u00e1rio limpo e simplificado.<\/li>\n\n<li><strong>Vantagem de volume: <\/strong>Como um fabricante profissional de dobradi\u00e7as, oferecemos pre\u00e7os competitivos direto da f\u00e1brica, fornecimento confi\u00e1vel e entrega pontual para dobradi\u00e7as de arm\u00e1rio de cozinha embutidas.<\/li><\/ul>","protected":false},"excerpt":{"rendered":"<p><strong>Pre\u00e7o: US $0.123\/unidade<\/strong><\/p>\n<p>Bem-vindo a comprar as nossas dobradi\u00e7as de arm\u00e1rio de cozinha por atacado. As dobradi\u00e7as de arm\u00e1rio de cozinha embutidas garantem o alinhamento perfeito entre os pain\u00e9is das portas e os arm\u00e1rios, criando uma apar\u00eancia nivelada. Adequadas para arm\u00e1rios de cozinha, roupeiros, arm\u00e1rios de casa de banho e v\u00e1rios projectos de fabrico de mobili\u00e1rio. Bem-vindo a contactar-nos.<\/p>\n<h2>Especifica\u00e7\u00f5es de Dobradi\u00e7as de meia-encaixe<\/h2>\n<table border=\"0\" cellspacing=\"0\" cellpadding=\"0\">\n<tbody style=\"font-size: 12px; border: 1px solid #ccc; overflow: hidden;\">\n<tr style=\"line-height: 1.4;\">\n<td style=\"width: 33%;\" width=\"36\" height=\"30\"><span style=\"font-size: 16px;\">Especifica\u00e7\u00e3o<\/span><\/td>\n<td style=\"width: 67%;\" width=\"72\"><span style=\"font-size: 16px;\">Detalhes<\/span><\/td>\n<\/tr>\n<tr style=\"line-height: 1.4;\">\n<td style=\"width: 33%;\" width=\"36\" height=\"30\"><span style=\"font-size: 16px;\">N\u00famero do modelo<\/span><\/td>\n<td style=\"width: 67%;\" width=\"72\"><span style=\"font-size: 16px;\">MR-F2A3<\/span><\/td>\n<\/tr>\n<tr style=\"line-height: 1.4;\">\n<td style=\"width: 33%;\" width=\"36\" height=\"30\"><span style=\"font-size: 16px;\">Material da dobradi\u00e7a<\/span><\/td>\n<td style=\"width: 67%;\" width=\"72\"><span style=\"font-size: 16px;\">A\u00e7o inoxid\u00e1vel ou a\u00e7o laminado a frio<\/span><\/td>\n<\/tr>\n<tr style=\"line-height: 1.4;\">\n<td style=\"width: 33%;\" width=\"36\" height=\"30\"><span style=\"font-size: 16px;\">Tipo de dobradi\u00e7a<\/span><\/td>\n<td style=\"width: 67%;\" width=\"72\">Dobradi\u00e7a de arm\u00e1rio de embutir de fecho suave<\/td>\n<\/tr>\n<tr style=\"line-height: 1.4;\">\n<td style=\"width: 33%;\" width=\"36\" height=\"60\"><span style=\"font-size: 16px;\">Cen\u00e1rios aplic\u00e1veis<\/span><\/td>\n<td style=\"width: 67%;\" width=\"72\"><span style=\"font-size: 16px;\">Roupeiro, arm\u00e1rio, estante, arm\u00e1rio de casa de banho e muito mais<\/span><\/td>\n<\/tr>\n<tr style=\"line-height: 1.4;\">\n<td style=\"width: 33%;\" width=\"36\" height=\"50\"><span style=\"font-size: 16px;\">Servi\u00e7o OEM e ODM<\/span><\/td>\n<td style=\"width: 67%;\" width=\"72\"><span style=\"font-size: 16px;\">Suporte para personaliza\u00e7\u00e3o f\u00e1cil e personaliza\u00e7\u00e3o profunda<\/span><\/td>\n<\/tr>\n<\/tbody>\n<\/table>\n<p>&nbsp;<\/p>\n<p><script src=\"chrome-extension:\/\/fpelahbljekknahkcaegamhcndkfpfnc\/iFrame.js\" type=\"text\/javascript\"><\/script><\/p>\n<p>\n<script src=\"chrome-extension:\/\/fpelahbljekknahkcaegamhcndkfpfnc\/iFrame.js\" type=\"text\/javascript\"><\/script><\/p>","protected":false},"featured_media":1424,"comment_status":"closed","ping_status":"closed","template":"","meta":{"_acf_changed":false},"product_brand":[],"product_cat":[27],"product_tag":[],"class_list":{"0":"post-1435","1":"product","2":"type-product","3":"status-publish","4":"has-post-thumbnail","6":"product_cat-wholesale-inset-cabinet-hinges","8":"first","9":"instock","10":"shipping-taxable","11":"product-type-simple"},"acf":[],"_links":{"self":[{"href":"https:\/\/www.mrhardwares.com\/pt\/wp-json\/wp\/v2\/product\/1435","targetHints":{"allow":["GET"]}}],"collection":[{"href":"https:\/\/www.mrhardwares.com\/pt\/wp-json\/wp\/v2\/product"}],"about":[{"href":"https:\/\/www.mrhardwares.com\/pt\/wp-json\/wp\/v2\/types\/product"}],"replies":[{"embeddable":true,"href":"https:\/\/www.mrhardwares.com\/pt\/wp-json\/wp\/v2\/comments?post=1435"}],"wp:featuredmedia":[{"embeddable":true,"href":"https:\/\/www.mrhardwares.com\/pt\/wp-json\/wp\/v2\/media\/1424"}],"wp:attachment":[{"href":"https:\/\/www.mrhardwares.com\/pt\/wp-json\/wp\/v2\/media?parent=1435"}],"wp:term":[{"taxonomy":"product_brand","embeddable":true,"href":"https:\/\/www.mrhardwares.com\/pt\/wp-json\/wp\/v2\/product_brand?post=1435"},{"taxonomy":"product_cat","embeddable":true,"href":"https:\/\/www.mrhardwares.com\/pt\/wp-json\/wp\/v2\/product_cat?post=1435"},{"taxonomy":"product_tag","embeddable":true,"href":"https:\/\/www.mrhardwares.com\/pt\/wp-json\/wp\/v2\/product_tag?post=1435"}],"curies":[{"name":"wp","href":"https:\/\/api.w.org\/{rel}","templated":true}]}}