{"id":1436,"date":"2025-08-27T02:46:57","date_gmt":"2025-08-27T02:46:57","guid":{"rendered":"https:\/\/www.mrhardwares.com\/?post_type=product&#038;p=1436"},"modified":"2025-12-31T02:05:35","modified_gmt":"2025-12-31T02:05:35","slug":"wholesale-inset-cabinet-door-hinges","status":"publish","type":"product","link":"https:\/\/www.mrhardwares.com\/pt\/product\/wholesale-inset-cabinet-door-hinges\/","title":{"rendered":"Dobradi\u00e7as para portas de arm\u00e1rios de embutir para projectos de fabrico de mobili\u00e1rio, grossistas"},"content":{"rendered":"<h3 class=\"wp-block-heading\">Carater\u00edsticas das dobradi\u00e7as para portas de arm\u00e1rio embutidas<\/h3><ul class=\"wp-block-list\"><li><strong>Alinhamento exato da porta: <\/strong>As dobradi\u00e7as para portas de arm\u00e1rios embutidas asseguram que as portas dos arm\u00e1rios ficam niveladas com as estruturas dos arm\u00e1rios, proporcionando um aspeto perfeito e profissional que melhora o aspeto geral do mobili\u00e1rio.<\/li>\n\n<li><strong>Estrutura duradoura: <\/strong>As nossas dobradi\u00e7as de porta de arm\u00e1rio embutidas por atacado podem ser feitas de a\u00e7o inoxid\u00e1vel ou materiais met\u00e1licos de a\u00e7o laminado a frio, que podem ser dur\u00e1veis mesmo com uso frequente.<\/li>\n\n<li><strong>Funcionamento suave: <\/strong>As nossas dobradi\u00e7as para portas de arm\u00e1rios embutidas por atacado foram concebidas para abrir e fechar facilmente e possuem um mecanismo de fecho suave que reduz o ru\u00eddo e evita que a porta bata violentamente.<\/li>\n\n<li><strong>Rela\u00e7\u00e3o custo-efic\u00e1cia: <\/strong>Os fabricantes de dobradi\u00e7as da Mingrun oferecem produtos de dobradi\u00e7as a pre\u00e7os grossistas, proporcionando um excelente valor aos fabricantes que compram em grandes quantidades para projectos ou revenda.<\/li><\/ul>","protected":false},"excerpt":{"rendered":"<p><strong>Pre\u00e7o: US $0.13\/unidade<\/strong><\/p>\n<p>Bem-vindo \u00e0 compra por atacado de dobradi\u00e7as para portas de arm\u00e1rio embutidas. As nossas dobradi\u00e7as para m\u00f3veis por atacado s\u00e3o dur\u00e1veis, f\u00e1ceis de operar e cumprem as normas internacionais de qualidade e seguran\u00e7a, incluindo as certifica\u00e7\u00f5es CE e ISO. Contacte-nos para um or\u00e7amento.<\/p>\n<h2>Especifica\u00e7\u00f5es de Dobradi\u00e7as para portas de arm\u00e1rios embutidas<\/h2>\n<table border=\"0\" cellspacing=\"0\" cellpadding=\"0\">\n<tbody style=\"font-size: 12px; border: 1px solid #ccc; overflow: hidden;\">\n<tr style=\"line-height: 1.4;\">\n<td style=\"width: 33%;\" width=\"36\" height=\"30\"><strong>Especifica\u00e7\u00e3o<\/strong><\/td>\n<td style=\"width: 67%;\" width=\"72\"><strong>Detalhes<\/strong><\/td>\n<\/tr>\n<tr style=\"line-height: 1.4;\">\n<td style=\"width: 33%;\" width=\"36\" height=\"30\"><strong>N\u00famero do modelo<\/strong><\/td>\n<td style=\"width: 67%;\" width=\"72\">MR-F2B3<\/td>\n<\/tr>\n<tr style=\"line-height: 1.4;\">\n<td style=\"width: 33%;\" width=\"36\" height=\"30\"><strong>Material da dobradi\u00e7a<\/strong><\/td>\n<td style=\"width: 67%;\" width=\"72\">A\u00e7o inoxid\u00e1vel ou a\u00e7o laminado a frio<\/td>\n<\/tr>\n<tr style=\"line-height: 1.4;\">\n<td style=\"width: 33%;\" width=\"36\" height=\"30\"><strong>Tipo de dobradi\u00e7a<\/strong><\/td>\n<td style=\"width: 67%;\" width=\"72\">Dobradi\u00e7a para porta de arm\u00e1rio embutida<\/td>\n<\/tr>\n<tr style=\"line-height: 1.4;\">\n<td style=\"width: 33%;\" width=\"36\" height=\"60\"><strong>Cen\u00e1rios aplic\u00e1veis<\/strong><\/td>\n<td style=\"width: 67%;\" width=\"72\">Roupeiro, arm\u00e1rio, estante, arm\u00e1rio de casa de banho e muito mais<\/td>\n<\/tr>\n<tr style=\"line-height: 1.4;\">\n<td style=\"width: 33%;\" width=\"36\" height=\"50\"><strong>Servi\u00e7o OEM e ODM<\/strong><\/td>\n<td style=\"width: 67%;\" width=\"72\">Suporte para personaliza\u00e7\u00e3o f\u00e1cil e personaliza\u00e7\u00e3o profunda<\/td>\n<\/tr>\n<\/tbody>\n<\/table>\n<p>&nbsp;<\/p>\n<p>\n<script src=\"chrome-extension:\/\/fpelahbljekknahkcaegamhcndkfpfnc\/iFrame.js\" type=\"text\/javascript\"><\/script><\/p>","protected":false},"featured_media":1437,"comment_status":"closed","ping_status":"closed","template":"","meta":{"_acf_changed":false},"product_brand":[],"product_cat":[27],"product_tag":[],"class_list":{"0":"post-1436","1":"product","2":"type-product","3":"status-publish","4":"has-post-thumbnail","6":"product_cat-wholesale-inset-cabinet-hinges","8":"first","9":"instock","10":"shipping-taxable","11":"product-type-simple"},"acf":[],"_links":{"self":[{"href":"https:\/\/www.mrhardwares.com\/pt\/wp-json\/wp\/v2\/product\/1436","targetHints":{"allow":["GET"]}}],"collection":[{"href":"https:\/\/www.mrhardwares.com\/pt\/wp-json\/wp\/v2\/product"}],"about":[{"href":"https:\/\/www.mrhardwares.com\/pt\/wp-json\/wp\/v2\/types\/product"}],"replies":[{"embeddable":true,"href":"https:\/\/www.mrhardwares.com\/pt\/wp-json\/wp\/v2\/comments?post=1436"}],"wp:featuredmedia":[{"embeddable":true,"href":"https:\/\/www.mrhardwares.com\/pt\/wp-json\/wp\/v2\/media\/1437"}],"wp:attachment":[{"href":"https:\/\/www.mrhardwares.com\/pt\/wp-json\/wp\/v2\/media?parent=1436"}],"wp:term":[{"taxonomy":"product_brand","embeddable":true,"href":"https:\/\/www.mrhardwares.com\/pt\/wp-json\/wp\/v2\/product_brand?post=1436"},{"taxonomy":"product_cat","embeddable":true,"href":"https:\/\/www.mrhardwares.com\/pt\/wp-json\/wp\/v2\/product_cat?post=1436"},{"taxonomy":"product_tag","embeddable":true,"href":"https:\/\/www.mrhardwares.com\/pt\/wp-json\/wp\/v2\/product_tag?post=1436"}],"curies":[{"name":"wp","href":"https:\/\/api.w.org\/{rel}","templated":true}]}}