{"id":1438,"date":"2025-08-27T03:05:13","date_gmt":"2025-08-27T03:05:13","guid":{"rendered":"https:\/\/www.mrhardwares.com\/?post_type=product&#038;p=1438"},"modified":"2025-12-31T02:27:03","modified_gmt":"2025-12-31T02:27:03","slug":"wholesale-inset-hinges-for-cabinet-doors","status":"publish","type":"product","link":"https:\/\/www.mrhardwares.com\/pt\/product\/wholesale-inset-hinges-for-cabinet-doors\/","title":{"rendered":"Dobradi\u00e7as de embutir por atacado para portas de arm\u00e1rios, portas de roupeiros, etc."},"content":{"rendered":"<h3 class=\"wp-block-heading\">Carater\u00edsticas das dobradi\u00e7as de embutir para portas de arm\u00e1rios<\/h3><ul class=\"wp-block-list\"><li><strong>Alinhamento exato das portas embutidas:<\/strong> As nossas dobradi\u00e7as para arm\u00e1rios por atacado t\u00eam um aspeto perfeito, limpo e profissional, melhorando o aspeto est\u00e9tico dos arm\u00e1rios topo de gama.<\/li>\n\n<li><strong>Funcionamento suave e silencioso: <\/strong>As nossas dobradi\u00e7as de arm\u00e1rio por atacado integram um mecanismo de fecho suave para criar uma excelente experi\u00eancia de utiliza\u00e7\u00e3o para propriet\u00e1rios de casas, escrit\u00f3rios e ambientes hoteleiros.<\/li>\n\n<li><strong>Design totalmente ajust\u00e1vel:<\/strong> Esta flexibilidade permite que os fabricantes e instaladores obtenham um alinhamento perfeito em portas de v\u00e1rios tamanhos e espessuras, compensando pequenas inconsist\u00eancias do caixilho e assegurando um ajuste preciso que cumpre as normas de alta qualidade.<\/li>\n\n<li><strong>Ampla compatibilidade: <\/strong>Estas dobradi\u00e7as embutidas s\u00e3o adequadas para v\u00e1rios m\u00f3veis, incluindo arm\u00e1rios de cozinha, casas de banho, roupeiros e unidades de armazenamento de escrit\u00f3rio, com m\u00faltiplas fun\u00e7\u00f5es. Podem adaptar-se a diferentes materiais e espessuras de portas, o que as torna uma escolha fi\u00e1vel para o fabrico de mobili\u00e1rio em grande escala, decora\u00e7\u00e3o ou projectos de interiores personalizados.<\/li><\/ul>","protected":false},"excerpt":{"rendered":"<p><strong>Pre\u00e7o: US $0.14\/unidade<\/strong><\/p>\n<p>Bem-vindo \u00e0 compra de dobradi\u00e7as para portas de arm\u00e1rios. Estas dobradi\u00e7as s\u00e3o certificadas e cumprem as normas internacionais, como a SGS e a CE, garantindo um desempenho fi\u00e1vel e uma qualidade duradoura. O seu design ajust\u00e1vel permite uma afina\u00e7\u00e3o f\u00e1cil e uma instala\u00e7\u00e3o r\u00e1pida, poupando tempo e trabalho aos fabricantes de mobili\u00e1rio e aos clientes B2B.<\/p>\n<h2>Especifica\u00e7\u00f5es de Dobradi\u00e7as de embutir para portas de arm\u00e1rios<\/h2>\n<table border=\"0\" cellspacing=\"0\" cellpadding=\"0\">\n<tbody style=\"font-size: 12px; border: 1px solid #ccc; overflow: hidden;\">\n<tr style=\"line-height: 1.4;\">\n<td style=\"width: 33%;\" width=\"36\" height=\"30\"><strong>Especifica\u00e7\u00e3o<\/strong><\/td>\n<td style=\"width: 67%;\" width=\"72\"><strong>Detalhes<\/strong><\/td>\n<\/tr>\n<tr style=\"line-height: 1.4;\">\n<td style=\"width: 33%;\" width=\"36\" height=\"30\"><strong>N\u00famero do modelo<\/strong><\/td>\n<td style=\"width: 67%;\" width=\"72\">MR-DB3<\/td>\n<\/tr>\n<tr style=\"line-height: 1.4;\">\n<td style=\"width: 33%;\" width=\"36\" height=\"30\"><strong>Material da dobradi\u00e7a<\/strong><\/td>\n<td style=\"width: 67%;\" width=\"72\">A\u00e7o inoxid\u00e1vel ou a\u00e7o laminado a frio<\/td>\n<\/tr>\n<tr style=\"line-height: 1.4;\">\n<td style=\"width: 33%;\" width=\"36\" height=\"30\"><strong>Tipo de dobradi\u00e7a<\/strong><\/td>\n<td style=\"width: 67%;\" width=\"72\">Dobradi\u00e7as de fecho suave para arm\u00e1rios embutidos<\/td>\n<\/tr>\n<tr style=\"line-height: 1.4;\">\n<td style=\"width: 33%;\" width=\"36\" height=\"60\"><strong>Cen\u00e1rios aplic\u00e1veis<\/strong><\/td>\n<td style=\"width: 67%;\" width=\"72\">Roupeiro, arm\u00e1rio, estante, arm\u00e1rio de casa de banho e muito mais<\/td>\n<\/tr>\n<tr style=\"line-height: 1.4;\">\n<td style=\"width: 33%;\" width=\"36\" height=\"50\"><strong>Servi\u00e7o OEM e ODM<\/strong><\/td>\n<td style=\"width: 67%;\" width=\"72\">Suporte para personaliza\u00e7\u00e3o f\u00e1cil e personaliza\u00e7\u00e3o profunda<\/td>\n<\/tr>\n<\/tbody>\n<\/table>\n<p>&nbsp;<\/p>\n<p><script src=\"chrome-extension:\/\/fpelahbljekknahkcaegamhcndkfpfnc\/iFrame.js\" type=\"text\/javascript\"><\/script><\/p>\n<p>\n<script src=\"chrome-extension:\/\/fpelahbljekknahkcaegamhcndkfpfnc\/iFrame.js\" type=\"text\/javascript\"><\/script><\/p>","protected":false},"featured_media":1439,"comment_status":"closed","ping_status":"closed","template":"","meta":{"_acf_changed":false},"product_brand":[],"product_cat":[27],"product_tag":[],"class_list":{"0":"post-1438","1":"product","2":"type-product","3":"status-publish","4":"has-post-thumbnail","6":"product_cat-wholesale-inset-cabinet-hinges","8":"first","9":"instock","10":"shipping-taxable","11":"product-type-simple"},"acf":[],"_links":{"self":[{"href":"https:\/\/www.mrhardwares.com\/pt\/wp-json\/wp\/v2\/product\/1438","targetHints":{"allow":["GET"]}}],"collection":[{"href":"https:\/\/www.mrhardwares.com\/pt\/wp-json\/wp\/v2\/product"}],"about":[{"href":"https:\/\/www.mrhardwares.com\/pt\/wp-json\/wp\/v2\/types\/product"}],"replies":[{"embeddable":true,"href":"https:\/\/www.mrhardwares.com\/pt\/wp-json\/wp\/v2\/comments?post=1438"}],"wp:featuredmedia":[{"embeddable":true,"href":"https:\/\/www.mrhardwares.com\/pt\/wp-json\/wp\/v2\/media\/1439"}],"wp:attachment":[{"href":"https:\/\/www.mrhardwares.com\/pt\/wp-json\/wp\/v2\/media?parent=1438"}],"wp:term":[{"taxonomy":"product_brand","embeddable":true,"href":"https:\/\/www.mrhardwares.com\/pt\/wp-json\/wp\/v2\/product_brand?post=1438"},{"taxonomy":"product_cat","embeddable":true,"href":"https:\/\/www.mrhardwares.com\/pt\/wp-json\/wp\/v2\/product_cat?post=1438"},{"taxonomy":"product_tag","embeddable":true,"href":"https:\/\/www.mrhardwares.com\/pt\/wp-json\/wp\/v2\/product_tag?post=1438"}],"curies":[{"name":"wp","href":"https:\/\/api.w.org\/{rel}","templated":true}]}}