{"id":1440,"date":"2025-08-27T03:32:48","date_gmt":"2025-08-27T03:32:48","guid":{"rendered":"https:\/\/www.mrhardwares.com\/?post_type=product&#038;p=1440"},"modified":"2025-12-31T02:40:07","modified_gmt":"2025-12-31T02:40:07","slug":"wholesale-concealed-inset-cabinet-hinges","status":"publish","type":"product","link":"https:\/\/www.mrhardwares.com\/pt\/product\/wholesale-concealed-inset-cabinet-hinges\/","title":{"rendered":"Dobradi\u00e7as de arm\u00e1rio de embutir ocultas por atacado para projectos de fabrico de mobili\u00e1rio"},"content":{"rendered":"<h3 class=\"wp-block-heading\">Carater\u00edsticas das dobradi\u00e7as de encastrar ocultas para arm\u00e1rios<\/h3><ul class=\"wp-block-list\"><li><strong>Design elegante e invis\u00edvel:<\/strong> Quando a porta do arm\u00e1rio est\u00e1 fechada, estas dobradi\u00e7as de arm\u00e1rio embutidas ficam completamente ocultas, melhorando a qualidade est\u00e9tica da cozinha, do roupeiro e de outros m\u00f3veis ao eliminar as ferragens vis\u00edveis.<\/li>\n\n<li><strong>Alinhamento incorporado exato:<\/strong> Estas dobradi\u00e7as foram concebidas especificamente para portas de arm\u00e1rios embutidas, permitindo que as portas se encaixem perfeitamente na estrutura do arm\u00e1rio.<\/li>\n\n<li><strong>Ajust\u00e1vel: <\/strong>As nossas dobradi\u00e7as para arm\u00e1rios embutidos, concebidas por atacado, oferecem op\u00e7\u00f5es de ajuste tridimensional, incluindo altura, profundidade e alinhamento esquerda-direita.<\/li>\n\n<li><strong>Ampla compatibilidade: <\/strong>Estas dobradi\u00e7as foram concebidas para se adaptarem a v\u00e1rios tipos de arm\u00e1rios, adequados para arm\u00e1rios de cozinha, toucadores de casa de banho, roupeiros, mobili\u00e1rio de escrit\u00f3rio e projectos de mobili\u00e1rio personalizado.<\/li>\n\n<li><strong>B2B amig\u00e1vel e rent\u00e1vel: <\/strong>Estas dobradi\u00e7as s\u00e3o vendidas em quantidades por atacado, proporcionando uma solu\u00e7\u00e3o econ\u00f3mica para fabricantes de mobili\u00e1rio e grossistas.<\/li><\/ul>","protected":false},"excerpt":{"rendered":"<p><strong>Pre\u00e7o: US $0.15\/unidade<\/strong><\/p>\n<p>Compre dobradi\u00e7as de arm\u00e1rio embutidas ocultas. Estas dobradi\u00e7as possuem um mecanismo fi\u00e1vel de fecho suave e s\u00e3o completamente ocultas durante a instala\u00e7\u00e3o, proporcionando um aspeto elegante e perfeito. Compat\u00edveis com uma grande variedade de arm\u00e1rios de cozinha, roupeiros, mobili\u00e1rio de escrit\u00f3rio e arm\u00e1rios personalizados. Contacte-nos para obter um or\u00e7amento por grosso.<\/p>\n<h2>Especifica\u00e7\u00f5es de Dobradi\u00e7as de embutir ocultas para arm\u00e1rios<\/h2>\n<table border=\"0\" cellspacing=\"0\" cellpadding=\"0\">\n<tbody style=\"font-size: 12px; border: 1px solid #ccc; overflow: hidden;\">\n<tr style=\"line-height: 1.4;\">\n<td style=\"width: 33%;\" width=\"36\" height=\"30\"><strong>Especifica\u00e7\u00e3o<\/strong><\/td>\n<td style=\"width: 67%;\" width=\"72\"><strong>Detalhes<\/strong><\/td>\n<\/tr>\n<tr style=\"line-height: 1.4;\">\n<td style=\"width: 33%;\" width=\"36\" height=\"30\"><strong>N\u00famero do modelo<\/strong><\/td>\n<td style=\"width: 67%;\" width=\"72\">MR-DTZ3<\/td>\n<\/tr>\n<tr style=\"line-height: 1.4;\">\n<td style=\"width: 33%;\" width=\"36\" height=\"30\"><strong>Material da dobradi\u00e7a<\/strong><\/td>\n<td style=\"width: 67%;\" width=\"72\">A\u00e7o inoxid\u00e1vel ou a\u00e7o laminado a frio<\/td>\n<\/tr>\n<tr style=\"line-height: 1.4;\">\n<td style=\"width: 33%;\" width=\"36\" height=\"30\"><strong>Tipo de dobradi\u00e7a<\/strong><\/td>\n<td style=\"width: 67%;\" width=\"72\">Dobradi\u00e7a de arm\u00e1rio de embutir de fecho suave<\/td>\n<\/tr>\n<tr style=\"line-height: 1.4;\">\n<td style=\"width: 33%;\" width=\"36\" height=\"60\"><strong>Cen\u00e1rios aplic\u00e1veis<\/strong><\/td>\n<td style=\"width: 67%;\" width=\"72\">Roupeiro, arm\u00e1rio, estante, arm\u00e1rio de casa de banho e muito mais<\/td>\n<\/tr>\n<tr style=\"line-height: 1.4;\">\n<td style=\"width: 33%;\" width=\"36\" height=\"50\"><strong>Servi\u00e7o OEM e ODM<\/strong><\/td>\n<td style=\"width: 67%;\" width=\"72\">Suporte para personaliza\u00e7\u00e3o f\u00e1cil e personaliza\u00e7\u00e3o profunda<\/td>\n<\/tr>\n<\/tbody>\n<\/table>\n<p>&nbsp;<\/p>\n<p>\n<script src=\"chrome-extension:\/\/fpelahbljekknahkcaegamhcndkfpfnc\/iFrame.js\" type=\"text\/javascript\"><\/script><\/p>","protected":false},"featured_media":1432,"comment_status":"closed","ping_status":"closed","template":"","meta":{"_acf_changed":false},"product_brand":[],"product_cat":[27],"product_tag":[],"class_list":{"0":"post-1440","1":"product","2":"type-product","3":"status-publish","4":"has-post-thumbnail","6":"product_cat-wholesale-inset-cabinet-hinges","8":"first","9":"instock","10":"shipping-taxable","11":"product-type-simple"},"acf":[],"_links":{"self":[{"href":"https:\/\/www.mrhardwares.com\/pt\/wp-json\/wp\/v2\/product\/1440","targetHints":{"allow":["GET"]}}],"collection":[{"href":"https:\/\/www.mrhardwares.com\/pt\/wp-json\/wp\/v2\/product"}],"about":[{"href":"https:\/\/www.mrhardwares.com\/pt\/wp-json\/wp\/v2\/types\/product"}],"replies":[{"embeddable":true,"href":"https:\/\/www.mrhardwares.com\/pt\/wp-json\/wp\/v2\/comments?post=1440"}],"wp:featuredmedia":[{"embeddable":true,"href":"https:\/\/www.mrhardwares.com\/pt\/wp-json\/wp\/v2\/media\/1432"}],"wp:attachment":[{"href":"https:\/\/www.mrhardwares.com\/pt\/wp-json\/wp\/v2\/media?parent=1440"}],"wp:term":[{"taxonomy":"product_brand","embeddable":true,"href":"https:\/\/www.mrhardwares.com\/pt\/wp-json\/wp\/v2\/product_brand?post=1440"},{"taxonomy":"product_cat","embeddable":true,"href":"https:\/\/www.mrhardwares.com\/pt\/wp-json\/wp\/v2\/product_cat?post=1440"},{"taxonomy":"product_tag","embeddable":true,"href":"https:\/\/www.mrhardwares.com\/pt\/wp-json\/wp\/v2\/product_tag?post=1440"}],"curies":[{"name":"wp","href":"https:\/\/api.w.org\/{rel}","templated":true}]}}