{"id":1496,"date":"2025-09-08T07:46:15","date_gmt":"2025-09-08T07:46:15","guid":{"rendered":"https:\/\/www.mrhardwares.com\/?post_type=product&#038;p=1496"},"modified":"2025-09-08T08:08:57","modified_gmt":"2025-09-08T08:08:57","slug":"wholesale-furniture-fixed-hinges-suitable-for-cabinets-wardrobes-bathroom-cabinets","status":"publish","type":"product","link":"https:\/\/www.mrhardwares.com\/pt\/product\/wholesale-furniture-fixed-hinges-suitable-for-cabinets-wardrobes-bathroom-cabinets\/","title":{"rendered":"Dobradi\u00e7as fixas para mobili\u00e1rio por atacado - Adequadas para arm\u00e1rios, roupeiros, arm\u00e1rios de casa de banho"},"content":{"rendered":"<h3 class=\"wp-block-heading\">Carater\u00edsticas das dobradi\u00e7as fixas para m\u00f3veis<\/h3><ul class=\"wp-block-list\"><li><strong>Estabilidade e seguran\u00e7a: <\/strong>Ao contr\u00e1rio das dobradi\u00e7as de encaixe, as dobradi\u00e7as fixas proporcionam uma liga\u00e7\u00e3o segura e permanente. Isto assegura que as portas se mant\u00eam alinhadas e evita que descaia com o tempo.<\/li>\n\n<li><strong>Custo-efic\u00e1cia: <\/strong>As dobradi\u00e7as fixas oferecem normalmente um design mais simples e um pre\u00e7o mais competitivo, tornando-as mais econ\u00f3micas para a produ\u00e7\u00e3o de mobili\u00e1rio a granel ou para grandes projectos.<\/li>\n\n<li><strong>Ampla compatibilidade: <\/strong>As nossas dobradi\u00e7as fixas por atacado podem ser utilizadas numa variedade de tipos de mobili\u00e1rio, incluindo arm\u00e1rios, roupeiros, arcas, mobili\u00e1rio de escrit\u00f3rio e muito mais.<\/li>\n\n<li><strong>Funcionamento suave: <\/strong>As nossas dobradi\u00e7as fixas de alta qualidade oferecem uma rota\u00e7\u00e3o suave, garantindo que as portas abrem e fecham sem esfor\u00e7o e sem oscila\u00e7\u00f5es.<\/li>\n\n<li><strong>Elevada capacidade de produ\u00e7\u00e3o:<\/strong> Como um fabricante profissional de dobradi\u00e7as, a nossa f\u00e1brica est\u00e1 equipada com linhas de produ\u00e7\u00e3o automatizadas, permitindo-nos processar rapidamente grandes encomendas.<\/li><\/ul><h3 class=\"wp-block-heading\">Par\u00e2metros de aplica\u00e7\u00e3o e instala\u00e7\u00e3o da dobradi\u00e7a de \u042435mm<\/h3><p><strong>H = <\/strong>Altura da base da dobradi\u00e7a<br><strong>D = <\/strong>Sobreposi\u00e7\u00e3o necess\u00e1ria no painel lateral<br><strong>K = <\/strong>Dist\u00e2ncia entre o rebordo da porta e os orif\u00edcios de perfura\u00e7\u00e3o no copo da dobradi\u00e7a<br><strong>A = <\/strong>Folga entre a porta e o painel lateral<\/p><figure class=\"wp-block-image size-full\"><img decoding=\"async\" width=\"1600\" height=\"1200\" src=\"https:\/\/www.mrhardwares.com\/wp-content\/uploads\/2025\/09\/details-of-fixed-hinges.webp\" alt=\"pormenores de dobradi\u00e7as fixas\" class=\"wp-image-1497\" srcset=\"https:\/\/www.mrhardwares.com\/wp-content\/uploads\/2025\/09\/details-of-fixed-hinges.webp 1600w, https:\/\/www.mrhardwares.com\/wp-content\/uploads\/2025\/09\/details-of-fixed-hinges-300x225.webp 300w, https:\/\/www.mrhardwares.com\/wp-content\/uploads\/2025\/09\/details-of-fixed-hinges-768x576.webp 768w, https:\/\/www.mrhardwares.com\/wp-content\/uploads\/2025\/09\/details-of-fixed-hinges-16x12.webp 16w, https:\/\/www.mrhardwares.com\/wp-content\/uploads\/2025\/09\/details-of-fixed-hinges-1200x900.webp 1200w, https:\/\/www.mrhardwares.com\/wp-content\/uploads\/2025\/09\/details-of-fixed-hinges-600x450.webp 600w\" sizes=\"(max-width: 1600px) 100vw, 1600px\" \/><\/figure>","protected":false},"excerpt":{"rendered":"<p>Dobradi\u00e7as fixas por atacado, dur\u00e1veis e de funcionamento suave. Estas dobradi\u00e7as econ\u00f3micas e vers\u00e1teis s\u00e3o adequadas para arm\u00e1rios, roupeiros, arm\u00e1rios, mobili\u00e1rio de escrit\u00f3rio e muito mais. A nossa f\u00e1brica de grande volume, equipada com linhas de produ\u00e7\u00e3o automatizadas, permite-nos satisfazer rapidamente grandes encomendas. Contacte-nos para um or\u00e7amento.<\/p>\n<h2>Especifica\u00e7\u00f5es das dobradi\u00e7as fixas<\/h2>\n<table border=\"0\" cellspacing=\"0\" cellpadding=\"0\">\n<tbody style=\"font-size: 14px; border: 1px solid #ccc; overflow: hidden;\">\n<tr style=\"line-height: 1.4;\">\n<td style=\"width: 33%;\" width=\"36\" height=\"30\"><strong>Especifica\u00e7\u00e3o<\/strong><\/td>\n<td style=\"width: 67%;\" width=\"72\"><strong>Detalhes<\/strong><\/td>\n<\/tr>\n<tr style=\"line-height: 1.4;\">\n<td style=\"width: 33%;\" width=\"36\" height=\"30\"><strong>N\u00famero do modelo<\/strong><\/td>\n<td style=\"width: 67%;\" width=\"72\">816 - A\uff0c 816 - B\uff0c 816 - C<\/td>\n<\/tr>\n<tr style=\"line-height: 1.4;\">\n<td style=\"width: 33%;\" width=\"36\" height=\"30\"><strong>Material da dobradi\u00e7a<\/strong><\/td>\n<td style=\"width: 67%;\" width=\"72\">A\u00e7o inoxid\u00e1vel<\/td>\n<\/tr>\n<tr style=\"line-height: 1.4;\">\n<td style=\"width: 33%;\" width=\"36\" height=\"30\"><strong>Tipo de dobradi\u00e7a<\/strong><\/td>\n<td style=\"width: 67%;\" width=\"72\">Dobradi\u00e7a de amortecimento<\/td>\n<\/tr>\n<tr style=\"line-height: 1.4;\">\n<td style=\"width: 33%;\" width=\"36\" height=\"30\"><strong>\u00c2ngulo de abertura<\/strong><\/td>\n<td style=\"width: 67%;\" width=\"72\">105\u00b0<\/td>\n<\/tr>\n<tr style=\"line-height: 1.4;\">\n<td style=\"width: 33%;\" width=\"36\" height=\"40\"><strong>Di\u00e2metro do copo da dobradi\u00e7a<\/strong><\/td>\n<td style=\"width: 67%;\" width=\"72\">35mm<\/td>\n<\/tr>\n<tr style=\"line-height: 1.4;\">\n<td style=\"width: 33%;\" width=\"36\" height=\"40\"><strong>Profundidade do copo da dobradi\u00e7a<\/strong><\/td>\n<td style=\"width: 67%;\" width=\"72\">11,3 mm<\/td>\n<\/tr>\n<tr style=\"line-height: 1.4;\">\n<td style=\"width: 33%;\" width=\"36\" height=\"30\"><strong>Espessura da porta<\/strong><\/td>\n<td style=\"width: 67%;\" width=\"72\">13-23 mm<\/td>\n<\/tr>\n<tr style=\"line-height: 1.4;\">\n<td style=\"width: 33%;\" width=\"36\" height=\"60\"><strong>Cen\u00e1rios aplic\u00e1veis<\/strong><\/td>\n<td style=\"width: 67%;\" width=\"72\">Roupeiro, arm\u00e1rio, estante, arm\u00e1rio de casa de banho e muito mais<\/td>\n<\/tr>\n<tr style=\"line-height: 1.4;\">\n<td style=\"width: 33%;\" width=\"36\" height=\"50\"><strong>Servi\u00e7o OEM e ODM<\/strong><\/td>\n<td style=\"width: 67%;\" width=\"72\">Suporte para personaliza\u00e7\u00e3o f\u00e1cil e personaliza\u00e7\u00e3o profunda<\/td>\n<\/tr>\n<\/tbody>\n<\/table>\n<p>\n<script src=\"chrome-extension:\/\/fpelahbljekknahkcaegamhcndkfpfnc\/iFrame.js\" type=\"text\/javascript\"><\/script><\/p>","protected":false},"featured_media":1498,"comment_status":"closed","ping_status":"closed","template":"","meta":{"_acf_changed":false},"product_brand":[],"product_cat":[30],"product_tag":[],"class_list":{"0":"post-1496","1":"product","2":"type-product","3":"status-publish","4":"has-post-thumbnail","6":"product_cat-wholesale-fixed-hinges","8":"first","9":"instock","10":"shipping-taxable","11":"product-type-simple"},"acf":[],"_links":{"self":[{"href":"https:\/\/www.mrhardwares.com\/pt\/wp-json\/wp\/v2\/product\/1496","targetHints":{"allow":["GET"]}}],"collection":[{"href":"https:\/\/www.mrhardwares.com\/pt\/wp-json\/wp\/v2\/product"}],"about":[{"href":"https:\/\/www.mrhardwares.com\/pt\/wp-json\/wp\/v2\/types\/product"}],"replies":[{"embeddable":true,"href":"https:\/\/www.mrhardwares.com\/pt\/wp-json\/wp\/v2\/comments?post=1496"}],"wp:featuredmedia":[{"embeddable":true,"href":"https:\/\/www.mrhardwares.com\/pt\/wp-json\/wp\/v2\/media\/1498"}],"wp:attachment":[{"href":"https:\/\/www.mrhardwares.com\/pt\/wp-json\/wp\/v2\/media?parent=1496"}],"wp:term":[{"taxonomy":"product_brand","embeddable":true,"href":"https:\/\/www.mrhardwares.com\/pt\/wp-json\/wp\/v2\/product_brand?post=1496"},{"taxonomy":"product_cat","embeddable":true,"href":"https:\/\/www.mrhardwares.com\/pt\/wp-json\/wp\/v2\/product_cat?post=1496"},{"taxonomy":"product_tag","embeddable":true,"href":"https:\/\/www.mrhardwares.com\/pt\/wp-json\/wp\/v2\/product_tag?post=1496"}],"curies":[{"name":"wp","href":"https:\/\/api.w.org\/{rel}","templated":true}]}}