{"id":1499,"date":"2025-09-08T08:11:40","date_gmt":"2025-09-08T08:11:40","guid":{"rendered":"https:\/\/www.mrhardwares.com\/?post_type=product&#038;p=1499"},"modified":"2025-09-08T08:26:57","modified_gmt":"2025-09-08T08:26:57","slug":"wholesale-clip-on-hinges-for-furniture-manufacturer","status":"publish","type":"product","link":"https:\/\/www.mrhardwares.com\/pt\/product\/wholesale-clip-on-hinges-for-furniture-manufacturer\/","title":{"rendered":"Dobradi\u00e7as por atacado - Adequado para empresas de mobili\u00e1rio a utilizar em lotes"},"content":{"rendered":"<h3 class=\"wp-block-heading\">Carater\u00edsticas das dobradi\u00e7as de encaixe<\/h3><ul class=\"wp-block-list\"><li><strong>Instala\u00e7\u00e3o e remo\u00e7\u00e3o sem ferramentas:<\/strong> As dobradi\u00e7as de encaixe permitem a r\u00e1pida instala\u00e7\u00e3o e remo\u00e7\u00e3o das portas dos arm\u00e1rios sem necessidade de parafusos ou ferramentas, tornando a montagem e a manuten\u00e7\u00e3o mais r\u00e1pidas e c\u00f3modas.<\/li>\n\n<li><strong>Alinhamento ajust\u00e1vel: <\/strong>As dobradi\u00e7as de encaixe oferecem um ajuste multidirecional, assegurando um alinhamento preciso da porta e intervalos consistentes entre portas.<\/li>\n\n<li>F\u00e1cil remo\u00e7\u00e3o: As dobradi\u00e7as de encaixe permitem a f\u00e1cil remo\u00e7\u00e3o e reinstala\u00e7\u00e3o das portas, simplificando a manuten\u00e7\u00e3o ou remodela\u00e7\u00e3o do arm\u00e1rio.<\/li>\n\n<li><strong>Rent\u00e1vel:<\/strong> As dobradi\u00e7as de encaixe reduzem o tempo de trabalho durante a montagem do mobili\u00e1rio, tornando-as uma escolha econ\u00f3mica para os fabricantes.<\/li>\n\n<li><strong>Normas de qualidade e certifica\u00e7\u00f5es: <\/strong>Os nossos produtos de dobradi\u00e7a cumprem rigorosamente as normas e certifica\u00e7\u00f5es internacionais, incluindo testes ISO, CE e SGS, para satisfazer as exig\u00eancias do mercado global.<\/li><\/ul><h3 class=\"wp-block-heading\">Par\u00e2metros de aplica\u00e7\u00e3o e instala\u00e7\u00e3o da dobradi\u00e7a de \u042435mm<\/h3><p><strong>H = <\/strong>Altura da base da dobradi\u00e7a<br><strong>D = <\/strong>Sobreposi\u00e7\u00e3o necess\u00e1ria no painel lateral<br><strong>K = <\/strong>Dist\u00e2ncia entre o rebordo da porta e os orif\u00edcios de perfura\u00e7\u00e3o no copo da dobradi\u00e7a<br><strong>A = <\/strong>Folga entre a porta e o painel lateral<\/p><figure class=\"wp-block-image size-full\"><img decoding=\"async\" width=\"1600\" height=\"1200\" src=\"https:\/\/www.mrhardwares.com\/wp-content\/uploads\/2025\/09\/details-of-clip-on-hinges.webp\" alt=\"pormenores de dobradi\u00e7as de encaixe\" class=\"wp-image-1502\" srcset=\"https:\/\/www.mrhardwares.com\/wp-content\/uploads\/2025\/09\/details-of-clip-on-hinges.webp 1600w, https:\/\/www.mrhardwares.com\/wp-content\/uploads\/2025\/09\/details-of-clip-on-hinges-300x225.webp 300w, https:\/\/www.mrhardwares.com\/wp-content\/uploads\/2025\/09\/details-of-clip-on-hinges-768x576.webp 768w, https:\/\/www.mrhardwares.com\/wp-content\/uploads\/2025\/09\/details-of-clip-on-hinges-16x12.webp 16w, https:\/\/www.mrhardwares.com\/wp-content\/uploads\/2025\/09\/details-of-clip-on-hinges-1200x900.webp 1200w, https:\/\/www.mrhardwares.com\/wp-content\/uploads\/2025\/09\/details-of-clip-on-hinges-600x450.webp 600w\" sizes=\"(max-width: 1600px) 100vw, 1600px\" \/><\/figure>","protected":false},"excerpt":{"rendered":"<p>As nossas dobradi\u00e7as de encaixe oferecem a combina\u00e7\u00e3o perfeita de comodidade, precis\u00e3o e qualidade. A sua instala\u00e7\u00e3o e remo\u00e7\u00e3o sem ferramentas tornam a montagem e manuten\u00e7\u00e3o de arm\u00e1rios r\u00e1pida e f\u00e1cil, poupando tempo de trabalho e tornando-as ideais para a produ\u00e7\u00e3o de mobili\u00e1rio em grande escala. Contacte-nos para obter um or\u00e7amento.<\/p>\n<h2>Especifica\u00e7\u00f5es das dobradi\u00e7as de encaixe<\/h2>\n<table border=\"0\" cellspacing=\"0\" cellpadding=\"0\">\n<tbody style=\"font-size: 14px; border: 1px solid #ccc; overflow: hidden;\">\n<tr style=\"line-height: 1.4;\">\n<td style=\"width: 33%;\" width=\"36\" height=\"30\"><strong>Especifica\u00e7\u00e3o<\/strong><\/td>\n<td style=\"width: 67%;\" width=\"72\"><strong>Detalhes<\/strong><\/td>\n<\/tr>\n<tr style=\"line-height: 1.4;\">\n<td style=\"width: 33%;\" width=\"36\" height=\"30\"><strong>N\u00famero do modelo<\/strong><\/td>\n<td style=\"width: 67%;\" width=\"72\">818-A\uff0c 818-B\uff0c 818-C<\/td>\n<\/tr>\n<tr style=\"line-height: 1.4;\">\n<td style=\"width: 33%;\" width=\"36\" height=\"30\"><strong>Material da dobradi\u00e7a<\/strong><\/td>\n<td style=\"width: 67%;\" width=\"72\">A\u00e7o inoxid\u00e1vel<\/td>\n<\/tr>\n<tr style=\"line-height: 1.4;\">\n<td style=\"width: 33%;\" width=\"36\" height=\"30\"><strong>Tipo de dobradi\u00e7a<\/strong><\/td>\n<td style=\"width: 67%;\" width=\"72\">Dobradi\u00e7a de amortecimento<\/td>\n<\/tr>\n<tr style=\"line-height: 1.4;\">\n<td style=\"width: 33%;\" width=\"36\" height=\"30\"><strong>\u00c2ngulo de abertura<\/strong><\/td>\n<td style=\"width: 67%;\" width=\"72\">105\u00b0<\/td>\n<\/tr>\n<tr style=\"line-height: 1.4;\">\n<td style=\"width: 33%;\" width=\"36\" height=\"40\"><strong>Di\u00e2metro do copo da dobradi\u00e7a<\/strong><\/td>\n<td style=\"width: 67%;\" width=\"72\">35mm<\/td>\n<\/tr>\n<tr style=\"line-height: 1.4;\">\n<td style=\"width: 33%;\" width=\"36\" height=\"40\"><strong>Profundidade do copo da dobradi\u00e7a<\/strong><\/td>\n<td style=\"width: 67%;\" width=\"72\">11,3 mm<\/td>\n<\/tr>\n<tr style=\"line-height: 1.4;\">\n<td style=\"width: 33%;\" width=\"36\" height=\"30\"><strong>Espessura da porta<\/strong><\/td>\n<td style=\"width: 67%;\" width=\"72\">13-23 mm<\/td>\n<\/tr>\n<tr style=\"line-height: 1.4;\">\n<td style=\"width: 33%;\" width=\"36\" height=\"60\"><strong>Cen\u00e1rios aplic\u00e1veis<\/strong><\/td>\n<td style=\"width: 67%;\" width=\"72\">Roupeiro, arm\u00e1rio, estante, arm\u00e1rio de casa de banho e muito mais<\/td>\n<\/tr>\n<tr style=\"line-height: 1.4;\">\n<td style=\"width: 33%;\" width=\"36\" height=\"50\"><strong>Servi\u00e7o OEM e ODM<\/strong><\/td>\n<td style=\"width: 67%;\" width=\"72\">Suporte para personaliza\u00e7\u00e3o f\u00e1cil e personaliza\u00e7\u00e3o profunda<\/td>\n<\/tr>\n<\/tbody>\n<\/table>\n<p>\n<script src=\"chrome-extension:\/\/fpelahbljekknahkcaegamhcndkfpfnc\/iFrame.js\" type=\"text\/javascript\"><\/script><\/p>","protected":false},"featured_media":1501,"comment_status":"closed","ping_status":"closed","template":"","meta":{"_acf_changed":false},"product_brand":[],"product_cat":[29],"product_tag":[],"class_list":{"0":"post-1499","1":"product","2":"type-product","3":"status-publish","4":"has-post-thumbnail","6":"product_cat-wholesale-clip-on-hinges","8":"first","9":"instock","10":"shipping-taxable","11":"product-type-simple"},"acf":[],"_links":{"self":[{"href":"https:\/\/www.mrhardwares.com\/pt\/wp-json\/wp\/v2\/product\/1499","targetHints":{"allow":["GET"]}}],"collection":[{"href":"https:\/\/www.mrhardwares.com\/pt\/wp-json\/wp\/v2\/product"}],"about":[{"href":"https:\/\/www.mrhardwares.com\/pt\/wp-json\/wp\/v2\/types\/product"}],"replies":[{"embeddable":true,"href":"https:\/\/www.mrhardwares.com\/pt\/wp-json\/wp\/v2\/comments?post=1499"}],"wp:featuredmedia":[{"embeddable":true,"href":"https:\/\/www.mrhardwares.com\/pt\/wp-json\/wp\/v2\/media\/1501"}],"wp:attachment":[{"href":"https:\/\/www.mrhardwares.com\/pt\/wp-json\/wp\/v2\/media?parent=1499"}],"wp:term":[{"taxonomy":"product_brand","embeddable":true,"href":"https:\/\/www.mrhardwares.com\/pt\/wp-json\/wp\/v2\/product_brand?post=1499"},{"taxonomy":"product_cat","embeddable":true,"href":"https:\/\/www.mrhardwares.com\/pt\/wp-json\/wp\/v2\/product_cat?post=1499"},{"taxonomy":"product_tag","embeddable":true,"href":"https:\/\/www.mrhardwares.com\/pt\/wp-json\/wp\/v2\/product_tag?post=1499"}],"curies":[{"name":"wp","href":"https:\/\/api.w.org\/{rel}","templated":true}]}}