{"id":1676,"date":"2025-11-24T02:01:45","date_gmt":"2025-11-24T02:01:45","guid":{"rendered":"https:\/\/www.mrhardwares.com\/?post_type=product&#038;p=1676"},"modified":"2025-12-31T02:51:58","modified_gmt":"2025-12-31T02:51:58","slug":"wholesale-half-overlay-cabinet-hinges","status":"publish","type":"product","link":"https:\/\/www.mrhardwares.com\/pt\/product\/wholesale-half-overlay-cabinet-hinges\/","title":{"rendered":"Dobradi\u00e7as para arm\u00e1rios por atacado - MR-F4A2, adequadas para roupeiros, arm\u00e1rios de casa de banho e arm\u00e1rios de cozinha"},"content":{"rendered":"<h3 class=\"wp-block-heading\">Carater\u00edsticas das Dobradi\u00e7as de Arm\u00e1rio de Meia Sobreposi\u00e7\u00e3o<\/h3><p><strong>Compatibilidade de instala\u00e7\u00e3o flex\u00edvel: <\/strong>Concebida especificamente para aplica\u00e7\u00f5es de meia sobreposi\u00e7\u00e3o, esta dobradi\u00e7a oferece toler\u00e2ncias de instala\u00e7\u00e3o generosas e uma excelente compatibilidade com diferentes tipos de pain\u00e9is<\/p><p><strong>Movimento da porta que poupa espa\u00e7o:<\/strong> Uma vez que a porta cobre apenas metade do painel lateral do arm\u00e1rio, necessita de menos espa\u00e7o interior durante a abertura. Isto evita a colis\u00e3o com paredes ou m\u00f3veis adjacentes.<\/p><p><strong>Amplamente utilizado: <\/strong>Amplamente utilizado em roupeiros de quarto, arm\u00e1rios de casa de banho, arm\u00e1rios de cozinha, arm\u00e1rios de escrit\u00f3rio, mobili\u00e1rio de hotel e outras aplica\u00e7\u00f5es.<\/p><p><strong>Venda direta da f\u00e1brica: <\/strong>Somos uma <strong><a href=\"https:\/\/www.mrhardwares.com\/pt\/\" target=\"_blank\" rel=\"noreferrer noopener\">f\u00e1brica profissional de dobradi\u00e7as para m\u00f3veis<\/a><\/strong>A nossa empresa \u00e9 uma empresa de vendas diretas na f\u00e1brica, que oferece pre\u00e7os de venda diretos na f\u00e1brica, apoia servi\u00e7os personalizados OEM&amp;ODM e oferece solu\u00e7\u00f5es exclusivas.<\/p>","protected":false},"excerpt":{"rendered":"<p><!-- wp:heading {\"level\":3} --><\/p>\n<p><strong>Pre\u00e7o: US $0.12\/pc<\/strong><\/p>\n<p>Dobradi\u00e7as de arm\u00e1rio de meia sobreposi\u00e7\u00e3o por atacado com uma fun\u00e7\u00e3o de posicionamento ajust\u00e1vel. Possui toler\u00e2ncia de instala\u00e7\u00e3o flex\u00edvel, forte capacidade de carga e desempenho ajust\u00e1vel suave. Com pre\u00e7os de f\u00e1brica e fornecimento a granel, \u00e9 a escolha ideal para fabricantes de m\u00f3veis, atacadistas e grandes projetos. Bem-vindo a contactar-nos.<\/p>\n<h2>Especifica\u00e7\u00f5es de Dobradi\u00e7as de Arm\u00e1rio de Meia Sobreposi\u00e7\u00e3o<\/h2>\n<table border=\"0\" cellspacing=\"0\" cellpadding=\"0\">\n<tbody style=\"font-size: 12px; border: 1px solid #ccc; overflow: hidden;\">\n<tr style=\"line-height: 1.4;\">\n<td style=\"width: 33%;\" width=\"36\" height=\"30\"><strong>Especifica\u00e7\u00e3o<\/strong><\/td>\n<td style=\"width: 67%;\" width=\"72\"><strong>Detalhes<\/strong><\/td>\n<\/tr>\n<tr style=\"line-height: 1.4;\">\n<td style=\"width: 33%;\" width=\"36\" height=\"30\"><strong>N\u00famero do modelo<\/strong><\/td>\n<td style=\"width: 67%;\" width=\"72\">MR-F4A2<\/td>\n<\/tr>\n<tr style=\"line-height: 1.4;\">\n<td style=\"width: 33%;\" width=\"36\" height=\"30\"><strong>Material da dobradi\u00e7a<\/strong><\/td>\n<td style=\"width: 67%;\" width=\"72\">A\u00e7o inoxid\u00e1vel ou a\u00e7o laminado a frio<\/td>\n<\/tr>\n<tr style=\"line-height: 1.4;\">\n<td style=\"width: 33%;\" width=\"36\" height=\"30\"><strong>Tipo de dobradi\u00e7a<\/strong><\/td>\n<td style=\"width: 67%;\" width=\"72\">Dobradi\u00e7a de meia sobreposi\u00e7\u00e3o<\/td>\n<\/tr>\n<tr style=\"line-height: 1.4;\">\n<td style=\"width: 33%;\" width=\"36\" height=\"60\"><strong>Cen\u00e1rios aplic\u00e1veis<\/strong><\/td>\n<td style=\"width: 67%;\" width=\"72\">Roupeiro, arm\u00e1rio, estante, arm\u00e1rio de casa de banho e muito mais<\/td>\n<\/tr>\n<tr style=\"line-height: 1.4;\">\n<td style=\"width: 33%;\" width=\"36\" height=\"50\"><strong>Servi\u00e7o OEM e ODM<\/strong><\/td>\n<td style=\"width: 67%;\" width=\"72\">Suporte para personaliza\u00e7\u00e3o f\u00e1cil e personaliza\u00e7\u00e3o profunda<\/td>\n<\/tr>\n<\/tbody>\n<\/table>\n<p>&nbsp;<\/p>\n<p><script src=\"chrome-extension:\/\/fpelahbljekknahkcaegamhcndkfpfnc\/iFrame.js\" type=\"text\/javascript\"><\/script><\/p>\n<p><script src=\"chrome-extension:\/\/fpelahbljekknahkcaegamhcndkfpfnc\/iFrame.js\" type=\"text\/javascript\"><\/script><\/p>\n<p>\n<script src=\"chrome-extension:\/\/fpelahbljekknahkcaegamhcndkfpfnc\/iFrame.js\" type=\"text\/javascript\"><\/script><\/p>","protected":false},"featured_media":1677,"comment_status":"closed","ping_status":"closed","template":"","meta":{"_acf_changed":false},"product_brand":[],"product_cat":[28],"product_tag":[],"class_list":{"0":"post-1676","1":"product","2":"type-product","3":"status-publish","4":"has-post-thumbnail","6":"product_cat-wholesale-half-overlay-cabinet-hinges","8":"first","9":"instock","10":"shipping-taxable","11":"product-type-simple"},"acf":[],"_links":{"self":[{"href":"https:\/\/www.mrhardwares.com\/pt\/wp-json\/wp\/v2\/product\/1676","targetHints":{"allow":["GET"]}}],"collection":[{"href":"https:\/\/www.mrhardwares.com\/pt\/wp-json\/wp\/v2\/product"}],"about":[{"href":"https:\/\/www.mrhardwares.com\/pt\/wp-json\/wp\/v2\/types\/product"}],"replies":[{"embeddable":true,"href":"https:\/\/www.mrhardwares.com\/pt\/wp-json\/wp\/v2\/comments?post=1676"}],"wp:featuredmedia":[{"embeddable":true,"href":"https:\/\/www.mrhardwares.com\/pt\/wp-json\/wp\/v2\/media\/1677"}],"wp:attachment":[{"href":"https:\/\/www.mrhardwares.com\/pt\/wp-json\/wp\/v2\/media?parent=1676"}],"wp:term":[{"taxonomy":"product_brand","embeddable":true,"href":"https:\/\/www.mrhardwares.com\/pt\/wp-json\/wp\/v2\/product_brand?post=1676"},{"taxonomy":"product_cat","embeddable":true,"href":"https:\/\/www.mrhardwares.com\/pt\/wp-json\/wp\/v2\/product_cat?post=1676"},{"taxonomy":"product_tag","embeddable":true,"href":"https:\/\/www.mrhardwares.com\/pt\/wp-json\/wp\/v2\/product_tag?post=1676"}],"curies":[{"name":"wp","href":"https:\/\/api.w.org\/{rel}","templated":true}]}}