{"id":1682,"date":"2025-11-24T01:47:01","date_gmt":"2025-11-24T01:47:01","guid":{"rendered":"https:\/\/www.mrhardwares.com\/?post_type=product&#038;p=1682"},"modified":"2025-11-24T01:47:02","modified_gmt":"2025-11-24T01:47:02","slug":"wholesale-stainless-steel-fixed-furniture-hinges","status":"publish","type":"product","link":"https:\/\/www.mrhardwares.com\/pt\/product\/wholesale-stainless-steel-fixed-furniture-hinges\/","title":{"rendered":"Dobradi\u00e7as fixas para m\u00f3veis em a\u00e7o inoxid\u00e1vel, design de fecho suave (876A-C)"},"content":{"rendered":"<h3 class=\"wp-block-heading\">Carater\u00edsticas das dobradi\u00e7as fixas para m\u00f3veis<\/h3><p><strong>Material resistente \u00e0 corros\u00e3o e de longa dura\u00e7\u00e3o:<\/strong> Fabricada em a\u00e7o inoxid\u00e1vel 304 de primeira qualidade, a dobradi\u00e7a para m\u00f3veis fix oferece uma resist\u00eancia excecional \u00e0 corros\u00e3o, \u00e0 oxida\u00e7\u00e3o e \u00e0 humidade. Funciona de forma fi\u00e1vel em espa\u00e7os exigentes, como cozinhas e casas de banho, sem enferrujar, deformar ou perder for\u00e7a ao longo do tempo.<\/p><p><strong>Instala\u00e7\u00e3o precisa:<\/strong> Com orif\u00edcios de montagem posicionados com exatid\u00e3o, a nossa dobradi\u00e7a fixa para m\u00f3veis adapta-se perfeitamente a v\u00e1rios materiais de pain\u00e9is, tais como aglomerado, MDF e madeira maci\u00e7a. A estrutura fixa assegura uma liga\u00e7\u00e3o firme ao corpo do m\u00f3vel, reduzindo a oscila\u00e7\u00e3o e o ru\u00eddo.<\/p><p><strong>Pre\u00e7o de f\u00e1brica: <\/strong>Oferecemos pre\u00e7os competitivos, adequados para compras a granel e necessidades personalizadas, para satisfazer as necessidades de v\u00e1rios fabricantes de mobili\u00e1rio e grossistas.<\/p><p><strong>Fortes capacidades de personaliza\u00e7\u00e3o:<\/strong> Como um fabricante de dobradi\u00e7as para m\u00f3veis, al\u00e9m de dobradi\u00e7as de hardware de m\u00f3veis padr\u00e3o, as nossas dobradi\u00e7as para m\u00f3veis fixos tamb\u00e9m podem ser personalizadas em tamanho, fun\u00e7\u00e3o e apar\u00eancia de acordo com as necessidades do cliente para atender \u00e0s necessidades de diferentes marcas de m\u00f3veis e mercados.<\/p><h3 class=\"wp-block-heading\">Par\u00e2metros de aplica\u00e7\u00e3o e instala\u00e7\u00e3o da dobradi\u00e7a de \u042435mm<\/h3><p><strong>H = <\/strong>Altura da base da dobradi\u00e7a<br><strong>D = <\/strong>Sobreposi\u00e7\u00e3o necess\u00e1ria no painel lateral<br><strong>K = <\/strong>Dist\u00e2ncia entre o rebordo da porta e os orif\u00edcios de perfura\u00e7\u00e3o no copo da dobradi\u00e7a<br><strong>A = <\/strong>Folga entre a porta e o painel lateral<\/p><figure class=\"wp-block-image size-full\"><img decoding=\"async\" width=\"1600\" height=\"1200\" src=\"https:\/\/www.mrhardwares.com\/wp-content\/uploads\/2024\/12\/The-Detail-of-Furniture-Hardware-Hinges.webp\" alt=\"O pormenor das dobradi\u00e7as para ferragens de m\u00f3veis\" class=\"wp-image-445\" srcset=\"https:\/\/www.mrhardwares.com\/wp-content\/uploads\/2024\/12\/The-Detail-of-Furniture-Hardware-Hinges.webp 1600w, https:\/\/www.mrhardwares.com\/wp-content\/uploads\/2024\/12\/The-Detail-of-Furniture-Hardware-Hinges-300x225.webp 300w, https:\/\/www.mrhardwares.com\/wp-content\/uploads\/2024\/12\/The-Detail-of-Furniture-Hardware-Hinges-768x576.webp 768w, https:\/\/www.mrhardwares.com\/wp-content\/uploads\/2024\/12\/The-Detail-of-Furniture-Hardware-Hinges-1200x900.webp 1200w, https:\/\/www.mrhardwares.com\/wp-content\/uploads\/2024\/12\/The-Detail-of-Furniture-Hardware-Hinges-600x450.webp 600w\" sizes=\"(max-width: 1600px) 100vw, 1600px\" \/><\/figure>","protected":false},"excerpt":{"rendered":"<p>Dobradi\u00e7as fixas para m\u00f3veis por atacado, adequadas para v\u00e1rias aplica\u00e7\u00f5es de m\u00f3veis, como arm\u00e1rios de cozinha, roupeiros, arm\u00e1rios de casa de banho, etc. A nossa dobradi\u00e7a fixa para m\u00f3veis \u00e9 constru\u00edda para durabilidade a longo prazo, forte desempenho de suporte de carga e opera\u00e7\u00e3o di\u00e1ria suave. Com uma fun\u00e7\u00e3o de fecho suave, \u00e9 adequada para a seguran\u00e7a da fam\u00edlia. <strong>Suporte \u00e0 personaliza\u00e7\u00e3o OEM e ODM.<br \/><\/strong><br \/>Como <a href=\"https:\/\/www.mrhardwares.com\/pt\/\" target=\"_blank\" rel=\"noopener\"><strong>fabricante profissional de dobradi\u00e7as na China<\/strong><\/a>oferecemos pre\u00e7os competitivos. Contacte-nos agora!<\/p>\n<h2>Especifica\u00e7\u00f5es das dobradi\u00e7as fixas para m\u00f3veis<\/h2>\n<table border=\"0\" cellspacing=\"0\" cellpadding=\"0\">\n<tbody style=\"font-size: 14px; border: 1px solid #ccc; overflow: hidden;\">\n<tr style=\"line-height: 1.4;\">\n<td style=\"width: 33%;\" width=\"36\" height=\"30\"><strong>Especifica\u00e7\u00e3o<\/strong><\/td>\n<td style=\"width: 67%;\" width=\"72\"><strong>Detalhes<\/strong><\/td>\n<\/tr>\n<tr style=\"line-height: 1.4;\">\n<td style=\"width: 33%;\" width=\"36\" height=\"30\"><strong>N\u00famero do modelo<\/strong><\/td>\n<td style=\"width: 67%;\" width=\"72\">876 - A\uff0c 876 - B\uff0c 876 - C<\/td>\n<\/tr>\n<tr style=\"line-height: 1.4;\">\n<td style=\"width: 33%;\" width=\"36\" height=\"30\"><strong>Material da dobradi\u00e7a<\/strong><\/td>\n<td style=\"width: 67%;\" width=\"72\">A\u00e7o inoxid\u00e1vel<\/td>\n<\/tr>\n<tr style=\"line-height: 1.4;\">\n<td style=\"width: 33%;\" width=\"36\" height=\"30\"><strong>Tipo de dobradi\u00e7a<\/strong><\/td>\n<td style=\"width: 67%;\" width=\"72\">Dobradi\u00e7a de amortecimento, Dobradi\u00e7a fixa<\/td>\n<\/tr>\n<tr style=\"line-height: 1.4;\">\n<td style=\"width: 33%;\" width=\"36\" height=\"30\"><strong>\u00c2ngulo de abertura<\/strong><\/td>\n<td style=\"width: 67%;\" width=\"72\">105\u00b0<\/td>\n<\/tr>\n<tr style=\"line-height: 1.4;\">\n<td style=\"width: 33%;\" width=\"36\" height=\"40\"><strong>Di\u00e2metro do copo da dobradi\u00e7a<\/strong><\/td>\n<td style=\"width: 67%;\" width=\"72\">35mm<\/td>\n<\/tr>\n<tr style=\"line-height: 1.4;\">\n<td style=\"width: 33%;\" width=\"36\" height=\"40\"><strong>Profundidade do copo da dobradi\u00e7a<\/strong><\/td>\n<td style=\"width: 67%;\" width=\"72\">11,3 mm<\/td>\n<\/tr>\n<tr style=\"line-height: 1.4;\">\n<td style=\"width: 33%;\" width=\"36\" height=\"30\"><strong>Espessura da porta<\/strong><\/td>\n<td style=\"width: 67%;\" width=\"72\">13-23 mm<\/td>\n<\/tr>\n<tr style=\"line-height: 1.4;\">\n<td style=\"width: 33%;\" width=\"36\" height=\"60\"><strong>Cen\u00e1rios aplic\u00e1veis<\/strong><\/td>\n<td style=\"width: 67%;\" width=\"72\">Roupeiro, arm\u00e1rio, estante, arm\u00e1rio de casa de banho e muito mais<\/td>\n<\/tr>\n<tr style=\"line-height: 1.4;\">\n<td style=\"width: 33%;\" width=\"36\" height=\"50\"><strong>Servi\u00e7o OEM e ODM<\/strong><\/td>\n<td style=\"width: 67%;\" width=\"72\">Suporte para personaliza\u00e7\u00e3o f\u00e1cil e personaliza\u00e7\u00e3o profunda<\/td>\n<\/tr>\n<\/tbody>\n<\/table>\n<p>\n<script src=\"chrome-extension:\/\/fpelahbljekknahkcaegamhcndkfpfnc\/iFrame.js\" type=\"text\/javascript\"><\/script><\/p>","protected":false},"featured_media":1683,"comment_status":"closed","ping_status":"closed","template":"","meta":{"_acf_changed":false},"product_brand":[],"product_cat":[16,30],"product_tag":[],"class_list":{"0":"post-1682","1":"product","2":"type-product","3":"status-publish","4":"has-post-thumbnail","6":"product_cat-wholesale-soft-closing-hinges","7":"product_cat-wholesale-fixed-hinges","9":"first","10":"instock","11":"shipping-taxable","12":"product-type-simple"},"acf":[],"_links":{"self":[{"href":"https:\/\/www.mrhardwares.com\/pt\/wp-json\/wp\/v2\/product\/1682","targetHints":{"allow":["GET"]}}],"collection":[{"href":"https:\/\/www.mrhardwares.com\/pt\/wp-json\/wp\/v2\/product"}],"about":[{"href":"https:\/\/www.mrhardwares.com\/pt\/wp-json\/wp\/v2\/types\/product"}],"replies":[{"embeddable":true,"href":"https:\/\/www.mrhardwares.com\/pt\/wp-json\/wp\/v2\/comments?post=1682"}],"wp:featuredmedia":[{"embeddable":true,"href":"https:\/\/www.mrhardwares.com\/pt\/wp-json\/wp\/v2\/media\/1683"}],"wp:attachment":[{"href":"https:\/\/www.mrhardwares.com\/pt\/wp-json\/wp\/v2\/media?parent=1682"}],"wp:term":[{"taxonomy":"product_brand","embeddable":true,"href":"https:\/\/www.mrhardwares.com\/pt\/wp-json\/wp\/v2\/product_brand?post=1682"},{"taxonomy":"product_cat","embeddable":true,"href":"https:\/\/www.mrhardwares.com\/pt\/wp-json\/wp\/v2\/product_cat?post=1682"},{"taxonomy":"product_tag","embeddable":true,"href":"https:\/\/www.mrhardwares.com\/pt\/wp-json\/wp\/v2\/product_tag?post=1682"}],"curies":[{"name":"wp","href":"https:\/\/api.w.org\/{rel}","templated":true}]}}