{"id":1684,"date":"2025-11-24T01:40:18","date_gmt":"2025-11-24T01:40:18","guid":{"rendered":"https:\/\/www.mrhardwares.com\/?post_type=product&#038;p=1684"},"modified":"2025-11-24T01:40:19","modified_gmt":"2025-11-24T01:40:19","slug":"ulk-clip-on-cabinet-hinges-wholesale","status":"publish","type":"product","link":"https:\/\/www.mrhardwares.com\/pt\/product\/ulk-clip-on-cabinet-hinges-wholesale\/","title":{"rendered":"Venda direta da f\u00e1brica de dobradi\u00e7as de arm\u00e1rio por atacado, dobradi\u00e7as destac\u00e1veis (878A-C)"},"content":{"rendered":"<h3 class=\"wp-block-heading\">Carater\u00edsticas das dobradi\u00e7as de arm\u00e1rio de encaixe<\/h3><p><strong>Instala\u00e7\u00e3o r\u00e1pida e sem danos: <\/strong>Esta dobradi\u00e7a de arm\u00e1rio de encaixe fixa-se diretamente entre a estrutura do arm\u00e1rio e o painel da porta sem alterar a estrutura original da placa. Permite que mesmo os principiantes ou os utilizadores de bricolage concluam a instala\u00e7\u00e3o com rapidez e confian\u00e7a.<\/p><p><strong>Ajust\u00e1vel para um alinhamento perfeito: <\/strong>A dobradi\u00e7a de arm\u00e1rio de encaixe suporta micro-ajustes. Este design permite aos utilizadores corrigir facilmente os desvios de instala\u00e7\u00e3o e garantir que a porta do arm\u00e1rio fecha suavemente e fica perfeitamente alinhada.<\/p><p><strong>F\u00e1cil manuten\u00e7\u00e3o e futuras actualiza\u00e7\u00f5es:<\/strong> A estrutura desta dobradi\u00e7a de arm\u00e1rio de encaixe permite uma r\u00e1pida remo\u00e7\u00e3o ou substitui\u00e7\u00e3o sem danificar os pain\u00e9is do arm\u00e1rio. Isto facilita significativamente a manuten\u00e7\u00e3o de rotina, as actualiza\u00e7\u00f5es de dobradi\u00e7as ou as substitui\u00e7\u00f5es de portas de arm\u00e1rios.<\/p><p><strong>Vantagens da compra a granel: <\/strong>Sendo um produto direto da f\u00e1brica, oferecemos pre\u00e7os competitivos, adequados para compras a granel e grossistas, ajudando a reduzir os custos de aquisi\u00e7\u00e3o.<\/p><p><strong>Servi\u00e7o personalizado: <\/strong>Fornecemos servi\u00e7os de dobradi\u00e7as personalizadas OEM e ODM, abrangendo o design do produto, a produ\u00e7\u00e3o de amostras, a satisfa\u00e7\u00e3o das necessidades de design personalizado e solu\u00e7\u00f5es feitas \u00e0 medida para os seus projectos de mobili\u00e1rio.<\/p><h3 class=\"wp-block-heading\">Par\u00e2metros de aplica\u00e7\u00e3o e instala\u00e7\u00e3o da dobradi\u00e7a de \u042435mm<\/h3><p><strong>H = <\/strong>Altura da base da dobradi\u00e7a<br><strong>D = <\/strong>Sobreposi\u00e7\u00e3o necess\u00e1ria no painel lateral<br><strong>K = <\/strong>Dist\u00e2ncia entre o rebordo da porta e os orif\u00edcios de perfura\u00e7\u00e3o no copo da dobradi\u00e7a<br><strong>A = <\/strong>Folga entre a porta e o painel lateral<\/p><figure class=\"wp-block-image size-full\"><img decoding=\"async\" width=\"1600\" height=\"1200\" src=\"https:\/\/www.mrhardwares.com\/wp-content\/uploads\/2024\/12\/Details-of-Cabinet-Soft-Close-Hinges-1.webp\" alt=\"Detalhes de Dobradi\u00e7as de fecho suave para arm\u00e1rios\" class=\"wp-image-450\" srcset=\"https:\/\/www.mrhardwares.com\/wp-content\/uploads\/2024\/12\/Details-of-Cabinet-Soft-Close-Hinges-1.webp 1600w, https:\/\/www.mrhardwares.com\/wp-content\/uploads\/2024\/12\/Details-of-Cabinet-Soft-Close-Hinges-1-300x225.webp 300w, https:\/\/www.mrhardwares.com\/wp-content\/uploads\/2024\/12\/Details-of-Cabinet-Soft-Close-Hinges-1-768x576.webp 768w, https:\/\/www.mrhardwares.com\/wp-content\/uploads\/2024\/12\/Details-of-Cabinet-Soft-Close-Hinges-1-1200x900.webp 1200w, https:\/\/www.mrhardwares.com\/wp-content\/uploads\/2024\/12\/Details-of-Cabinet-Soft-Close-Hinges-1-600x450.webp 600w\" sizes=\"(max-width: 1600px) 100vw, 1600px\" \/><\/figure>","protected":false},"excerpt":{"rendered":"<p>As dobradi\u00e7as de arm\u00e1rio de encaixe por atacado, compat\u00edveis com uma variedade de materiais, incluindo madeira, placa sint\u00e9tica, s\u00e3o adequadas para todos os tipos de portas de arm\u00e1rio. A estrutura de encaixe \u00e9 utilizada para prolongar melhor a vida \u00fatil dos m\u00f3veis.<a href=\"https:\/\/www.mrhardwares.com\/pt\/\" target=\"_blank\" rel=\"noopener\"><strong> F\u00e1brica de dobradi\u00e7as Mingrun<\/strong><\/a> apoia compras de grandes volumes e fornece servi\u00e7os de personaliza\u00e7\u00e3o num s\u00f3 local. Bem-vindo a contactar-nos.<\/p>\n<h2>Especifica\u00e7\u00f5es das dobradi\u00e7as de arm\u00e1rio de encaixe<\/h2>\n<table border=\"0\" cellspacing=\"0\" cellpadding=\"0\">\n<tbody style=\"font-size: 14px; border: 1px solid #ccc; overflow: hidden;\">\n<tr style=\"line-height: 1.4;\">\n<td style=\"width: 33%;\" width=\"36\" height=\"30\"><strong>Especifica\u00e7\u00e3o<\/strong><\/td>\n<td style=\"width: 67%;\" width=\"72\"><strong>Detalhes<\/strong><\/td>\n<\/tr>\n<tr style=\"line-height: 1.4;\">\n<td style=\"width: 33%;\" width=\"36\" height=\"30\"><strong>N\u00famero do modelo<\/strong><\/td>\n<td style=\"width: 67%;\" width=\"72\">878 - A\uff0c 878 - B\uff0c 878 - C<\/td>\n<\/tr>\n<tr style=\"line-height: 1.4;\">\n<td style=\"width: 33%;\" width=\"36\" height=\"30\"><strong>Material da dobradi\u00e7a<\/strong><\/td>\n<td style=\"width: 67%;\" width=\"72\">A\u00e7o inoxid\u00e1vel<\/td>\n<\/tr>\n<tr style=\"line-height: 1.4;\">\n<td style=\"width: 33%;\" width=\"36\" height=\"30\"><strong>Tipo de dobradi\u00e7a<\/strong><\/td>\n<td style=\"width: 67%;\" width=\"72\">Dobradi\u00e7a de amortecimento, Dobradi\u00e7a de encaixe<\/td>\n<\/tr>\n<tr style=\"line-height: 1.4;\">\n<td style=\"width: 33%;\" width=\"36\" height=\"30\"><strong>\u00c2ngulo de abertura<\/strong><\/td>\n<td style=\"width: 67%;\" width=\"72\">105\u00b0<\/td>\n<\/tr>\n<tr style=\"line-height: 1.4;\">\n<td style=\"width: 33%;\" width=\"36\" height=\"40\"><strong>Di\u00e2metro do copo da dobradi\u00e7a<\/strong><\/td>\n<td style=\"width: 67%;\" width=\"72\">35mm<\/td>\n<\/tr>\n<tr style=\"line-height: 1.4;\">\n<td style=\"width: 33%;\" width=\"36\" height=\"40\"><strong>Profundidade do copo da dobradi\u00e7a<\/strong><\/td>\n<td style=\"width: 67%;\" width=\"72\">11,3 mm<\/td>\n<\/tr>\n<tr style=\"line-height: 1.4;\">\n<td style=\"width: 33%;\" width=\"36\" height=\"30\"><strong>Espessura da porta<\/strong><\/td>\n<td style=\"width: 67%;\" width=\"72\">13-23 mm<\/td>\n<\/tr>\n<tr style=\"line-height: 1.4;\">\n<td style=\"width: 33%;\" width=\"36\" height=\"60\"><strong>Cen\u00e1rios aplic\u00e1veis<\/strong><\/td>\n<td style=\"width: 67%;\" width=\"72\">Roupeiro, arm\u00e1rio, estante, arm\u00e1rio de casa de banho e muito mais<\/td>\n<\/tr>\n<tr style=\"line-height: 1.4;\">\n<td style=\"width: 33%;\" width=\"36\" height=\"50\"><strong>Servi\u00e7o OEM e ODM<\/strong><\/td>\n<td style=\"width: 67%;\" width=\"72\">Suporte para personaliza\u00e7\u00e3o f\u00e1cil e personaliza\u00e7\u00e3o profunda<\/td>\n<\/tr>\n<\/tbody>\n<\/table>\n<p>\n<script src=\"chrome-extension:\/\/fpelahbljekknahkcaegamhcndkfpfnc\/iFrame.js\" type=\"text\/javascript\"><\/script><\/p>","protected":false},"featured_media":1685,"comment_status":"closed","ping_status":"closed","template":"","meta":{"_acf_changed":false},"product_brand":[],"product_cat":[16,29],"product_tag":[],"class_list":{"0":"post-1684","1":"product","2":"type-product","3":"status-publish","4":"has-post-thumbnail","6":"product_cat-wholesale-soft-closing-hinges","7":"product_cat-wholesale-clip-on-hinges","9":"first","10":"instock","11":"shipping-taxable","12":"product-type-simple"},"acf":[],"_links":{"self":[{"href":"https:\/\/www.mrhardwares.com\/pt\/wp-json\/wp\/v2\/product\/1684","targetHints":{"allow":["GET"]}}],"collection":[{"href":"https:\/\/www.mrhardwares.com\/pt\/wp-json\/wp\/v2\/product"}],"about":[{"href":"https:\/\/www.mrhardwares.com\/pt\/wp-json\/wp\/v2\/types\/product"}],"replies":[{"embeddable":true,"href":"https:\/\/www.mrhardwares.com\/pt\/wp-json\/wp\/v2\/comments?post=1684"}],"wp:featuredmedia":[{"embeddable":true,"href":"https:\/\/www.mrhardwares.com\/pt\/wp-json\/wp\/v2\/media\/1685"}],"wp:attachment":[{"href":"https:\/\/www.mrhardwares.com\/pt\/wp-json\/wp\/v2\/media?parent=1684"}],"wp:term":[{"taxonomy":"product_brand","embeddable":true,"href":"https:\/\/www.mrhardwares.com\/pt\/wp-json\/wp\/v2\/product_brand?post=1684"},{"taxonomy":"product_cat","embeddable":true,"href":"https:\/\/www.mrhardwares.com\/pt\/wp-json\/wp\/v2\/product_cat?post=1684"},{"taxonomy":"product_tag","embeddable":true,"href":"https:\/\/www.mrhardwares.com\/pt\/wp-json\/wp\/v2\/product_tag?post=1684"}],"curies":[{"name":"wp","href":"https:\/\/api.w.org\/{rel}","templated":true}]}}