{"id":1686,"date":"2025-11-24T01:34:39","date_gmt":"2025-11-24T01:34:39","guid":{"rendered":"https:\/\/www.mrhardwares.com\/?post_type=product&#038;p=1686"},"modified":"2025-11-24T01:34:40","modified_gmt":"2025-11-24T01:34:40","slug":"wholesale-fixed-cabinet-hinges-durable-and-competitively-priced-626a-c","status":"publish","type":"product","link":"https:\/\/www.mrhardwares.com\/pt\/product\/wholesale-fixed-cabinet-hinges-durable-and-competitively-priced-626a-c\/","title":{"rendered":"Dobradi\u00e7as de arm\u00e1rio fixas por atacado, dur\u00e1veis e com pre\u00e7os competitivos (626A-C)"},"content":{"rendered":"<h3 class=\"wp-block-heading\">Carater\u00edsticas das dobradi\u00e7as fixas<\/h3><p><strong>Estrutura est\u00e1vel de liga\u00e7\u00e3o fixa: <\/strong>Concebido com um design de dobradi\u00e7a fixa r\u00edgida, este modelo \u00e9 montado de forma segura na porta do arm\u00e1rio e no painel lateral atrav\u00e9s de orif\u00edcios pr\u00e9-perfurados e parafusos. O encaixe mec\u00e2nico entre o bra\u00e7o da dobradi\u00e7a e a base garante \u00e2ngulos de abertura controlados e consistentes.<\/p><p><strong>Fun\u00e7\u00e3o de fecho autom\u00e1tico:<\/strong> O design hidr\u00e1ulico da nossa dobradi\u00e7a fixa pode fechar autom\u00e1tica e lentamente o painel da porta, evitando o impacto causado pelo fecho r\u00e1pido do painel da porta, protegendo o mobili\u00e1rio e a pr\u00f3pria dobradi\u00e7a, e prolongando a vida \u00fatil.<\/p><p><strong>Capacidade de carga eficiente: <\/strong>O design da dobradi\u00e7a fixa pode suportar um peso elevado e \u00e9 adequado para pain\u00e9is de portas pesados, arm\u00e1rios e mobili\u00e1rio topo de gama.<\/p><p><strong>Fornecimento direto da f\u00e1brica:<\/strong> Como <strong><a href=\"https:\/\/www.mrhardwares.com\/pt\/\" target=\"_blank\" rel=\"noreferrer noopener\">fabricante de dobradi\u00e7as para m\u00f3veis<\/a><\/strong>A nossa empresa \u00e9 capaz de oferecer dobradi\u00e7as fixas a granel a pre\u00e7os competitivos. Este fornecimento de dobradi\u00e7as a granel \u00e9 adequado para grossistas, fabricantes de mobili\u00e1rio e promotores imobili\u00e1rios.<\/p><p><strong>Op\u00e7\u00f5es de personaliza\u00e7\u00e3o: <\/strong>Apoiamos os servi\u00e7os de personaliza\u00e7\u00e3o OEM e ODM, e podemos personalizar o tamanho e a fun\u00e7\u00e3o da dobradi\u00e7a de acordo com as necessidades do cliente para atender \u00e0s necessidades personalizadas.<\/p><h3 class=\"wp-block-heading\">Par\u00e2metros de aplica\u00e7\u00e3o e instala\u00e7\u00e3o da dobradi\u00e7a de \u042435mm<\/h3><p><strong>H = <\/strong>Altura da base da dobradi\u00e7a<br><strong>D = <\/strong>Sobreposi\u00e7\u00e3o necess\u00e1ria no painel lateral<br><strong>K = <\/strong>Dist\u00e2ncia entre o rebordo da porta e os orif\u00edcios de perfura\u00e7\u00e3o no copo da dobradi\u00e7a<br><strong>A = <\/strong>Folga entre a porta e o painel lateral<\/p><figure class=\"wp-block-image size-full\"><img decoding=\"async\" width=\"1600\" height=\"1200\" src=\"https:\/\/www.mrhardwares.com\/wp-content\/uploads\/2024\/12\/Details-of-Hydraulic-Hinges.webp\" alt=\"Detalhes de Dobradi\u00e7as Hidr\u00e1ulicas\" class=\"wp-image-452\" srcset=\"https:\/\/www.mrhardwares.com\/wp-content\/uploads\/2024\/12\/Details-of-Hydraulic-Hinges.webp 1600w, https:\/\/www.mrhardwares.com\/wp-content\/uploads\/2024\/12\/Details-of-Hydraulic-Hinges-300x225.webp 300w, https:\/\/www.mrhardwares.com\/wp-content\/uploads\/2024\/12\/Details-of-Hydraulic-Hinges-768x576.webp 768w, https:\/\/www.mrhardwares.com\/wp-content\/uploads\/2024\/12\/Details-of-Hydraulic-Hinges-1200x900.webp 1200w, https:\/\/www.mrhardwares.com\/wp-content\/uploads\/2024\/12\/Details-of-Hydraulic-Hinges-600x450.webp 600w\" sizes=\"(max-width: 1600px) 100vw, 1600px\" \/><\/figure>","protected":false},"excerpt":{"rendered":"<p>Dobradi\u00e7as fixas personaliz\u00e1veis por atacado. Com um design hidr\u00e1ulico, as nossas dobradi\u00e7as fixas podem garantir que o painel da porta abre e fecha de forma suave, lenta e silenciosa, melhorando a experi\u00eancia do utilizador. Adequado para todos os tipos de portas de arm\u00e1rios e pain\u00e9is de portas de m\u00f3veis. Como um <a href=\"https:\/\/www.mrhardwares.com\/pt\/\" target=\"_blank\" rel=\"noopener\"><strong>fabricante de dobradi\u00e7as para m\u00f3veis,<\/strong><\/a> fornecemos servi\u00e7os de dobradi\u00e7as por atacado e personalizados. Bem-vindo a contactar-nos.<\/p>\n<h2>Especifica\u00e7\u00f5es das dobradi\u00e7as fixas<\/h2>\n<table border=\"0\" cellspacing=\"0\" cellpadding=\"0\">\n<tbody style=\"font-size: 14px; border: 1px solid #ccc; overflow: hidden;\">\n<tr style=\"line-height: 1.4;\">\n<td style=\"width: 33%;\" width=\"36\" height=\"30\"><strong>Especifica\u00e7\u00e3o<\/strong><\/td>\n<td style=\"width: 67%;\" width=\"72\"><strong>Detalhes<\/strong><\/td>\n<\/tr>\n<tr style=\"line-height: 1.4;\">\n<td style=\"width: 33%;\" width=\"36\" height=\"30\"><strong>N\u00famero do modelo<\/strong><\/td>\n<td style=\"width: 67%;\" width=\"72\">626-A\uff0c 626-B\uff0c 626-C<\/td>\n<\/tr>\n<tr style=\"line-height: 1.4;\">\n<td style=\"width: 33%;\" width=\"36\" height=\"30\"><strong>Material da dobradi\u00e7a<\/strong><\/td>\n<td style=\"width: 67%;\" width=\"72\">Ferro<\/td>\n<\/tr>\n<tr style=\"line-height: 1.4;\">\n<td style=\"width: 33%;\" width=\"36\" height=\"30\"><strong>Tipo de dobradi\u00e7a<\/strong><\/td>\n<td style=\"width: 67%;\" width=\"72\">Dobradi\u00e7a de amortecimento, Dobradi\u00e7a fixa<\/td>\n<\/tr>\n<tr style=\"line-height: 1.4;\">\n<td style=\"width: 33%;\" width=\"36\" height=\"30\"><strong>\u00c2ngulo de abertura<\/strong><\/td>\n<td style=\"width: 67%;\" width=\"72\">105\u00b0<\/td>\n<\/tr>\n<tr style=\"line-height: 1.4;\">\n<td style=\"width: 33%;\" width=\"36\" height=\"40\"><strong>Di\u00e2metro do copo da dobradi\u00e7a<\/strong><\/td>\n<td style=\"width: 67%;\" width=\"72\">35mm<\/td>\n<\/tr>\n<tr style=\"line-height: 1.4;\">\n<td style=\"width: 33%;\" width=\"36\" height=\"40\"><strong>Profundidade do copo da dobradi\u00e7a<\/strong><\/td>\n<td style=\"width: 67%;\" width=\"72\">11,3 mm<\/td>\n<\/tr>\n<tr style=\"line-height: 1.4;\">\n<td style=\"width: 33%;\" width=\"36\" height=\"30\"><strong>Espessura da porta<\/strong><\/td>\n<td style=\"width: 67%;\" width=\"72\">13-23 mm<\/td>\n<\/tr>\n<tr style=\"line-height: 1.4;\">\n<td style=\"width: 33%;\" width=\"36\" height=\"60\"><strong>Cen\u00e1rios aplic\u00e1veis<\/strong><\/td>\n<td style=\"width: 67%;\" width=\"72\">Roupeiro, arm\u00e1rio, estante, arm\u00e1rio de casa de banho e muito mais<\/td>\n<\/tr>\n<tr style=\"line-height: 1.4;\">\n<td style=\"width: 33%;\" width=\"36\" height=\"50\"><strong>Servi\u00e7o OEM e ODM<\/strong><\/td>\n<td style=\"width: 67%;\" width=\"72\">Suporte para personaliza\u00e7\u00e3o f\u00e1cil e personaliza\u00e7\u00e3o profunda<\/td>\n<\/tr>\n<\/tbody>\n<\/table>\n<p>\n<script src=\"chrome-extension:\/\/fpelahbljekknahkcaegamhcndkfpfnc\/iFrame.js\" type=\"text\/javascript\"><\/script><\/p>","protected":false},"featured_media":1687,"comment_status":"closed","ping_status":"closed","template":"","meta":{"_acf_changed":false},"product_brand":[],"product_cat":[30,16],"product_tag":[],"class_list":{"0":"post-1686","1":"product","2":"type-product","3":"status-publish","4":"has-post-thumbnail","6":"product_cat-wholesale-fixed-hinges","7":"product_cat-wholesale-soft-closing-hinges","9":"first","10":"instock","11":"shipping-taxable","12":"product-type-simple"},"acf":[],"_links":{"self":[{"href":"https:\/\/www.mrhardwares.com\/pt\/wp-json\/wp\/v2\/product\/1686","targetHints":{"allow":["GET"]}}],"collection":[{"href":"https:\/\/www.mrhardwares.com\/pt\/wp-json\/wp\/v2\/product"}],"about":[{"href":"https:\/\/www.mrhardwares.com\/pt\/wp-json\/wp\/v2\/types\/product"}],"replies":[{"embeddable":true,"href":"https:\/\/www.mrhardwares.com\/pt\/wp-json\/wp\/v2\/comments?post=1686"}],"wp:featuredmedia":[{"embeddable":true,"href":"https:\/\/www.mrhardwares.com\/pt\/wp-json\/wp\/v2\/media\/1687"}],"wp:attachment":[{"href":"https:\/\/www.mrhardwares.com\/pt\/wp-json\/wp\/v2\/media?parent=1686"}],"wp:term":[{"taxonomy":"product_brand","embeddable":true,"href":"https:\/\/www.mrhardwares.com\/pt\/wp-json\/wp\/v2\/product_brand?post=1686"},{"taxonomy":"product_cat","embeddable":true,"href":"https:\/\/www.mrhardwares.com\/pt\/wp-json\/wp\/v2\/product_cat?post=1686"},{"taxonomy":"product_tag","embeddable":true,"href":"https:\/\/www.mrhardwares.com\/pt\/wp-json\/wp\/v2\/product_tag?post=1686"}],"curies":[{"name":"wp","href":"https:\/\/api.w.org\/{rel}","templated":true}]}}