{"id":417,"date":"2024-12-26T04:06:53","date_gmt":"2024-12-26T04:06:53","guid":{"rendered":"https:\/\/www.mrhardwares.com\/?post_type=product&#038;p=417"},"modified":"2025-01-06T14:51:58","modified_gmt":"2025-01-06T14:51:58","slug":"wholesale-custom-hinges-for-furniture","status":"publish","type":"product","link":"https:\/\/www.mrhardwares.com\/pt\/product\/wholesale-custom-hinges-for-furniture\/","title":{"rendered":"Dobradi\u00e7as personalizadas por atacado para m\u00f3veis\uff0cDobradi\u00e7a de bra\u00e7o curto fixo de alta qualidade\uff08816A-C\uff09"},"content":{"rendered":"<h3 class=\"wp-block-heading\">Carater\u00edsticas das dobradi\u00e7as para m\u00f3veis<\/h3><p><strong>Elevada durabilidade:<\/strong> As nossas dobradi\u00e7as para mobili\u00e1rio s\u00e3o feitas de a\u00e7o inoxid\u00e1vel de alta qualidade, o que proporciona uma excelente resist\u00eancia \u00e0 corros\u00e3o e durabilidade, e podem manter a estabilidade e a for\u00e7a mesmo sob utiliza\u00e7\u00e3o prolongada e abertura e fecho frequentes.<\/p><p><strong>Altamente fi\u00e1vel: <\/strong>As dobradi\u00e7as para m\u00f3veis s\u00e3o bem concebidas para garantir que as dobradi\u00e7as suportam cargas pesadas e n\u00e3o s\u00e3o f\u00e1ceis de deformar.<\/p><p><strong>Abertura e fecho suaves: <\/strong>Esta dobradi\u00e7a para m\u00f3veis est\u00e1 equipada com uma fun\u00e7\u00e3o de amortecimento, que permite um fecho lento e reduz o ru\u00eddo de impacto para uma experi\u00eancia de utiliza\u00e7\u00e3o mais confort\u00e1vel.<\/p><p><strong>Ampla aplica\u00e7\u00e3o:<\/strong> Esta dobradi\u00e7a \u00e9 adequada para uma variedade de projectos de mobili\u00e1rio, incluindo arm\u00e1rios, roupeiros, estantes, arm\u00e1rios de casa de banho, etc., para satisfazer diferentes necessidades de design de mobili\u00e1rio.<\/p><p><strong>Solu\u00e7\u00f5es de dobradi\u00e7as personalizadas:<\/strong> Como <strong><a href=\"https:\/\/www.mrhardwares.com\/pt\/\">fabricante profissional de dobradi\u00e7as<\/a><\/strong>A nossa empresa fornece uma variedade de op\u00e7\u00f5es personalizadas, incluindo tamanho, cor, forma e \u00e2ngulo de abertura, que podem ser ajustados de acordo com as necessidades espec\u00edficas dos clientes.<\/p><h3 class=\"wp-block-heading\">Par\u00e2metros de aplica\u00e7\u00e3o e instala\u00e7\u00e3o da dobradi\u00e7a de \u042435mm<\/h3><p><strong>H = <\/strong>Altura da base da dobradi\u00e7a<br><strong>D = <\/strong>Sobreposi\u00e7\u00e3o necess\u00e1ria no painel lateral<br><strong>K = <\/strong>Dist\u00e2ncia entre o rebordo da porta e os orif\u00edcios de perfura\u00e7\u00e3o no copo da dobradi\u00e7a<br><strong>A = <\/strong>Folga entre a porta e o painel lateral<\/p><figure class=\"wp-block-image size-full\"><img decoding=\"async\" width=\"1600\" height=\"1200\" src=\"https:\/\/www.mrhardwares.com\/wp-content\/uploads\/2024\/12\/details-of-custom-hinges-for-furniture.webp\" alt=\"pormenores de dobradi\u00e7as personalizadas para m\u00f3veis\" class=\"wp-image-419\" srcset=\"https:\/\/www.mrhardwares.com\/wp-content\/uploads\/2024\/12\/details-of-custom-hinges-for-furniture.webp 1600w, https:\/\/www.mrhardwares.com\/wp-content\/uploads\/2024\/12\/details-of-custom-hinges-for-furniture-300x225.webp 300w, https:\/\/www.mrhardwares.com\/wp-content\/uploads\/2024\/12\/details-of-custom-hinges-for-furniture-768x576.webp 768w, https:\/\/www.mrhardwares.com\/wp-content\/uploads\/2024\/12\/details-of-custom-hinges-for-furniture-1200x900.webp 1200w, https:\/\/www.mrhardwares.com\/wp-content\/uploads\/2024\/12\/details-of-custom-hinges-for-furniture-600x450.webp 600w\" sizes=\"(max-width: 1600px) 100vw, 1600px\" \/><\/figure>","protected":false},"excerpt":{"rendered":"<p>Dobradi\u00e7as personalizadas por atacado para m\u00f3veis, nossas dobradi\u00e7as personalizadas de alta qualidade para m\u00f3veis, adequadas para arm\u00e1rios, guarda-roupas e outros projetos dom\u00e9sticos, atrav\u00e9s de um design preciso e materiais de alta qualidade, garantem que todos os detalhes se encaixem perfeitamente no seu projeto. Bem-vindo a contactar-nos.<\/p>\n<h2>Especifica\u00e7\u00f5es de Dobradi\u00e7as para M\u00f3veis<\/h2>\n<table border=\"0\" cellspacing=\"0\" cellpadding=\"0\">\n<tbody style=\"font-size: 14px; border: 1px solid #ccc; overflow: hidden;\">\n<tr style=\"line-height: 1.4;\">\n<td style=\"width: 33%;\" width=\"36\" height=\"30\"><strong>Especifica\u00e7\u00e3o<\/strong><\/td>\n<td style=\"width: 67%;\" width=\"72\"><strong>Detalhes<\/strong><\/td>\n<\/tr>\n<tr style=\"line-height: 1.4;\">\n<td style=\"width: 33%;\" width=\"36\" height=\"30\"><strong>N\u00famero do modelo<\/strong><\/td>\n<td style=\"width: 67%;\" width=\"72\">816 - A\uff0c 816 - B\uff0c 816 - C<\/td>\n<\/tr>\n<tr style=\"line-height: 1.4;\">\n<td style=\"width: 33%;\" width=\"36\" height=\"30\"><strong>Material da dobradi\u00e7a<\/strong><\/td>\n<td style=\"width: 67%;\" width=\"72\">A\u00e7o inoxid\u00e1vel<\/td>\n<\/tr>\n<tr style=\"line-height: 1.4;\">\n<td style=\"width: 33%;\" width=\"36\" height=\"30\"><strong>Tipo de dobradi\u00e7a<\/strong><\/td>\n<td style=\"width: 67%;\" width=\"72\">Dobradi\u00e7a de amortecimento<\/td>\n<\/tr>\n<tr style=\"line-height: 1.4;\">\n<td style=\"width: 33%;\" width=\"36\" height=\"30\"><strong>\u00c2ngulo de abertura<\/strong><\/td>\n<td style=\"width: 67%;\" width=\"72\">105\u00b0<\/td>\n<\/tr>\n<tr style=\"line-height: 1.4;\">\n<td style=\"width: 33%;\" width=\"36\" height=\"40\"><strong>Di\u00e2metro do copo da dobradi\u00e7a<\/strong><\/td>\n<td style=\"width: 67%;\" width=\"72\">35mm<\/td>\n<\/tr>\n<tr style=\"line-height: 1.4;\">\n<td style=\"width: 33%;\" width=\"36\" height=\"40\"><strong>Profundidade do copo da dobradi\u00e7a<\/strong><\/td>\n<td style=\"width: 67%;\" width=\"72\">11,3 mm<\/td>\n<\/tr>\n<tr style=\"line-height: 1.4;\">\n<td style=\"width: 33%;\" width=\"36\" height=\"30\"><strong>Espessura da porta<\/strong><\/td>\n<td style=\"width: 67%;\" width=\"72\">13-23 mm<\/td>\n<\/tr>\n<tr style=\"line-height: 1.4;\">\n<td style=\"width: 33%;\" width=\"36\" height=\"60\"><strong>Cen\u00e1rios aplic\u00e1veis<\/strong><\/td>\n<td style=\"width: 67%;\" width=\"72\">Roupeiro, arm\u00e1rio, estante, arm\u00e1rio de casa de banho e muito mais<\/td>\n<\/tr>\n<tr style=\"line-height: 1.4;\">\n<td style=\"width: 33%;\" width=\"36\" height=\"50\"><strong>Servi\u00e7o OEM e ODM<\/strong><\/td>\n<td style=\"width: 67%;\" width=\"72\">Suporte para personaliza\u00e7\u00e3o f\u00e1cil e personaliza\u00e7\u00e3o profunda<\/td>\n<\/tr>\n<\/tbody>\n<\/table>","protected":false},"featured_media":418,"comment_status":"closed","ping_status":"closed","template":"","meta":{"_acf_changed":false},"product_brand":[],"product_cat":[16,17,19],"product_tag":[],"class_list":{"0":"post-417","1":"product","2":"type-product","3":"status-publish","4":"has-post-thumbnail","6":"product_cat-wholesale-soft-closing-hinges","7":"product_cat-wholesale-cabinet-hinges","8":"product_cat-wholesale-furniture-hinges","10":"first","11":"instock","12":"shipping-taxable","13":"product-type-simple"},"acf":[],"_links":{"self":[{"href":"https:\/\/www.mrhardwares.com\/pt\/wp-json\/wp\/v2\/product\/417","targetHints":{"allow":["GET"]}}],"collection":[{"href":"https:\/\/www.mrhardwares.com\/pt\/wp-json\/wp\/v2\/product"}],"about":[{"href":"https:\/\/www.mrhardwares.com\/pt\/wp-json\/wp\/v2\/types\/product"}],"replies":[{"embeddable":true,"href":"https:\/\/www.mrhardwares.com\/pt\/wp-json\/wp\/v2\/comments?post=417"}],"wp:featuredmedia":[{"embeddable":true,"href":"https:\/\/www.mrhardwares.com\/pt\/wp-json\/wp\/v2\/media\/418"}],"wp:attachment":[{"href":"https:\/\/www.mrhardwares.com\/pt\/wp-json\/wp\/v2\/media?parent=417"}],"wp:term":[{"taxonomy":"product_brand","embeddable":true,"href":"https:\/\/www.mrhardwares.com\/pt\/wp-json\/wp\/v2\/product_brand?post=417"},{"taxonomy":"product_cat","embeddable":true,"href":"https:\/\/www.mrhardwares.com\/pt\/wp-json\/wp\/v2\/product_cat?post=417"},{"taxonomy":"product_tag","embeddable":true,"href":"https:\/\/www.mrhardwares.com\/pt\/wp-json\/wp\/v2\/product_tag?post=417"}],"curies":[{"name":"wp","href":"https:\/\/api.w.org\/{rel}","templated":true}]}}