{"id":421,"date":"2024-12-26T06:17:05","date_gmt":"2024-12-26T06:17:05","guid":{"rendered":"https:\/\/www.mrhardwares.com\/?post_type=product&#038;p=421"},"modified":"2025-01-06T14:52:32","modified_gmt":"2025-01-06T14:52:32","slug":"wholesale-cabinet-soft-close-hinges%ef%bc%8cthe-short-arm-hinge-self-detaching","status":"publish","type":"product","link":"https:\/\/www.mrhardwares.com\/pt\/product\/wholesale-cabinet-soft-close-hinges\uff0cthe-short-arm-hinge-self-detaching\/","title":{"rendered":"Dobradi\u00e7as de fechamento suave do gabinete por atacado \uff0c Dobradi\u00e7a de bra\u00e7o curto auto-destac\u00e1vel (818A - C)"},"content":{"rendered":"<h3 class=\"wp-block-heading\">Carater\u00edsticas das dobradi\u00e7as de fecho suave para arm\u00e1rios<\/h3><p><strong>Design de bra\u00e7o curto: <\/strong>A dobradi\u00e7a de fecho suave do arm\u00e1rio adopta um design de bra\u00e7o curto, o que faz com que o painel da porta se ajuste ao arm\u00e1rio de forma mais compacta. \u00c9 adequada para portas de arm\u00e1rios em espa\u00e7os pequenos, poupando espa\u00e7o e real\u00e7ando a beleza.<\/p><p><strong>Fun\u00e7\u00e3o de auto-descarga:<\/strong> Esta dobradi\u00e7a de fecho suave para arm\u00e1rios est\u00e1 equipada com uma fun\u00e7\u00e3o de auto-descarga. Os utilizadores podem remover r\u00e1pida e facilmente o painel da porta da dobradi\u00e7a sem retirar os parafusos de fixa\u00e7\u00e3o. \u00c9 particularmente adequada para locais que precisam de ser desmontados ou limpos regularmente para melhorar a efici\u00eancia da manuten\u00e7\u00e3o.<\/p><p><strong>F\u00e1cil de instalar: <\/strong>O processo de instala\u00e7\u00e3o simples reduz a complexidade da instala\u00e7\u00e3o e pode poupar tempo e custos de m\u00e3o de obra.<\/p><p><strong>Melhorar a experi\u00eancia de utiliza\u00e7\u00e3o: <\/strong>Esta dobradi\u00e7a de fecho suave do arm\u00e1rio tem as fun\u00e7\u00f5es duplas de auto-descarga e fecho suave, o que torna a abertura e o fecho da porta do arm\u00e1rio mais suave e silenciosa, e melhora o conforto da utiliza\u00e7\u00e3o di\u00e1ria.<\/p><h3 class=\"wp-block-heading\">Par\u00e2metros de aplica\u00e7\u00e3o e instala\u00e7\u00e3o da dobradi\u00e7a de \u042435mm<\/h3><p><strong>H = <\/strong>Altura da base da dobradi\u00e7a<br><strong>D = <\/strong>Sobreposi\u00e7\u00e3o necess\u00e1ria no painel lateral<br><strong>K = <\/strong>Dist\u00e2ncia entre o rebordo da porta e os orif\u00edcios de perfura\u00e7\u00e3o no copo da dobradi\u00e7a<br><strong>A = <\/strong>Folga entre a porta e o painel lateral<\/p><figure class=\"wp-block-image size-full\"><img decoding=\"async\" width=\"1600\" height=\"1200\" src=\"https:\/\/www.mrhardwares.com\/wp-content\/uploads\/2024\/12\/details-of-cabinet-soft-close-hinges.webp\" alt=\"pormenores das dobradi\u00e7as de fecho suave do arm\u00e1rio\" class=\"wp-image-424\" srcset=\"https:\/\/www.mrhardwares.com\/wp-content\/uploads\/2024\/12\/details-of-cabinet-soft-close-hinges.webp 1600w, https:\/\/www.mrhardwares.com\/wp-content\/uploads\/2024\/12\/details-of-cabinet-soft-close-hinges-300x225.webp 300w, https:\/\/www.mrhardwares.com\/wp-content\/uploads\/2024\/12\/details-of-cabinet-soft-close-hinges-768x576.webp 768w, https:\/\/www.mrhardwares.com\/wp-content\/uploads\/2024\/12\/details-of-cabinet-soft-close-hinges-1200x900.webp 1200w, https:\/\/www.mrhardwares.com\/wp-content\/uploads\/2024\/12\/details-of-cabinet-soft-close-hinges-600x450.webp 600w\" sizes=\"(max-width: 1600px) 100vw, 1600px\" \/><\/figure>","protected":false},"excerpt":{"rendered":"<p>Dobradi\u00e7as de fecho suave para arm\u00e1rios personaliz\u00e1veis por atacado, tornam os seus m\u00f3veis mais modernos. As nossas dobradi\u00e7as de fecho suave personalizadas n\u00e3o s\u00f3 proporcionam uma experi\u00eancia de fecho suave e silenciosa, reduzem o ru\u00eddo e o desgaste, como tamb\u00e9m melhoram a qualidade geral e a vida \u00fatil do mobili\u00e1rio. O fabricante de dobradi\u00e7as Mingrun aceita compras a granel e personaliza\u00e7\u00e3o personalizada, entre em contacto connosco para obter cota\u00e7\u00f5es de f\u00e1brica.<\/p>\n<h2>Especifica\u00e7\u00f5es de Dobradi\u00e7as de fecho suave para arm\u00e1rios<\/h2>\n<table border=\"0\" cellspacing=\"0\" cellpadding=\"0\">\n<tbody style=\"font-size: 14px; border: 1px solid #ccc; overflow: hidden;\">\n<tr style=\"line-height: 1.4;\">\n<td style=\"width: 33%;\" width=\"36\" height=\"30\"><strong>Especifica\u00e7\u00e3o<\/strong><\/td>\n<td style=\"width: 67%;\" width=\"72\"><strong>Detalhes<\/strong><\/td>\n<\/tr>\n<tr style=\"line-height: 1.4;\">\n<td style=\"width: 33%;\" width=\"36\" height=\"30\"><strong>N\u00famero do modelo<\/strong><\/td>\n<td style=\"width: 67%;\" width=\"72\">818-A\uff0c 818-B\uff0c 818-C<\/td>\n<\/tr>\n<tr style=\"line-height: 1.4;\">\n<td style=\"width: 33%;\" width=\"36\" height=\"30\"><strong>Material da dobradi\u00e7a<\/strong><\/td>\n<td style=\"width: 67%;\" width=\"72\">A\u00e7o inoxid\u00e1vel<\/td>\n<\/tr>\n<tr style=\"line-height: 1.4;\">\n<td style=\"width: 33%;\" width=\"36\" height=\"30\"><strong>Tipo de dobradi\u00e7a<\/strong><\/td>\n<td style=\"width: 67%;\" width=\"72\">Dobradi\u00e7a de amortecimento<\/td>\n<\/tr>\n<tr style=\"line-height: 1.4;\">\n<td style=\"width: 33%;\" width=\"36\" height=\"30\"><strong>\u00c2ngulo de abertura<\/strong><\/td>\n<td style=\"width: 67%;\" width=\"72\">105\u00b0<\/td>\n<\/tr>\n<tr style=\"line-height: 1.4;\">\n<td style=\"width: 33%;\" width=\"36\" height=\"40\"><strong>Di\u00e2metro do copo da dobradi\u00e7a<\/strong><\/td>\n<td style=\"width: 67%;\" width=\"72\">35mm<\/td>\n<\/tr>\n<tr style=\"line-height: 1.4;\">\n<td style=\"width: 33%;\" width=\"36\" height=\"40\"><strong>Profundidade do copo da dobradi\u00e7a<\/strong><\/td>\n<td style=\"width: 67%;\" width=\"72\">11,3 mm<\/td>\n<\/tr>\n<tr style=\"line-height: 1.4;\">\n<td style=\"width: 33%;\" width=\"36\" height=\"30\"><strong>Espessura da porta<\/strong><\/td>\n<td style=\"width: 67%;\" width=\"72\">13-23 mm<\/td>\n<\/tr>\n<tr style=\"line-height: 1.4;\">\n<td style=\"width: 33%;\" width=\"36\" height=\"60\"><strong>Cen\u00e1rios aplic\u00e1veis<\/strong><\/td>\n<td style=\"width: 67%;\" width=\"72\">Roupeiro, arm\u00e1rio, estante, arm\u00e1rio de casa de banho e muito mais<\/td>\n<\/tr>\n<tr style=\"line-height: 1.4;\">\n<td style=\"width: 33%;\" width=\"36\" height=\"50\"><strong>Servi\u00e7o OEM e ODM<\/strong><\/td>\n<td style=\"width: 67%;\" width=\"72\">Suporte para personaliza\u00e7\u00e3o f\u00e1cil e personaliza\u00e7\u00e3o profunda<\/td>\n<\/tr>\n<\/tbody>\n<\/table>","protected":false},"featured_media":425,"comment_status":"closed","ping_status":"closed","template":"","meta":{"_acf_changed":false},"product_brand":[],"product_cat":[16,17,19],"product_tag":[],"class_list":{"0":"post-421","1":"product","2":"type-product","3":"status-publish","4":"has-post-thumbnail","6":"product_cat-wholesale-soft-closing-hinges","7":"product_cat-wholesale-cabinet-hinges","8":"product_cat-wholesale-furniture-hinges","10":"first","11":"instock","12":"shipping-taxable","13":"product-type-simple"},"acf":[],"_links":{"self":[{"href":"https:\/\/www.mrhardwares.com\/pt\/wp-json\/wp\/v2\/product\/421","targetHints":{"allow":["GET"]}}],"collection":[{"href":"https:\/\/www.mrhardwares.com\/pt\/wp-json\/wp\/v2\/product"}],"about":[{"href":"https:\/\/www.mrhardwares.com\/pt\/wp-json\/wp\/v2\/types\/product"}],"replies":[{"embeddable":true,"href":"https:\/\/www.mrhardwares.com\/pt\/wp-json\/wp\/v2\/comments?post=421"}],"wp:featuredmedia":[{"embeddable":true,"href":"https:\/\/www.mrhardwares.com\/pt\/wp-json\/wp\/v2\/media\/425"}],"wp:attachment":[{"href":"https:\/\/www.mrhardwares.com\/pt\/wp-json\/wp\/v2\/media?parent=421"}],"wp:term":[{"taxonomy":"product_brand","embeddable":true,"href":"https:\/\/www.mrhardwares.com\/pt\/wp-json\/wp\/v2\/product_brand?post=421"},{"taxonomy":"product_cat","embeddable":true,"href":"https:\/\/www.mrhardwares.com\/pt\/wp-json\/wp\/v2\/product_cat?post=421"},{"taxonomy":"product_tag","embeddable":true,"href":"https:\/\/www.mrhardwares.com\/pt\/wp-json\/wp\/v2\/product_tag?post=421"}],"curies":[{"name":"wp","href":"https:\/\/api.w.org\/{rel}","templated":true}]}}