{"id":432,"date":"2024-12-26T07:14:56","date_gmt":"2024-12-26T07:14:56","guid":{"rendered":"https:\/\/www.mrhardwares.com\/?post_type=product&#038;p=432"},"modified":"2025-01-06T14:53:06","modified_gmt":"2025-01-06T14:53:06","slug":"wholesale-damped-hinges-for-cabinets","status":"publish","type":"product","link":"https:\/\/www.mrhardwares.com\/pt\/product\/wholesale-damped-hinges-for-cabinets\/","title":{"rendered":"Dobradi\u00e7as amortecidas para arm\u00e1rios, 4 furos Dobradi\u00e7a de sistema de for\u00e7a de fase \u00fanica (251A-C)"},"content":{"rendered":"<h3 class=\"wp-block-heading\">Carater\u00edsticas da dobradi\u00e7a amortecida<\/h3><p><strong>Fun\u00e7\u00e3o de fecho lento:<\/strong> Esta dobradi\u00e7a amortecida adopta um dispositivo de amortecimento de elevada efici\u00eancia para reduzir eficazmente o impacto e a vibra\u00e7\u00e3o durante o fecho, assegurando que a porta do arm\u00e1rio se fecha de forma suave e sem problemas, ao mesmo tempo que melhora o conforto e a durabilidade do processo de utiliza\u00e7\u00e3o.<\/p><p><strong>Abertura multi-\u00e2ngulo:<\/strong> Esta dobradi\u00e7a amortecida tem um \u00e2ngulo de abertura de 105\u00b0, o que \u00e9 conveniente para abrir e fechar diariamente a porta do arm\u00e1rio, proporciona uma experi\u00eancia de utiliza\u00e7\u00e3o flex\u00edvel e \u00e9 adequada para v\u00e1rios arm\u00e1rios.<\/p><p><strong>Vasta gama de aplica\u00e7\u00f5es: <\/strong>Adequado para portas de arm\u00e1rios com uma espessura de 13-23 mm, pode ser utilizado para uma variedade de arm\u00e1rios de m\u00f3veis, como arm\u00e1rios de cozinha, roupeiros, arm\u00e1rios de televis\u00e3o, etc.<\/p><p><strong>F\u00e1cil de instalar:<\/strong> Sistema de for\u00e7a de fase \u00fanica, instala\u00e7\u00e3o f\u00e1cil e r\u00e1pida, adequado para profissionais e utilizadores de bricolage, poupando tempo e custos de instala\u00e7\u00e3o.<\/p><p><strong>Pre\u00e7o de f\u00e1brica: <\/strong>Fornecer pre\u00e7os diretos de f\u00e1brica para garantir que os clientes compram dobradi\u00e7as de amortecimento de alta qualidade aos pre\u00e7os mais competitivos, reduzindo consideravelmente os custos de compra a granel.<\/p><h3 class=\"wp-block-heading\">Par\u00e2metros de aplica\u00e7\u00e3o e instala\u00e7\u00e3o da dobradi\u00e7a de \u042435mm<\/h3><p><strong>H = <\/strong>Altura da base da dobradi\u00e7a<br><strong>D = <\/strong>Sobreposi\u00e7\u00e3o necess\u00e1ria no painel lateral<br><strong>K = <\/strong>Dist\u00e2ncia entre o rebordo da porta e os orif\u00edcios de perfura\u00e7\u00e3o no copo da dobradi\u00e7a<br><strong>A = <\/strong>Folga entre a porta e o painel lateral<\/p><figure class=\"wp-block-image size-full\"><img decoding=\"async\" width=\"1600\" height=\"1201\" src=\"https:\/\/www.mrhardwares.com\/wp-content\/uploads\/2024\/12\/Details-of-the-Damped-Hinge.png\" alt=\"Detalhes da Dobradi\u00e7a Amortecida\" class=\"wp-image-433\" srcset=\"https:\/\/www.mrhardwares.com\/wp-content\/uploads\/2024\/12\/Details-of-the-Damped-Hinge.png 1600w, https:\/\/www.mrhardwares.com\/wp-content\/uploads\/2024\/12\/Details-of-the-Damped-Hinge-300x225.png 300w, https:\/\/www.mrhardwares.com\/wp-content\/uploads\/2024\/12\/Details-of-the-Damped-Hinge-768x576.png 768w, https:\/\/www.mrhardwares.com\/wp-content\/uploads\/2024\/12\/Details-of-the-Damped-Hinge-1200x901.png 1200w, https:\/\/www.mrhardwares.com\/wp-content\/uploads\/2024\/12\/Details-of-the-Damped-Hinge-600x450.png 600w\" sizes=\"(max-width: 1600px) 100vw, 1600px\" \/><\/figure><p><\/p>","protected":false},"excerpt":{"rendered":"<p>Dobradi\u00e7as de amortecimento por atacado, esta dobradi\u00e7a de amortecimento \u00e9 feita de material de ferro de alta qualidade, com alta resist\u00eancia e durabilidade, e fornecemos uma variedade de especifica\u00e7\u00f5es e modelos para escolher, que podem se adaptar a diferentes necessidades de m\u00f3veis. Contacte-nos para obter um or\u00e7amento de f\u00e1brica.<\/p>\n<h2>Especifica\u00e7\u00f5es da dobradi\u00e7a amortecida<\/h2>\n<table border=\"0\" cellspacing=\"0\" cellpadding=\"0\">\n<tbody style=\"font-size: 14px; border: 1px solid #ccc; overflow: hidden;\">\n<tr style=\"line-height: 1.4;\">\n<td style=\"width: 33%;\" width=\"36\" height=\"30\"><strong>Especifica\u00e7\u00e3o<\/strong><\/td>\n<td style=\"width: 67%;\" width=\"72\"><strong>Detalhes<\/strong><\/td>\n<\/tr>\n<tr style=\"line-height: 1.4;\">\n<td style=\"width: 33%;\" width=\"36\" height=\"30\"><strong>N\u00famero do modelo<\/strong><\/td>\n<td style=\"width: 67%;\" width=\"72\">251-A, 251-B, 251-C<\/td>\n<\/tr>\n<tr style=\"line-height: 1.4;\">\n<td style=\"width: 33%;\" width=\"36\" height=\"30\"><strong>Material da dobradi\u00e7a<\/strong><\/td>\n<td style=\"width: 67%;\" width=\"72\">Ferro<\/td>\n<\/tr>\n<tr style=\"line-height: 1.4;\">\n<td style=\"width: 33%;\" width=\"36\" height=\"30\"><strong>Tipo de dobradi\u00e7a<\/strong><\/td>\n<td style=\"width: 67%;\" width=\"72\">Dobradi\u00e7a de amortecimento<\/td>\n<\/tr>\n<tr style=\"line-height: 1.4;\">\n<td style=\"width: 33%;\" width=\"36\" height=\"30\"><strong>\u00c2ngulo de abertura<\/strong><\/td>\n<td style=\"width: 67%;\" width=\"72\">105\u00b0<\/td>\n<\/tr>\n<tr style=\"line-height: 1.4;\">\n<td style=\"width: 33%;\" width=\"36\" height=\"40\"><strong>Di\u00e2metro do copo da dobradi\u00e7a<\/strong><\/td>\n<td style=\"width: 67%;\" width=\"72\">35mm<\/td>\n<\/tr>\n<tr style=\"line-height: 1.4;\">\n<td style=\"width: 33%;\" width=\"36\" height=\"40\"><strong>Profundidade do copo da dobradi\u00e7a<\/strong><\/td>\n<td style=\"width: 67%;\" width=\"72\">11,3 mm<\/td>\n<\/tr>\n<tr style=\"line-height: 1.4;\">\n<td style=\"width: 33%;\" width=\"36\" height=\"30\"><strong>Espessura da porta<\/strong><\/td>\n<td style=\"width: 67%;\" width=\"72\">13-23 mm<\/td>\n<\/tr>\n<tr style=\"line-height: 1.4;\">\n<td style=\"width: 33%;\" width=\"36\" height=\"60\"><strong>Cen\u00e1rios aplic\u00e1veis<\/strong><\/td>\n<td style=\"width: 67%;\" width=\"72\">Roupeiro, arm\u00e1rio, estante, arm\u00e1rio de casa de banho e muito mais<\/td>\n<\/tr>\n<tr style=\"line-height: 1.4;\">\n<td style=\"width: 33%;\" width=\"36\" height=\"50\"><strong>Servi\u00e7o OEM e ODM<\/strong><\/td>\n<td style=\"width: 67%;\" width=\"72\">Suporte para personaliza\u00e7\u00e3o f\u00e1cil e personaliza\u00e7\u00e3o profunda<\/td>\n<\/tr>\n<\/tbody>\n<\/table>","protected":false},"featured_media":434,"comment_status":"closed","ping_status":"closed","template":"","meta":{"_acf_changed":false},"product_brand":[],"product_cat":[16,17,19],"product_tag":[],"class_list":{"0":"post-432","1":"product","2":"type-product","3":"status-publish","4":"has-post-thumbnail","6":"product_cat-wholesale-soft-closing-hinges","7":"product_cat-wholesale-cabinet-hinges","8":"product_cat-wholesale-furniture-hinges","10":"first","11":"instock","12":"shipping-taxable","13":"product-type-simple"},"acf":[],"_links":{"self":[{"href":"https:\/\/www.mrhardwares.com\/pt\/wp-json\/wp\/v2\/product\/432","targetHints":{"allow":["GET"]}}],"collection":[{"href":"https:\/\/www.mrhardwares.com\/pt\/wp-json\/wp\/v2\/product"}],"about":[{"href":"https:\/\/www.mrhardwares.com\/pt\/wp-json\/wp\/v2\/types\/product"}],"replies":[{"embeddable":true,"href":"https:\/\/www.mrhardwares.com\/pt\/wp-json\/wp\/v2\/comments?post=432"}],"wp:featuredmedia":[{"embeddable":true,"href":"https:\/\/www.mrhardwares.com\/pt\/wp-json\/wp\/v2\/media\/434"}],"wp:attachment":[{"href":"https:\/\/www.mrhardwares.com\/pt\/wp-json\/wp\/v2\/media?parent=432"}],"wp:term":[{"taxonomy":"product_brand","embeddable":true,"href":"https:\/\/www.mrhardwares.com\/pt\/wp-json\/wp\/v2\/product_brand?post=432"},{"taxonomy":"product_cat","embeddable":true,"href":"https:\/\/www.mrhardwares.com\/pt\/wp-json\/wp\/v2\/product_cat?post=432"},{"taxonomy":"product_tag","embeddable":true,"href":"https:\/\/www.mrhardwares.com\/pt\/wp-json\/wp\/v2\/product_tag?post=432"}],"curies":[{"name":"wp","href":"https:\/\/api.w.org\/{rel}","templated":true}]}}