{"id":435,"date":"2024-12-27T02:34:37","date_gmt":"2024-12-27T02:34:37","guid":{"rendered":"https:\/\/www.mrhardwares.com\/?post_type=product&#038;p=435"},"modified":"2025-01-06T14:53:23","modified_gmt":"2025-01-06T14:53:23","slug":"wholesale-concealed-soft-close-cabinet-hinges","status":"publish","type":"product","link":"https:\/\/www.mrhardwares.com\/pt\/product\/wholesale-concealed-soft-close-cabinet-hinges\/","title":{"rendered":"Dobradi\u00e7as de arm\u00e1rio com fecho suave por atacado \uff0c Dobradi\u00e7as de copo raso \uff08712A-C\uff09 - Fabricante de dobradi\u00e7as personalizadas Mingrun"},"content":{"rendered":"<h3 class=\"wp-block-heading\">Carater\u00edsticas das dobradi\u00e7as ocultas de fecho suave para arm\u00e1rios<\/h3><p><strong>Fun\u00e7\u00e3o de fecho suave:<\/strong> Esta dobradi\u00e7a adopta um design de fecho suave, que pode reduzir eficazmente o som de impacto do painel da porta e a for\u00e7a de impacto ao fechar o mobili\u00e1rio, proporcionar uma experi\u00eancia de utiliza\u00e7\u00e3o mais suave e silenciosa e prolongar a vida \u00fatil do mobili\u00e1rio.<\/p><p><strong>Design invis\u00edvel:<\/strong> O design da dobradi\u00e7a invis\u00edvel \u00e9 adotado. Ap\u00f3s a instala\u00e7\u00e3o, a dobradi\u00e7a fica completamente escondida no interior do arm\u00e1rio, o que n\u00e3o afecta o aspeto e garante uma apar\u00eancia bonita.<\/p><p><strong>Di\u00e2metro do copo da dobradi\u00e7a 35mm: <\/strong>O di\u00e2metro padr\u00e3o do copo da dobradi\u00e7a de 35 mm \u00e9 compat\u00edvel com uma variedade de m\u00f3veis, f\u00e1cil de instalar e garante firmeza e fiabilidade.<\/p><p><strong>Design profundo do assento: <\/strong>O design do assento profundo do copo da dobradi\u00e7a \u00e9 de 11,3 mm, o que ajuda a proporcionar uma fixa\u00e7\u00e3o mais est\u00e1vel e a garantir a estabilidade e a durabilidade da dobradi\u00e7a durante a utiliza\u00e7\u00e3o.<\/p><p><strong>Op\u00e7\u00f5es de personaliza\u00e7\u00e3o: <\/strong>O fabricante de dobradi\u00e7as Mingrun fornece servi\u00e7os de dobradi\u00e7as personalizadas. Os clientes podem personalizar os produtos de acordo com as necessidades espec\u00edficas para satisfazer os requisitos de design e funcionais de v\u00e1rios m\u00f3veis.<\/p><h3 class=\"wp-block-heading\">Par\u00e2metros de aplica\u00e7\u00e3o e instala\u00e7\u00e3o da dobradi\u00e7a de \u042435mm<\/h3><p><strong>H = <\/strong>Altura da base da dobradi\u00e7a<br><strong>D = <\/strong>Sobreposi\u00e7\u00e3o necess\u00e1ria no painel lateral<br><strong>K = <\/strong>Dist\u00e2ncia entre o rebordo da porta e os orif\u00edcios de perfura\u00e7\u00e3o no copo da dobradi\u00e7a<br><strong>A = <\/strong>Folga entre a porta e o painel lateral<\/p><figure class=\"wp-block-image size-full\"><img decoding=\"async\" width=\"1600\" height=\"1200\" src=\"https:\/\/www.mrhardwares.com\/wp-content\/uploads\/2024\/12\/Details-of-Concealed-Soft-Close-Cabinet-Hinges.webp\" alt=\"Detalhes de Dobradi\u00e7as de arm\u00e1rio de fecho suave ocultas\" class=\"wp-image-436\" srcset=\"https:\/\/www.mrhardwares.com\/wp-content\/uploads\/2024\/12\/Details-of-Concealed-Soft-Close-Cabinet-Hinges.webp 1600w, https:\/\/www.mrhardwares.com\/wp-content\/uploads\/2024\/12\/Details-of-Concealed-Soft-Close-Cabinet-Hinges-300x225.webp 300w, https:\/\/www.mrhardwares.com\/wp-content\/uploads\/2024\/12\/Details-of-Concealed-Soft-Close-Cabinet-Hinges-768x576.webp 768w, https:\/\/www.mrhardwares.com\/wp-content\/uploads\/2024\/12\/Details-of-Concealed-Soft-Close-Cabinet-Hinges-1200x900.webp 1200w, https:\/\/www.mrhardwares.com\/wp-content\/uploads\/2024\/12\/Details-of-Concealed-Soft-Close-Cabinet-Hinges-600x450.webp 600w\" sizes=\"(max-width: 1600px) 100vw, 1600px\" \/><\/figure>","protected":false},"excerpt":{"rendered":"<p>As dobradi\u00e7as de arm\u00e1rio de fecho suave por atacado, adequadas para uma variedade de m\u00f3veis dom\u00e9sticos e comerciais, proporcionam uma experi\u00eancia de fecho suave e silenciosa, esta dobradi\u00e7a tem um design invis\u00edvel, mant\u00e9m-se bonita, f\u00e1cil de instalar e est\u00e1vel. Adequado para compras de grande volume e necessidades personalizadas. Bem-vindo a contactar-nos.<\/p>\n<h2>Especifica\u00e7\u00f5es das dobradi\u00e7as ocultas de fecho suave para arm\u00e1rios<\/h2>\n<table border=\"0\" cellspacing=\"0\" cellpadding=\"0\">\n<tbody style=\"font-size: 14px; border: 1px solid #ccc; overflow: hidden;\">\n<tr style=\"line-height: 1.4;\">\n<td style=\"width: 33%;\" width=\"36\" height=\"30\"><strong>Especifica\u00e7\u00e3o<\/strong><\/td>\n<td style=\"width: 67%;\" width=\"72\"><strong>Detalhes<\/strong><\/td>\n<\/tr>\n<tr style=\"line-height: 1.4;\">\n<td style=\"width: 33%;\" width=\"36\" height=\"30\"><strong>N\u00famero do modelo<\/strong><\/td>\n<td style=\"width: 67%;\" width=\"72\">712-A\uff0c 712-B\uff0c 712-C<\/td>\n<\/tr>\n<tr style=\"line-height: 1.4;\">\n<td style=\"width: 33%;\" width=\"36\" height=\"30\"><strong>Material da dobradi\u00e7a<\/strong><\/td>\n<td style=\"width: 67%;\" width=\"72\">Ferro<\/td>\n<\/tr>\n<tr style=\"line-height: 1.4;\">\n<td style=\"width: 33%;\" width=\"36\" height=\"30\"><strong>Tipo de dobradi\u00e7a<\/strong><\/td>\n<td style=\"width: 67%;\" width=\"72\">Dobradi\u00e7a de amortecimento<\/td>\n<\/tr>\n<tr style=\"line-height: 1.4;\">\n<td style=\"width: 33%;\" width=\"36\" height=\"30\"><strong>\u00c2ngulo de abertura<\/strong><\/td>\n<td style=\"width: 67%;\" width=\"72\">105\u00b0<\/td>\n<\/tr>\n<tr style=\"line-height: 1.4;\">\n<td style=\"width: 33%;\" width=\"36\" height=\"40\"><strong>Di\u00e2metro do copo da dobradi\u00e7a<\/strong><\/td>\n<td style=\"width: 67%;\" width=\"72\">35mm<\/td>\n<\/tr>\n<tr style=\"line-height: 1.4;\">\n<td style=\"width: 33%;\" width=\"36\" height=\"40\"><strong>Profundidade do copo da dobradi\u00e7a<\/strong><\/td>\n<td style=\"width: 67%;\" width=\"72\">11,3 mm<\/td>\n<\/tr>\n<tr style=\"line-height: 1.4;\">\n<td style=\"width: 33%;\" width=\"36\" height=\"30\"><strong>Espessura da porta<\/strong><\/td>\n<td style=\"width: 67%;\" width=\"72\">13-23 mm<\/td>\n<\/tr>\n<tr style=\"line-height: 1.4;\">\n<td style=\"width: 33%;\" width=\"36\" height=\"60\"><strong>Cen\u00e1rios aplic\u00e1veis<\/strong><\/td>\n<td style=\"width: 67%;\" width=\"72\">Roupeiro, arm\u00e1rio, estante, arm\u00e1rio de casa de banho e muito mais<\/td>\n<\/tr>\n<tr style=\"line-height: 1.4;\">\n<td style=\"width: 33%;\" width=\"36\" height=\"50\"><strong>Servi\u00e7o OEM e ODM<\/strong><\/td>\n<td style=\"width: 67%;\" width=\"72\">Suporte para personaliza\u00e7\u00e3o f\u00e1cil e personaliza\u00e7\u00e3o profunda<\/td>\n<\/tr>\n<\/tbody>\n<\/table>","protected":false},"featured_media":437,"comment_status":"closed","ping_status":"closed","template":"","meta":{"_acf_changed":false},"product_brand":[],"product_cat":[16,17],"product_tag":[],"class_list":{"0":"post-435","1":"product","2":"type-product","3":"status-publish","4":"has-post-thumbnail","6":"product_cat-wholesale-soft-closing-hinges","7":"product_cat-wholesale-cabinet-hinges","9":"first","10":"instock","11":"shipping-taxable","12":"product-type-simple"},"acf":[],"_links":{"self":[{"href":"https:\/\/www.mrhardwares.com\/pt\/wp-json\/wp\/v2\/product\/435","targetHints":{"allow":["GET"]}}],"collection":[{"href":"https:\/\/www.mrhardwares.com\/pt\/wp-json\/wp\/v2\/product"}],"about":[{"href":"https:\/\/www.mrhardwares.com\/pt\/wp-json\/wp\/v2\/types\/product"}],"replies":[{"embeddable":true,"href":"https:\/\/www.mrhardwares.com\/pt\/wp-json\/wp\/v2\/comments?post=435"}],"wp:featuredmedia":[{"embeddable":true,"href":"https:\/\/www.mrhardwares.com\/pt\/wp-json\/wp\/v2\/media\/437"}],"wp:attachment":[{"href":"https:\/\/www.mrhardwares.com\/pt\/wp-json\/wp\/v2\/media?parent=435"}],"wp:term":[{"taxonomy":"product_brand","embeddable":true,"href":"https:\/\/www.mrhardwares.com\/pt\/wp-json\/wp\/v2\/product_brand?post=435"},{"taxonomy":"product_cat","embeddable":true,"href":"https:\/\/www.mrhardwares.com\/pt\/wp-json\/wp\/v2\/product_cat?post=435"},{"taxonomy":"product_tag","embeddable":true,"href":"https:\/\/www.mrhardwares.com\/pt\/wp-json\/wp\/v2\/product_tag?post=435"}],"curies":[{"name":"wp","href":"https:\/\/api.w.org\/{rel}","templated":true}]}}