{"id":447,"date":"2024-12-27T04:26:49","date_gmt":"2024-12-27T04:26:49","guid":{"rendered":"https:\/\/www.mrhardwares.com\/?post_type=product&#038;p=447"},"modified":"2025-01-06T14:54:10","modified_gmt":"2025-01-06T14:54:10","slug":"bulk-cabinet-soft-close-hinges-factory-direct-sales","status":"publish","type":"product","link":"https:\/\/www.mrhardwares.com\/pt\/product\/bulk-cabinet-soft-close-hinges-factory-direct-sales\/","title":{"rendered":"Dobradi\u00e7as de fechamento suave do gabinete a granel personaliz\u00e1veis \uff0c Venda direta da f\u00e1brica de dobradi\u00e7as auto-destac\u00e1veis \uff08878A-C\uff09"},"content":{"rendered":"<h3 class=\"wp-block-heading\">Carater\u00edsticas das dobradi\u00e7as de fecho suave para arm\u00e1rios<\/h3><p><strong>Adequado para utiliza\u00e7\u00e3o em alta frequ\u00eancia: <\/strong>As nossas dobradi\u00e7as para arm\u00e1rios adoptam um design de fecho suave, o que as torna muito adequadas para ambientes de utiliza\u00e7\u00e3o frequente, como arm\u00e1rios de cozinha ou arm\u00e1rios de arquivo de escrit\u00f3rio.<\/p><p><strong>Adapta-se a diferentes pain\u00e9is de porta: <\/strong>Esta dobradi\u00e7a de fecho suave para arm\u00e1rios \u00e9 adequada para v\u00e1rios pain\u00e9is de porta com uma espessura de 13-23 mm, e a dobradi\u00e7a \u00e9 compat\u00edvel com pain\u00e9is de porta de v\u00e1rios materiais, como madeira, placas sint\u00e9ticas, etc., e a sua aplicabilidade \u00e9 mais poderosa.<\/p><p><strong>Grande durabilidade:<\/strong> As dobradi\u00e7as de fecho suave para arm\u00e1rios foram submetidas a rigorosas inspec\u00e7\u00f5es de qualidade e a processos de fabrico de alto n\u00edvel. As nossas dobradi\u00e7as para ferragens de mobili\u00e1rio t\u00eam uma excelente durabilidade e resist\u00eancia ao impacto, proporcionando uma melhor experi\u00eancia de utiliza\u00e7\u00e3o.<\/p><p><strong>Vantagens da compra a granel: <\/strong>Sendo um produto direto da f\u00e1brica, oferecemos pre\u00e7os competitivos, adequados para compras a granel e grossistas, ajudando a reduzir os custos de aquisi\u00e7\u00e3o.<\/p><p><strong>Servi\u00e7o personalizado: <\/strong>Fornecemos servi\u00e7os de dobradi\u00e7as personalizadas OEM e ODM, abrangendo o design do produto, a produ\u00e7\u00e3o de amostras, a satisfa\u00e7\u00e3o das necessidades de design personalizado e solu\u00e7\u00f5es feitas \u00e0 medida para os seus projectos de mobili\u00e1rio.<\/p><h3 class=\"wp-block-heading\">Par\u00e2metros de aplica\u00e7\u00e3o e instala\u00e7\u00e3o da dobradi\u00e7a de \u042435mm<\/h3><p><strong>H = <\/strong>Altura da base da dobradi\u00e7a<br><strong>D = <\/strong>Sobreposi\u00e7\u00e3o necess\u00e1ria no painel lateral<br><strong>K = <\/strong>Dist\u00e2ncia entre o rebordo da porta e os orif\u00edcios de perfura\u00e7\u00e3o no copo da dobradi\u00e7a<br><strong>A = <\/strong>Folga entre a porta e o painel lateral<\/p><figure class=\"wp-block-image size-full\"><img decoding=\"async\" width=\"1600\" height=\"1200\" src=\"https:\/\/www.mrhardwares.com\/wp-content\/uploads\/2024\/12\/Details-of-Cabinet-Soft-Close-Hinges-1.webp\" alt=\"Detalhes de Dobradi\u00e7as de fecho suave para arm\u00e1rios\" class=\"wp-image-450\" srcset=\"https:\/\/www.mrhardwares.com\/wp-content\/uploads\/2024\/12\/Details-of-Cabinet-Soft-Close-Hinges-1.webp 1600w, https:\/\/www.mrhardwares.com\/wp-content\/uploads\/2024\/12\/Details-of-Cabinet-Soft-Close-Hinges-1-300x225.webp 300w, https:\/\/www.mrhardwares.com\/wp-content\/uploads\/2024\/12\/Details-of-Cabinet-Soft-Close-Hinges-1-768x576.webp 768w, https:\/\/www.mrhardwares.com\/wp-content\/uploads\/2024\/12\/Details-of-Cabinet-Soft-Close-Hinges-1-1200x900.webp 1200w, https:\/\/www.mrhardwares.com\/wp-content\/uploads\/2024\/12\/Details-of-Cabinet-Soft-Close-Hinges-1-600x450.webp 600w\" sizes=\"(max-width: 1600px) 100vw, 1600px\" \/><\/figure>","protected":false},"excerpt":{"rendered":"<p>Dobradi\u00e7as de fecho suave de arm\u00e1rio por atacado, compat\u00edveis com uma variedade de materiais, incluindo madeira, placa sint\u00e9tica, adequadas para todos os tipos de portas de arm\u00e1rio, a tecnologia de amortecimento usada melhor para prolongar a vida \u00fatil dos m\u00f3veis. A f\u00e1brica de dobradi\u00e7as Mingrun suporta compras de grande volume e fornece servi\u00e7os de personaliza\u00e7\u00e3o one-stop. Bem-vindo a contactar-nos.<\/p>\n<h2>Especifica\u00e7\u00f5es de Dobradi\u00e7as de fecho suave para arm\u00e1rios<\/h2>\n<table border=\"0\" cellspacing=\"0\" cellpadding=\"0\">\n<tbody style=\"font-size: 14px; border: 1px solid #ccc; overflow: hidden;\">\n<tr style=\"line-height: 1.4;\">\n<td style=\"width: 33%;\" width=\"36\" height=\"30\"><strong>Especifica\u00e7\u00e3o<\/strong><\/td>\n<td style=\"width: 67%;\" width=\"72\"><strong>Detalhes<\/strong><\/td>\n<\/tr>\n<tr style=\"line-height: 1.4;\">\n<td style=\"width: 33%;\" width=\"36\" height=\"30\"><strong>N\u00famero do modelo<\/strong><\/td>\n<td style=\"width: 67%;\" width=\"72\">878 - A\uff0c 878 - B\uff0c 878 - C<\/td>\n<\/tr>\n<tr style=\"line-height: 1.4;\">\n<td style=\"width: 33%;\" width=\"36\" height=\"30\"><strong>Material da dobradi\u00e7a<\/strong><\/td>\n<td style=\"width: 67%;\" width=\"72\">A\u00e7o inoxid\u00e1vel<\/td>\n<\/tr>\n<tr style=\"line-height: 1.4;\">\n<td style=\"width: 33%;\" width=\"36\" height=\"30\"><strong>Tipo de dobradi\u00e7a<\/strong><\/td>\n<td style=\"width: 67%;\" width=\"72\">Dobradi\u00e7a de amortecimento<\/td>\n<\/tr>\n<tr style=\"line-height: 1.4;\">\n<td style=\"width: 33%;\" width=\"36\" height=\"30\"><strong>\u00c2ngulo de abertura<\/strong><\/td>\n<td style=\"width: 67%;\" width=\"72\">105\u00b0<\/td>\n<\/tr>\n<tr style=\"line-height: 1.4;\">\n<td style=\"width: 33%;\" width=\"36\" height=\"40\"><strong>Di\u00e2metro do copo da dobradi\u00e7a<\/strong><\/td>\n<td style=\"width: 67%;\" width=\"72\">35mm<\/td>\n<\/tr>\n<tr style=\"line-height: 1.4;\">\n<td style=\"width: 33%;\" width=\"36\" height=\"40\"><strong>Profundidade do copo da dobradi\u00e7a<\/strong><\/td>\n<td style=\"width: 67%;\" width=\"72\">11,3 mm<\/td>\n<\/tr>\n<tr style=\"line-height: 1.4;\">\n<td style=\"width: 33%;\" width=\"36\" height=\"30\"><strong>Espessura da porta<\/strong><\/td>\n<td style=\"width: 67%;\" width=\"72\">13-23 mm<\/td>\n<\/tr>\n<tr style=\"line-height: 1.4;\">\n<td style=\"width: 33%;\" width=\"36\" height=\"60\"><strong>Cen\u00e1rios aplic\u00e1veis<\/strong><\/td>\n<td style=\"width: 67%;\" width=\"72\">Roupeiro, arm\u00e1rio, estante, arm\u00e1rio de casa de banho e muito mais<\/td>\n<\/tr>\n<tr style=\"line-height: 1.4;\">\n<td style=\"width: 33%;\" width=\"36\" height=\"50\"><strong>Servi\u00e7o OEM e ODM<\/strong><\/td>\n<td style=\"width: 67%;\" width=\"72\">Suporte para personaliza\u00e7\u00e3o f\u00e1cil e personaliza\u00e7\u00e3o profunda<\/td>\n<\/tr>\n<\/tbody>\n<\/table>","protected":false},"featured_media":449,"comment_status":"closed","ping_status":"closed","template":"","meta":{"_acf_changed":false},"product_brand":[],"product_cat":[16,17],"product_tag":[],"class_list":{"0":"post-447","1":"product","2":"type-product","3":"status-publish","4":"has-post-thumbnail","6":"product_cat-wholesale-soft-closing-hinges","7":"product_cat-wholesale-cabinet-hinges","9":"first","10":"instock","11":"shipping-taxable","12":"product-type-simple"},"acf":[],"_links":{"self":[{"href":"https:\/\/www.mrhardwares.com\/pt\/wp-json\/wp\/v2\/product\/447","targetHints":{"allow":["GET"]}}],"collection":[{"href":"https:\/\/www.mrhardwares.com\/pt\/wp-json\/wp\/v2\/product"}],"about":[{"href":"https:\/\/www.mrhardwares.com\/pt\/wp-json\/wp\/v2\/types\/product"}],"replies":[{"embeddable":true,"href":"https:\/\/www.mrhardwares.com\/pt\/wp-json\/wp\/v2\/comments?post=447"}],"wp:featuredmedia":[{"embeddable":true,"href":"https:\/\/www.mrhardwares.com\/pt\/wp-json\/wp\/v2\/media\/449"}],"wp:attachment":[{"href":"https:\/\/www.mrhardwares.com\/pt\/wp-json\/wp\/v2\/media?parent=447"}],"wp:term":[{"taxonomy":"product_brand","embeddable":true,"href":"https:\/\/www.mrhardwares.com\/pt\/wp-json\/wp\/v2\/product_brand?post=447"},{"taxonomy":"product_cat","embeddable":true,"href":"https:\/\/www.mrhardwares.com\/pt\/wp-json\/wp\/v2\/product_cat?post=447"},{"taxonomy":"product_tag","embeddable":true,"href":"https:\/\/www.mrhardwares.com\/pt\/wp-json\/wp\/v2\/product_tag?post=447"}],"curies":[{"name":"wp","href":"https:\/\/api.w.org\/{rel}","templated":true}]}}