{"id":459,"date":"2024-12-27T08:17:00","date_gmt":"2024-12-27T08:17:00","guid":{"rendered":"https:\/\/www.mrhardwares.com\/?post_type=product&#038;p=459"},"modified":"2025-01-06T14:59:01","modified_gmt":"2025-01-06T14:59:01","slug":"wholesale-bulk-soft-close-cupboard-hinges","status":"publish","type":"product","link":"https:\/\/www.mrhardwares.com\/pt\/product\/wholesale-bulk-soft-close-cupboard-hinges\/","title":{"rendered":"Dobradi\u00e7as de arm\u00e1rio de fechamento suave a granel por atacado \uff0c Dobradi\u00e7a de copo raso de bra\u00e7o dobrado (716A-C)"},"content":{"rendered":"<h3 class=\"wp-block-heading\">Carater\u00edsticas das dobradi\u00e7as de arm\u00e1rio de fecho suave <\/h3><p><strong>Design invis\u00edvel: <\/strong>Esta dobradi\u00e7a de arm\u00e1rio de fecho suave torna a dobradi\u00e7a quase invis\u00edvel ap\u00f3s a instala\u00e7\u00e3o, mantendo o aspeto simples da porta do arm\u00e1rio, em conformidade com o design moderno e minimalista da casa.<\/p><p><strong>Design de ch\u00e1vena pouco profundo: <\/strong>O design do copo raso torna a dobradi\u00e7a mais compacta, adequada para m\u00f3veis com espa\u00e7o limitado, e pode reduzir o espa\u00e7o ocupado pela pr\u00f3pria dobradi\u00e7a.<\/p><p><strong>Design de haste dobrada:<\/strong> O design da haste dobrada ajuda a dobradi\u00e7a a fornecer um melhor suporte, permitindo que o painel da porta abra e feche suavemente, e n\u00e3o \u00e9 f\u00e1cil de deformar ou danificar mesmo sob carga elevada.<\/p><p><strong>Ampla aplica\u00e7\u00e3o: <\/strong>Adequado para v\u00e1rios tipos de portas de arm\u00e1rios, tais como portas de roupeiros, portas de arm\u00e1rios de cozinha, portas de arm\u00e1rios de casa de banho, etc., para satisfazer as necessidades de diferentes espa\u00e7os dom\u00e9sticos ou comerciais.<\/p><p><strong>Personaliza\u00e7\u00e3o OEM e ODM: <\/strong>Fornecemos solu\u00e7\u00f5es profissionais de dobradi\u00e7as personalizadas para garantir que a dobradi\u00e7a corresponde perfeitamente \u00e0s suas necessidades de design de mobili\u00e1rio.<\/p><h3 class=\"wp-block-heading\">Par\u00e2metros de aplica\u00e7\u00e3o e instala\u00e7\u00e3o da dobradi\u00e7a de \u042435mm<\/h3><p><strong>H = <\/strong>Altura da base da dobradi\u00e7a<br><strong>D = <\/strong>Sobreposi\u00e7\u00e3o necess\u00e1ria no painel lateral<br><strong>K = <\/strong>Dist\u00e2ncia entre o rebordo da porta e os orif\u00edcios de perfura\u00e7\u00e3o no copo da dobradi\u00e7a<br><strong>A = <\/strong>Folga entre a porta e o painel lateral<\/p><figure class=\"wp-block-image size-full\"><img decoding=\"async\" width=\"1600\" height=\"1200\" src=\"https:\/\/www.mrhardwares.com\/wp-content\/uploads\/2024\/12\/Details-of-Soft-Close-Cupboard-Hinges.webp\" alt=\"Detalhes de Dobradi\u00e7as para arm\u00e1rios de fecho suave\" class=\"wp-image-463\" srcset=\"https:\/\/www.mrhardwares.com\/wp-content\/uploads\/2024\/12\/Details-of-Soft-Close-Cupboard-Hinges.webp 1600w, https:\/\/www.mrhardwares.com\/wp-content\/uploads\/2024\/12\/Details-of-Soft-Close-Cupboard-Hinges-300x225.webp 300w, https:\/\/www.mrhardwares.com\/wp-content\/uploads\/2024\/12\/Details-of-Soft-Close-Cupboard-Hinges-768x576.webp 768w, https:\/\/www.mrhardwares.com\/wp-content\/uploads\/2024\/12\/Details-of-Soft-Close-Cupboard-Hinges-1200x900.webp 1200w, https:\/\/www.mrhardwares.com\/wp-content\/uploads\/2024\/12\/Details-of-Soft-Close-Cupboard-Hinges-600x450.webp 600w\" sizes=\"(max-width: 1600px) 100vw, 1600px\" \/><\/figure>","protected":false},"excerpt":{"rendered":"<p>As dobradi\u00e7as para arm\u00e1rios de fecho suave por atacado s\u00e3o amplamente utilizadas em roupeiros, arm\u00e1rios, arm\u00e1rios de cozinha, arm\u00e1rios de casa de banho e outros m\u00f3veis. Eles s\u00e3o a escolha ideal para melhorar a qualidade e a experi\u00eancia de uso de m\u00f3veis. Ao comprar as nossas dobradi\u00e7as de fecho suave por atacado, pode desfrutar de produtos de alta qualidade enquanto obt\u00e9m pre\u00e7os mais competitivos e tempo de entrega flex\u00edvel. Bem-vindo a contactar-nos.<\/p>\n<h2>Especifica\u00e7\u00f5es das dobradi\u00e7as para arm\u00e1rios de fecho suave<\/h2>\n<table border=\"0\" cellspacing=\"0\" cellpadding=\"0\">\n<tbody style=\"font-size: 14px; border: 1px solid #ccc; overflow: hidden;\">\n<tr style=\"line-height: 1.4;\">\n<td style=\"width: 33%;\" width=\"36\" height=\"30\"><strong>Especifica\u00e7\u00e3o<\/strong><\/td>\n<td style=\"width: 67%;\" width=\"72\"><strong>Detalhes<\/strong><\/td>\n<\/tr>\n<tr style=\"line-height: 1.4;\">\n<td style=\"width: 33%;\" width=\"36\" height=\"30\"><strong>N\u00famero do modelo<\/strong><\/td>\n<td style=\"width: 67%;\" width=\"72\">716-A\uff0c716-B\uff0c716-C<\/td>\n<\/tr>\n<tr style=\"line-height: 1.4;\">\n<td style=\"width: 33%;\" width=\"36\" height=\"30\"><strong>Material da dobradi\u00e7a<\/strong><\/td>\n<td style=\"width: 67%;\" width=\"72\">A\u00e7o inoxid\u00e1vel<\/td>\n<\/tr>\n<tr style=\"line-height: 1.4;\">\n<td style=\"width: 33%;\" width=\"36\" height=\"30\"><strong>Tipo de dobradi\u00e7a<\/strong><\/td>\n<td style=\"width: 67%;\" width=\"72\">Dobradi\u00e7a de amortecimento<\/td>\n<\/tr>\n<tr style=\"line-height: 1.4;\">\n<td style=\"width: 33%;\" width=\"36\" height=\"30\"><strong>\u00c2ngulo de abertura<\/strong><\/td>\n<td style=\"width: 67%;\" width=\"72\">105\u00b0<\/td>\n<\/tr>\n<tr style=\"line-height: 1.4;\">\n<td style=\"width: 33%;\" width=\"36\" height=\"40\"><strong>Di\u00e2metro do copo da dobradi\u00e7a<\/strong><\/td>\n<td style=\"width: 67%;\" width=\"72\">35mm<\/td>\n<\/tr>\n<tr style=\"line-height: 1.4;\">\n<td style=\"width: 33%;\" width=\"36\" height=\"40\"><strong>Profundidade do copo da dobradi\u00e7a<\/strong><\/td>\n<td style=\"width: 67%;\" width=\"72\">11,3 mm<\/td>\n<\/tr>\n<tr style=\"line-height: 1.4;\">\n<td style=\"width: 33%;\" width=\"36\" height=\"30\"><strong>Espessura da porta<\/strong><\/td>\n<td style=\"width: 67%;\" width=\"72\">13-23 mm<\/td>\n<\/tr>\n<tr style=\"line-height: 1.4;\">\n<td style=\"width: 33%;\" width=\"36\" height=\"60\"><strong>Cen\u00e1rios aplic\u00e1veis<\/strong><\/td>\n<td style=\"width: 67%;\" width=\"72\">Roupeiro, arm\u00e1rio, estante, arm\u00e1rio de casa de banho e muito mais<\/td>\n<\/tr>\n<tr style=\"line-height: 1.4;\">\n<td style=\"width: 33%;\" width=\"36\" height=\"50\"><strong>Servi\u00e7o OEM e ODM<\/strong><\/td>\n<td style=\"width: 67%;\" width=\"72\">Suporte para personaliza\u00e7\u00e3o f\u00e1cil e personaliza\u00e7\u00e3o profunda<\/td>\n<\/tr>\n<\/tbody>\n<\/table>","protected":false},"featured_media":462,"comment_status":"closed","ping_status":"closed","template":"","meta":{"_acf_changed":false},"product_brand":[],"product_cat":[16,17,19],"product_tag":[],"class_list":{"0":"post-459","1":"product","2":"type-product","3":"status-publish","4":"has-post-thumbnail","6":"product_cat-wholesale-soft-closing-hinges","7":"product_cat-wholesale-cabinet-hinges","8":"product_cat-wholesale-furniture-hinges","10":"first","11":"instock","12":"shipping-taxable","13":"product-type-simple"},"acf":[],"_links":{"self":[{"href":"https:\/\/www.mrhardwares.com\/pt\/wp-json\/wp\/v2\/product\/459","targetHints":{"allow":["GET"]}}],"collection":[{"href":"https:\/\/www.mrhardwares.com\/pt\/wp-json\/wp\/v2\/product"}],"about":[{"href":"https:\/\/www.mrhardwares.com\/pt\/wp-json\/wp\/v2\/types\/product"}],"replies":[{"embeddable":true,"href":"https:\/\/www.mrhardwares.com\/pt\/wp-json\/wp\/v2\/comments?post=459"}],"wp:featuredmedia":[{"embeddable":true,"href":"https:\/\/www.mrhardwares.com\/pt\/wp-json\/wp\/v2\/media\/462"}],"wp:attachment":[{"href":"https:\/\/www.mrhardwares.com\/pt\/wp-json\/wp\/v2\/media?parent=459"}],"wp:term":[{"taxonomy":"product_brand","embeddable":true,"href":"https:\/\/www.mrhardwares.com\/pt\/wp-json\/wp\/v2\/product_brand?post=459"},{"taxonomy":"product_cat","embeddable":true,"href":"https:\/\/www.mrhardwares.com\/pt\/wp-json\/wp\/v2\/product_cat?post=459"},{"taxonomy":"product_tag","embeddable":true,"href":"https:\/\/www.mrhardwares.com\/pt\/wp-json\/wp\/v2\/product_tag?post=459"}],"curies":[{"name":"wp","href":"https:\/\/api.w.org\/{rel}","templated":true}]}}