{"id":471,"date":"2024-12-27T10:33:21","date_gmt":"2024-12-27T10:33:21","guid":{"rendered":"https:\/\/www.mrhardwares.com\/?post_type=product&#038;p=471"},"modified":"2025-01-06T15:00:19","modified_gmt":"2025-01-06T15:00:19","slug":"wholesale-105-degree-soft-close-bathroom-cabinet-hinges","status":"publish","type":"product","link":"https:\/\/www.mrhardwares.com\/pt\/product\/wholesale-105-degree-soft-close-bathroom-cabinet-hinges\/","title":{"rendered":"Dobradi\u00e7as de 105 graus por atacado, Dobradi\u00e7as de arm\u00e1rio de banheiro de fechamento suave(836A-C)\uff0cSuporte OEM e ODM"},"content":{"rendered":"<h3 class=\"wp-block-heading\">Carater\u00edsticas das dobradi\u00e7as de arm\u00e1rio de casa de banho de fecho suave<\/h3><p><strong>\u00c2ngulo de abertura de 105\u00b0:<\/strong> Esta dobradi\u00e7a oferece uma ampla gama de abertura, permitindo que os utilizadores acedam facilmente aos itens no arm\u00e1rio, adequado para uma variedade de designs de mobili\u00e1rio.<\/p><p><strong>Ampla aplica\u00e7\u00e3o:<\/strong> Adequadas como dobradi\u00e7as de arm\u00e1rios de casa de banho, dobradi\u00e7as de arm\u00e1rios de cozinha e outras dobradi\u00e7as de mobili\u00e1rio, adequadas para uma variedade de utiliza\u00e7\u00f5es em casa e em cen\u00e1rios comerciais.<\/p><p><strong>Melhorar a experi\u00eancia do utilizador:<\/strong> O design com fun\u00e7\u00e3o de fecho suave melhora a textura e a experi\u00eancia de topo de gama dos m\u00f3veis, proporcionando aos utilizadores uma experi\u00eancia de utiliza\u00e7\u00e3o mais confort\u00e1vel e conveniente.<br><br><strong>Instala\u00e7\u00e3o f\u00e1cil<\/strong><\/p><ul class=\"wp-block-list\"><li>Este design de dobradi\u00e7a cumpre a abertura padr\u00e3o do copo da dobradi\u00e7a de 35 mm e \u00e9 adequado para portas de arm\u00e1rios com uma espessura de 13-23 mm, o que \u00e9 conveniente e r\u00e1pido de instalar.<\/li>\n\n<li>As defini\u00e7\u00f5es ajust\u00e1veis tornam o alinhamento da porta do arm\u00e1rio mais preciso e garantem um aspeto limpo e bonito.<\/li><\/ul><p><strong>Personaliza\u00e7\u00e3o do suporte<\/strong><\/p><ul class=\"wp-block-list\"><li>Fornecer uma variedade de op\u00e7\u00f5es de personaliza\u00e7\u00e3o, incluindo tamanho, tratamento de superf\u00edcie, grava\u00e7\u00e3o de log\u00f3tipo, etc., para satisfazer diversas necessidades.<\/li>\n\n<li>Apoiar os servi\u00e7os OEM e ODM para fornecer solu\u00e7\u00f5es \u00e0 medida para grossistas e retalhistas.<\/li><\/ul><h2 class=\"wp-block-heading\"><\/h2><h3 class=\"wp-block-heading\">Par\u00e2metros de aplica\u00e7\u00e3o e instala\u00e7\u00e3o da dobradi\u00e7a de \u042435mm<\/h3><p><strong>H = <\/strong>Altura da base da dobradi\u00e7a<br><strong>D = <\/strong>Sobreposi\u00e7\u00e3o necess\u00e1ria no painel lateral<br><strong>K = <\/strong>Dist\u00e2ncia entre o rebordo da porta e os orif\u00edcios de perfura\u00e7\u00e3o no copo da dobradi\u00e7a<br><strong>A = <\/strong>Folga entre a porta e o painel lateral<\/p><figure class=\"wp-block-image size-full\"><img decoding=\"async\" width=\"1600\" height=\"1200\" src=\"https:\/\/www.mrhardwares.com\/wp-content\/uploads\/2024\/12\/Details-of-Soft-Close-Bathroom-Cabinet-Hinges.webp\" alt=\"Detalhes de Dobradi\u00e7as para arm\u00e1rios de casa de banho de fecho suave\" class=\"wp-image-474\" srcset=\"https:\/\/www.mrhardwares.com\/wp-content\/uploads\/2024\/12\/Details-of-Soft-Close-Bathroom-Cabinet-Hinges.webp 1600w, https:\/\/www.mrhardwares.com\/wp-content\/uploads\/2024\/12\/Details-of-Soft-Close-Bathroom-Cabinet-Hinges-300x225.webp 300w, https:\/\/www.mrhardwares.com\/wp-content\/uploads\/2024\/12\/Details-of-Soft-Close-Bathroom-Cabinet-Hinges-768x576.webp 768w, https:\/\/www.mrhardwares.com\/wp-content\/uploads\/2024\/12\/Details-of-Soft-Close-Bathroom-Cabinet-Hinges-1200x900.webp 1200w, https:\/\/www.mrhardwares.com\/wp-content\/uploads\/2024\/12\/Details-of-Soft-Close-Bathroom-Cabinet-Hinges-600x450.webp 600w\" sizes=\"(max-width: 1600px) 100vw, 1600px\" \/><\/figure><p><\/p>","protected":false},"excerpt":{"rendered":"<p>Dobradi\u00e7as de arm\u00e1rio de casa de banho de fecho suave por atacado, sistema de amortecimento incorporado, com excelente desempenho de amortecimento e durabilidade. Adequado para portas de arm\u00e1rios com espessura de 13-23 mm, adequado para todos os tipos de m\u00f3veis, como arm\u00e1rios, arm\u00e1rios de banheiro, guarda-roupas, etc. Design padronizado, mais f\u00e1cil de instalar. Fornecer servi\u00e7os profissionais de oem e odm, \u00e9 a escolha ideal para grossistas, retalhistas e aquisi\u00e7\u00e3o de projectos. Bem-vindo a contactar-nos.<\/p>\n<h2>Especifica\u00e7\u00f5es de Dobradi\u00e7as para arm\u00e1rios de casa de banho de fecho suave<\/h2>\n<table border=\"0\" cellspacing=\"0\" cellpadding=\"0\">\n<tbody style=\"font-size: 14px; border: 1px solid #ccc; overflow: hidden;\">\n<tr style=\"line-height: 1.4;\">\n<td style=\"width: 33%;\" width=\"36\" height=\"30\"><strong>Especifica\u00e7\u00e3o<\/strong><\/td>\n<td style=\"width: 67%;\" width=\"72\"><strong>Detalhes<\/strong><\/td>\n<\/tr>\n<tr style=\"line-height: 1.4;\">\n<td style=\"width: 33%;\" width=\"36\" height=\"30\"><strong>N\u00famero do modelo<\/strong><\/td>\n<td style=\"width: 67%;\" width=\"72\">836-A, 836-B, 836-C<\/td>\n<\/tr>\n<tr style=\"line-height: 1.4;\">\n<td style=\"width: 33%;\" width=\"36\" height=\"30\"><strong>Material da dobradi\u00e7a<\/strong><\/td>\n<td style=\"width: 67%;\" width=\"72\">A\u00e7o inoxid\u00e1vel<\/td>\n<\/tr>\n<tr style=\"line-height: 1.4;\">\n<td style=\"width: 33%;\" width=\"36\" height=\"30\"><strong>Tipo de dobradi\u00e7a<\/strong><\/td>\n<td style=\"width: 67%;\" width=\"72\">Dobradi\u00e7a de amortecimento<\/td>\n<\/tr>\n<tr style=\"line-height: 1.4;\">\n<td style=\"width: 33%;\" width=\"36\" height=\"30\"><strong>\u00c2ngulo de abertura<\/strong><\/td>\n<td style=\"width: 67%;\" width=\"72\">105\u00b0<\/td>\n<\/tr>\n<tr style=\"line-height: 1.4;\">\n<td style=\"width: 33%;\" width=\"36\" height=\"40\"><strong>Di\u00e2metro do copo da dobradi\u00e7a<\/strong><\/td>\n<td style=\"width: 67%;\" width=\"72\">35mm<\/td>\n<\/tr>\n<tr style=\"line-height: 1.4;\">\n<td style=\"width: 33%;\" width=\"36\" height=\"40\"><strong>Profundidade do copo da dobradi\u00e7a<\/strong><\/td>\n<td style=\"width: 67%;\" width=\"72\">11,3 mm<\/td>\n<\/tr>\n<tr style=\"line-height: 1.4;\">\n<td style=\"width: 33%;\" width=\"36\" height=\"30\"><strong>Espessura da porta<\/strong><\/td>\n<td style=\"width: 67%;\" width=\"72\">13-23 mm<\/td>\n<\/tr>\n<tr style=\"line-height: 1.4;\">\n<td style=\"width: 33%;\" width=\"36\" height=\"60\"><strong>Cen\u00e1rios aplic\u00e1veis<\/strong><\/td>\n<td style=\"width: 67%;\" width=\"72\">Roupeiro, arm\u00e1rio, estante, arm\u00e1rio de casa de banho e muito mais<\/td>\n<\/tr>\n<tr style=\"line-height: 1.4;\">\n<td style=\"width: 33%;\" width=\"36\" height=\"50\"><strong>Servi\u00e7o OEM e ODM<\/strong><\/td>\n<td style=\"width: 67%;\" width=\"72\">Suporte para personaliza\u00e7\u00e3o f\u00e1cil e personaliza\u00e7\u00e3o profunda<\/td>\n<\/tr>\n<\/tbody>\n<\/table>","protected":false},"featured_media":473,"comment_status":"closed","ping_status":"closed","template":"","meta":{"_acf_changed":false},"product_brand":[],"product_cat":[16,17,19],"product_tag":[],"class_list":{"0":"post-471","1":"product","2":"type-product","3":"status-publish","4":"has-post-thumbnail","6":"product_cat-wholesale-soft-closing-hinges","7":"product_cat-wholesale-cabinet-hinges","8":"product_cat-wholesale-furniture-hinges","10":"first","11":"instock","12":"shipping-taxable","13":"product-type-simple"},"acf":[],"_links":{"self":[{"href":"https:\/\/www.mrhardwares.com\/pt\/wp-json\/wp\/v2\/product\/471","targetHints":{"allow":["GET"]}}],"collection":[{"href":"https:\/\/www.mrhardwares.com\/pt\/wp-json\/wp\/v2\/product"}],"about":[{"href":"https:\/\/www.mrhardwares.com\/pt\/wp-json\/wp\/v2\/types\/product"}],"replies":[{"embeddable":true,"href":"https:\/\/www.mrhardwares.com\/pt\/wp-json\/wp\/v2\/comments?post=471"}],"wp:featuredmedia":[{"embeddable":true,"href":"https:\/\/www.mrhardwares.com\/pt\/wp-json\/wp\/v2\/media\/473"}],"wp:attachment":[{"href":"https:\/\/www.mrhardwares.com\/pt\/wp-json\/wp\/v2\/media?parent=471"}],"wp:term":[{"taxonomy":"product_brand","embeddable":true,"href":"https:\/\/www.mrhardwares.com\/pt\/wp-json\/wp\/v2\/product_brand?post=471"},{"taxonomy":"product_cat","embeddable":true,"href":"https:\/\/www.mrhardwares.com\/pt\/wp-json\/wp\/v2\/product_cat?post=471"},{"taxonomy":"product_tag","embeddable":true,"href":"https:\/\/www.mrhardwares.com\/pt\/wp-json\/wp\/v2\/product_tag?post=471"}],"curies":[{"name":"wp","href":"https:\/\/api.w.org\/{rel}","templated":true}]}}