{"id":478,"date":"2024-12-28T04:07:07","date_gmt":"2024-12-28T04:07:07","guid":{"rendered":"https:\/\/www.mrhardwares.com\/?post_type=product&#038;p=478"},"modified":"2025-01-06T15:00:58","modified_gmt":"2025-01-06T15:00:58","slug":"custom-best-soft-close-cabinet-hinges-for-sale","status":"publish","type":"product","link":"https:\/\/www.mrhardwares.com\/pt\/product\/custom-best-soft-close-cabinet-hinges-for-sale\/","title":{"rendered":"Dobradi\u00e7as de arm\u00e1rio de fecho suave personalizadas a granel (666A-C) - Dobradi\u00e7as Mingrun Fabricante"},"content":{"rendered":"<h3 class=\"wp-block-heading\">Carater\u00edsticas das dobradi\u00e7as de arm\u00e1rio de fecho suave<\/h3><p><strong>Mecanismo de fecho suave e macio: <\/strong>Esta dobradi\u00e7a est\u00e1 equipada com uma fun\u00e7\u00e3o de fecho suave para garantir que a porta do arm\u00e1rio se fecha de forma suave e silenciosa, evitando o impacto violento do painel da porta e reduzindo o desgaste da dobradi\u00e7a e do arm\u00e1rio.<\/p><p><strong>Ampla compatibilidade:<\/strong> Adequado para v\u00e1rias aplica\u00e7\u00f5es de arm\u00e1rios, incluindo arm\u00e1rios de cozinha, arm\u00e1rios de casa de banho e outro mobili\u00e1rio, adequado para uma variedade de estilos e especifica\u00e7\u00f5es de design.<\/p><p><strong>Servi\u00e7o de personaliza\u00e7\u00e3o OEM e ODM:<\/strong> Fornecemos solu\u00e7\u00f5es personalizadas de dobradi\u00e7as, fabricando produtos de dobradi\u00e7as exclusivos para o seu projeto atrav\u00e9s de design, fabrico de amostras e produ\u00e7\u00e3o<\/p><p><strong>Vantagens das dobradi\u00e7as de duas liga\u00e7\u00f5es de extremidade aberta (instala\u00e7\u00e3o fixa):<\/strong><\/p><p><strong>Forte estabilidade: <\/strong>O design de duas liga\u00e7\u00f5es de extremidade aberta garante que a dobradi\u00e7a est\u00e1 firmemente fixada ao painel e ao caixilho da porta para evitar folgas ou instabilidade devido \u00e0 abertura e fecho frequentes da porta.<\/p><p><strong>Estrutura simples: <\/strong>O processo de instala\u00e7\u00e3o \u00e9 relativamente simples, reduzindo as etapas complexas de ajuste e desmontagem e reduzindo a dificuldade de instala\u00e7\u00e3o.<\/p><p><strong>Forte resist\u00eancia aos sismos:<\/strong> Uma vez que a dobradi\u00e7a est\u00e1 ligada atrav\u00e9s de dois pontos fixos, a estrutura geral \u00e9 mais s\u00f3lida e pode resistir eficazmente \u00e0 vibra\u00e7\u00e3o e ao impacto na utiliza\u00e7\u00e3o di\u00e1ria.<\/p><h3 class=\"wp-block-heading\">Par\u00e2metros de aplica\u00e7\u00e3o e instala\u00e7\u00e3o da dobradi\u00e7a de \u042435mm<\/h3><p><strong>H = <\/strong>Altura da base da dobradi\u00e7a<br><strong>D = <\/strong>Sobreposi\u00e7\u00e3o necess\u00e1ria no painel lateral<br><strong>K = <\/strong>Dist\u00e2ncia entre o rebordo da porta e os orif\u00edcios de perfura\u00e7\u00e3o no copo da dobradi\u00e7a<br><strong>A = <\/strong>Folga entre a porta e o painel lateral<\/p><figure class=\"wp-block-image size-full\"><img decoding=\"async\" width=\"1600\" height=\"1200\" src=\"https:\/\/www.mrhardwares.com\/wp-content\/uploads\/2024\/12\/Details-of-Soft-Close-Cabinet-Hinges.webp\" alt=\"Detalhes de Dobradi\u00e7as de arm\u00e1rio de fecho suave\" class=\"wp-image-481\" srcset=\"https:\/\/www.mrhardwares.com\/wp-content\/uploads\/2024\/12\/Details-of-Soft-Close-Cabinet-Hinges.webp 1600w, https:\/\/www.mrhardwares.com\/wp-content\/uploads\/2024\/12\/Details-of-Soft-Close-Cabinet-Hinges-300x225.webp 300w, https:\/\/www.mrhardwares.com\/wp-content\/uploads\/2024\/12\/Details-of-Soft-Close-Cabinet-Hinges-768x576.webp 768w, https:\/\/www.mrhardwares.com\/wp-content\/uploads\/2024\/12\/Details-of-Soft-Close-Cabinet-Hinges-1200x900.webp 1200w, https:\/\/www.mrhardwares.com\/wp-content\/uploads\/2024\/12\/Details-of-Soft-Close-Cabinet-Hinges-600x450.webp 600w\" sizes=\"(max-width: 1600px) 100vw, 1600px\" \/><\/figure>","protected":false},"excerpt":{"rendered":"<p>Dobradi\u00e7as de arm\u00e1rio de fechamento suave por atacado, nossas dobradi\u00e7as de arm\u00e1rio de fechamento suave personalizadas, fornecem excelente desempenho, podem ser personalizadas de acordo com suas necessidades espec\u00edficas, atendem aos requisitos de diferentes tamanhos, tratamentos de superf\u00edcie ou fun\u00e7\u00f5es especiais, tornando-as adequadas para diferentes tipos de m\u00f3veis. Bem-vindo a contactar-nos.<\/p>\n<h2>Especifica\u00e7\u00f5es de Dobradi\u00e7as de arm\u00e1rio personalizadas de fecho suave<\/h2>\n<table border=\"0\" cellspacing=\"0\" cellpadding=\"0\">\n<tbody style=\"font-size: 14px; border: 1px solid #ccc; overflow: hidden;\">\n<tr style=\"line-height: 1.4;\">\n<td style=\"width: 33%;\" width=\"36\" height=\"30\"><strong>Especifica\u00e7\u00e3o<\/strong><\/td>\n<td style=\"width: 67%;\" width=\"72\"><strong>Detalhes<\/strong><\/td>\n<\/tr>\n<tr style=\"line-height: 1.4;\">\n<td style=\"width: 33%;\" width=\"36\" height=\"30\"><strong>N\u00famero do modelo<\/strong><\/td>\n<td style=\"width: 67%;\" width=\"72\">666-A,666-B,666-C<\/td>\n<\/tr>\n<tr style=\"line-height: 1.4;\">\n<td style=\"width: 33%;\" width=\"36\" height=\"30\"><strong>Material da dobradi\u00e7a<\/strong><\/td>\n<td style=\"width: 67%;\" width=\"72\">A\u00e7o inoxid\u00e1vel<\/td>\n<\/tr>\n<tr style=\"line-height: 1.4;\">\n<td style=\"width: 33%;\" width=\"36\" height=\"30\"><strong>Tipo de dobradi\u00e7a<\/strong><\/td>\n<td style=\"width: 67%;\" width=\"72\">Dobradi\u00e7a de amortecimento<\/td>\n<\/tr>\n<tr style=\"line-height: 1.4;\">\n<td style=\"width: 33%;\" width=\"36\" height=\"30\"><strong>\u00c2ngulo de abertura<\/strong><\/td>\n<td style=\"width: 67%;\" width=\"72\">105\u00b0<\/td>\n<\/tr>\n<tr style=\"line-height: 1.4;\">\n<td style=\"width: 33%;\" width=\"36\" height=\"40\"><strong>Di\u00e2metro do copo da dobradi\u00e7a<\/strong><\/td>\n<td style=\"width: 67%;\" width=\"72\">35mm<\/td>\n<\/tr>\n<tr style=\"line-height: 1.4;\">\n<td style=\"width: 33%;\" width=\"36\" height=\"40\"><strong>Profundidade do copo da dobradi\u00e7a<\/strong><\/td>\n<td style=\"width: 67%;\" width=\"72\">11,3 mm<\/td>\n<\/tr>\n<tr style=\"line-height: 1.4;\">\n<td style=\"width: 33%;\" width=\"36\" height=\"30\"><strong>Espessura da porta<\/strong><\/td>\n<td style=\"width: 67%;\" width=\"72\">13-23 mm<\/td>\n<\/tr>\n<tr style=\"line-height: 1.4;\">\n<td style=\"width: 33%;\" width=\"36\" height=\"60\"><strong>Cen\u00e1rios aplic\u00e1veis<\/strong><\/td>\n<td style=\"width: 67%;\" width=\"72\">Roupeiro, arm\u00e1rio, estante, arm\u00e1rio de casa de banho e muito mais<\/td>\n<\/tr>\n<tr style=\"line-height: 1.4;\">\n<td style=\"width: 33%;\" width=\"36\" height=\"50\"><strong>Servi\u00e7o OEM e ODM<\/strong><\/td>\n<td style=\"width: 67%;\" width=\"72\">Suporte para personaliza\u00e7\u00e3o f\u00e1cil e personaliza\u00e7\u00e3o profunda<\/td>\n<\/tr>\n<\/tbody>\n<\/table>","protected":false},"featured_media":482,"comment_status":"closed","ping_status":"closed","template":"","meta":{"_acf_changed":false},"product_brand":[],"product_cat":[16,17,19],"product_tag":[],"class_list":{"0":"post-478","1":"product","2":"type-product","3":"status-publish","4":"has-post-thumbnail","6":"product_cat-wholesale-soft-closing-hinges","7":"product_cat-wholesale-cabinet-hinges","8":"product_cat-wholesale-furniture-hinges","10":"first","11":"instock","12":"shipping-taxable","13":"product-type-simple"},"acf":[],"_links":{"self":[{"href":"https:\/\/www.mrhardwares.com\/pt\/wp-json\/wp\/v2\/product\/478","targetHints":{"allow":["GET"]}}],"collection":[{"href":"https:\/\/www.mrhardwares.com\/pt\/wp-json\/wp\/v2\/product"}],"about":[{"href":"https:\/\/www.mrhardwares.com\/pt\/wp-json\/wp\/v2\/types\/product"}],"replies":[{"embeddable":true,"href":"https:\/\/www.mrhardwares.com\/pt\/wp-json\/wp\/v2\/comments?post=478"}],"wp:featuredmedia":[{"embeddable":true,"href":"https:\/\/www.mrhardwares.com\/pt\/wp-json\/wp\/v2\/media\/482"}],"wp:attachment":[{"href":"https:\/\/www.mrhardwares.com\/pt\/wp-json\/wp\/v2\/media?parent=478"}],"wp:term":[{"taxonomy":"product_brand","embeddable":true,"href":"https:\/\/www.mrhardwares.com\/pt\/wp-json\/wp\/v2\/product_brand?post=478"},{"taxonomy":"product_cat","embeddable":true,"href":"https:\/\/www.mrhardwares.com\/pt\/wp-json\/wp\/v2\/product_cat?post=478"},{"taxonomy":"product_tag","embeddable":true,"href":"https:\/\/www.mrhardwares.com\/pt\/wp-json\/wp\/v2\/product_tag?post=478"}],"curies":[{"name":"wp","href":"https:\/\/api.w.org\/{rel}","templated":true}]}}