{"id":483,"date":"2024-12-28T04:07:20","date_gmt":"2024-12-28T04:07:20","guid":{"rendered":"https:\/\/www.mrhardwares.com\/?post_type=product&#038;p=483"},"modified":"2025-05-20T08:42:07","modified_gmt":"2025-05-20T08:42:07","slug":"wholesale-soft-close-cupboard-door-hinges","status":"publish","type":"product","link":"https:\/\/www.mrhardwares.com\/pt\/product\/wholesale-soft-close-cupboard-door-hinges\/","title":{"rendered":"Dobradi\u00e7as para portas de arm\u00e1rio de fecho suave por atacado (678A-C) - Dobradi\u00e7as Mingrun Fabricante, Suporte OEM&amp;ODM"},"content":{"rendered":"<h3 class=\"wp-block-heading\">Carater\u00edsticas das dobradi\u00e7as para portas de arm\u00e1rios com fecho suave<\/h3><p><strong>Design de liga\u00e7\u00e3o bidirecional aberta (instala\u00e7\u00e3o fixa): <\/strong>A dobradi\u00e7a adopta um m\u00e9todo de liga\u00e7\u00e3o bidirecional de extremidade aberta, que proporciona estabilidade e fiabilidade adicionais. A dobradi\u00e7a \u00e9 fixada firmemente atrav\u00e9s de dois pontos de fixa\u00e7\u00e3o para evitar que se solte ou trema durante a utiliza\u00e7\u00e3o.<\/p><p><strong>\u00c9 bonito e pr\u00e1tico: <\/strong>Esta dobradi\u00e7a para porta de arm\u00e1rio de fecho suave tem um design simples e moderno e pode ser combinada com arm\u00e1rios de v\u00e1rios estilos, o que n\u00e3o s\u00f3 melhora o aspeto do arm\u00e1rio, como tamb\u00e9m aumenta a funcionalidade.<\/p><p><strong>Baixa necessidade de manuten\u00e7\u00e3o:<\/strong> Devido \u00e0 sua estrutura est\u00e1vel e carater\u00edsticas de fecho suave, a dobradi\u00e7a requer menos manuten\u00e7\u00e3o e h\u00e1 menos falhas ou problemas na utiliza\u00e7\u00e3o a longo prazo, proporcionando uma melhor experi\u00eancia ao utilizador.<\/p><p><strong>Servi\u00e7o de personaliza\u00e7\u00e3o OEM&amp;ODM: <\/strong>Fornecemos uma solu\u00e7\u00e3o completa de dobradi\u00e7as personalizadas para garantir que cada dobradi\u00e7a personalizada pode combinar perfeitamente com o seu arm\u00e1rio ou mobili\u00e1rio.<\/p><h3 class=\"wp-block-heading\">Par\u00e2metros de aplica\u00e7\u00e3o e instala\u00e7\u00e3o da dobradi\u00e7a de \u042435mm<\/h3><p><strong>H = <\/strong>Altura da base da dobradi\u00e7a<br><strong>D = <\/strong>Sobreposi\u00e7\u00e3o necess\u00e1ria no painel lateral<br><strong>K = <\/strong>Dist\u00e2ncia entre o rebordo da porta e os orif\u00edcios de perfura\u00e7\u00e3o no copo da dobradi\u00e7a<br><strong>A = <\/strong>Folga entre a porta e o painel lateral<\/p><figure class=\"wp-block-image size-full\"><img decoding=\"async\" width=\"1600\" height=\"1200\" src=\"https:\/\/www.mrhardwares.com\/wp-content\/uploads\/2024\/12\/Details-of-Soft-Close-Cupboard-Door-Hinges-1.webp\" alt=\"Detalhes de Dobradi\u00e7as para portas de arm\u00e1rios de fecho suave\" class=\"wp-image-486\" srcset=\"https:\/\/www.mrhardwares.com\/wp-content\/uploads\/2024\/12\/Details-of-Soft-Close-Cupboard-Door-Hinges-1.webp 1600w, https:\/\/www.mrhardwares.com\/wp-content\/uploads\/2024\/12\/Details-of-Soft-Close-Cupboard-Door-Hinges-1-300x225.webp 300w, https:\/\/www.mrhardwares.com\/wp-content\/uploads\/2024\/12\/Details-of-Soft-Close-Cupboard-Door-Hinges-1-768x576.webp 768w, https:\/\/www.mrhardwares.com\/wp-content\/uploads\/2024\/12\/Details-of-Soft-Close-Cupboard-Door-Hinges-1-1200x900.webp 1200w, https:\/\/www.mrhardwares.com\/wp-content\/uploads\/2024\/12\/Details-of-Soft-Close-Cupboard-Door-Hinges-1-600x450.webp 600w\" sizes=\"(max-width: 1600px) 100vw, 1600px\" \/><\/figure>","protected":false},"excerpt":{"rendered":"<p>Dobradi\u00e7as de porta de arm\u00e1rio de fecho suave por atacado, as dobradi\u00e7as adoptam um design de fecho suave, que pode alcan\u00e7ar um fecho suave e silencioso, e pode resolver perfeitamente os problemas de ru\u00eddo e impacto ao fechar pain\u00e9is de portas articuladas tradicionais, proporcionando aos seus arm\u00e1rios uma vida \u00fatil mais longa e maior seguran\u00e7a. Bem-vindo grossistas, distribuidores, contacte-nos para obter or\u00e7amentos.<\/p>\n<h2>Especifica\u00e7\u00f5es de Dobradi\u00e7as para portas de arm\u00e1rios de fecho suave<\/h2>\n<table border=\"0\" cellspacing=\"0\" cellpadding=\"0\">\n<tbody style=\"font-size: 14px; border: 1px solid #ccc; overflow: hidden;\">\n<tr style=\"line-height: 1.4;\">\n<td style=\"width: 33%;\" width=\"36\" height=\"30\"><strong>Especifica\u00e7\u00e3o<\/strong><\/td>\n<td style=\"width: 67%;\" width=\"72\"><strong>Detalhes<\/strong><\/td>\n<\/tr>\n<tr style=\"line-height: 1.4;\">\n<td style=\"width: 33%;\" width=\"36\" height=\"30\"><strong>N\u00famero do modelo<\/strong><\/td>\n<td style=\"width: 67%;\" width=\"72\">678-A,678-B,678-C<\/td>\n<\/tr>\n<tr style=\"line-height: 1.4;\">\n<td style=\"width: 33%;\" width=\"36\" height=\"30\"><strong>Material da dobradi\u00e7a<\/strong><\/td>\n<td style=\"width: 67%;\" width=\"72\">A\u00e7o inoxid\u00e1vel<\/td>\n<\/tr>\n<tr style=\"line-height: 1.4;\">\n<td style=\"width: 33%;\" width=\"36\" height=\"30\"><strong>Tipo de dobradi\u00e7a<\/strong><\/td>\n<td style=\"width: 67%;\" width=\"72\">Dobradi\u00e7a de amortecimento<\/td>\n<\/tr>\n<tr style=\"line-height: 1.4;\">\n<td style=\"width: 33%;\" width=\"36\" height=\"30\"><strong>\u00c2ngulo de abertura<\/strong><\/td>\n<td style=\"width: 67%;\" width=\"72\">105\u00b0<\/td>\n<\/tr>\n<tr style=\"line-height: 1.4;\">\n<td style=\"width: 33%;\" width=\"36\" height=\"40\"><strong>Di\u00e2metro do copo da dobradi\u00e7a<\/strong><\/td>\n<td style=\"width: 67%;\" width=\"72\">35mm<\/td>\n<\/tr>\n<tr style=\"line-height: 1.4;\">\n<td style=\"width: 33%;\" width=\"36\" height=\"40\"><strong>Profundidade do copo da dobradi\u00e7a<\/strong><\/td>\n<td style=\"width: 67%;\" width=\"72\">11,3 mm<\/td>\n<\/tr>\n<tr style=\"line-height: 1.4;\">\n<td style=\"width: 33%;\" width=\"36\" height=\"30\"><strong>Espessura da porta<\/strong><\/td>\n<td style=\"width: 67%;\" width=\"72\">13-23 mm<\/td>\n<\/tr>\n<tr style=\"line-height: 1.4;\">\n<td style=\"width: 33%;\" width=\"36\" height=\"60\"><strong>Cen\u00e1rios aplic\u00e1veis<\/strong><\/td>\n<td style=\"width: 67%;\" width=\"72\">Roupeiro, arm\u00e1rio, estante, arm\u00e1rio de casa de banho e muito mais<\/td>\n<\/tr>\n<tr style=\"line-height: 1.4;\">\n<td style=\"width: 33%;\" width=\"36\" height=\"50\"><strong>Servi\u00e7o OEM e ODM<\/strong><\/td>\n<td style=\"width: 67%;\" width=\"72\">Suporte para personaliza\u00e7\u00e3o f\u00e1cil e personaliza\u00e7\u00e3o profunda<\/td>\n<\/tr>\n<\/tbody>\n<\/table>","protected":false},"featured_media":485,"comment_status":"closed","ping_status":"closed","template":"","meta":{"_acf_changed":false},"product_brand":[],"product_cat":[16,17,19],"product_tag":[],"class_list":{"0":"post-483","1":"product","2":"type-product","3":"status-publish","4":"has-post-thumbnail","6":"product_cat-wholesale-soft-closing-hinges","7":"product_cat-wholesale-cabinet-hinges","8":"product_cat-wholesale-furniture-hinges","10":"first","11":"instock","12":"shipping-taxable","13":"product-type-simple"},"acf":[],"_links":{"self":[{"href":"https:\/\/www.mrhardwares.com\/pt\/wp-json\/wp\/v2\/product\/483","targetHints":{"allow":["GET"]}}],"collection":[{"href":"https:\/\/www.mrhardwares.com\/pt\/wp-json\/wp\/v2\/product"}],"about":[{"href":"https:\/\/www.mrhardwares.com\/pt\/wp-json\/wp\/v2\/types\/product"}],"replies":[{"embeddable":true,"href":"https:\/\/www.mrhardwares.com\/pt\/wp-json\/wp\/v2\/comments?post=483"}],"wp:featuredmedia":[{"embeddable":true,"href":"https:\/\/www.mrhardwares.com\/pt\/wp-json\/wp\/v2\/media\/485"}],"wp:attachment":[{"href":"https:\/\/www.mrhardwares.com\/pt\/wp-json\/wp\/v2\/media?parent=483"}],"wp:term":[{"taxonomy":"product_brand","embeddable":true,"href":"https:\/\/www.mrhardwares.com\/pt\/wp-json\/wp\/v2\/product_brand?post=483"},{"taxonomy":"product_cat","embeddable":true,"href":"https:\/\/www.mrhardwares.com\/pt\/wp-json\/wp\/v2\/product_cat?post=483"},{"taxonomy":"product_tag","embeddable":true,"href":"https:\/\/www.mrhardwares.com\/pt\/wp-json\/wp\/v2\/product_tag?post=483"}],"curies":[{"name":"wp","href":"https:\/\/api.w.org\/{rel}","templated":true}]}}