{"id":852,"date":"2025-03-21T03:16:02","date_gmt":"2025-03-21T03:16:02","guid":{"rendered":"https:\/\/www.mrhardwares.com\/?post_type=product&#038;p=852"},"modified":"2025-07-30T01:15:11","modified_gmt":"2025-07-30T01:15:11","slug":"wholesale-and-custom-soft-closing-furniture-hinges","status":"publish","type":"product","link":"https:\/\/www.mrhardwares.com\/pt\/product\/wholesale-and-custom-soft-closing-furniture-hinges\/","title":{"rendered":"Dobradi\u00e7as para m\u00f3veis com fecho suave MR-TD - Fabricante de dobradi\u00e7as Mingrun"},"content":{"rendered":"<h3 class=\"wp-block-heading\">Carater\u00edsticas das dobradi\u00e7as para m\u00f3veis de fecho suave<\/h3><p><strong>Instala\u00e7\u00e3o f\u00e1cil:<\/strong> O design da dobradi\u00e7a de fecho suave MR-TD \u00e9 conveniente para a instala\u00e7\u00e3o. Os clientes podem instal\u00e1-la facilmente de acordo com as suas necessidades, o que \u00e9 vantajoso para as empresas de mobili\u00e1rio que precisam de instalar em grandes quantidades.<\/p><p><strong>Melhoria da experi\u00eancia do utilizador: <\/strong>Atrav\u00e9s de um processo de fecho lento e suave, a dobradi\u00e7a de fecho suave proporciona aos clientes uma melhor experi\u00eancia, aumentando o conforto e a comodidade de utiliza\u00e7\u00e3o.<\/p><p><strong>Aplica\u00e7\u00f5es com elevada frequ\u00eancia de utiliza\u00e7\u00e3o:<\/strong> As dobradi\u00e7as de fecho suave MR-TD s\u00e3o especificamente concebidas para aplica\u00e7\u00f5es de mobili\u00e1rio que requerem abertura e fecho de alta frequ\u00eancia, tais como edif\u00edcios p\u00fablicos, cozinhas comerciais, escrit\u00f3rios, etc.<\/p><p><strong>Necessidades de personaliza\u00e7\u00e3o variadas: <\/strong>Oferecemos op\u00e7\u00f5es de personaliza\u00e7\u00e3o com diferentes especifica\u00e7\u00f5es, fun\u00e7\u00f5es e dimens\u00f5es para adaptar as dobradi\u00e7as para m\u00f3veis mais adequadas para si.<\/p>","protected":false},"excerpt":{"rendered":"<p>As dobradi\u00e7as de fecho suave por atacado, as dobradi\u00e7as de fecho suave podem maximizar a vida \u00fatil dos m\u00f3veis, garantindo que a porta do arm\u00e1rio se feche de forma suave e silenciosa, adequada para casa, escrit\u00f3rios e locais comerciais. Os pre\u00e7os de f\u00e1brica para compras a granel, grossistas e distribuidores s\u00e3o bem-vindos para nos contactar.<\/p>\n<h2>Especifica\u00e7\u00f5es de Dobradi\u00e7as para m\u00f3veis de fecho suave<\/h2>\n<table border=\"0\" cellspacing=\"0\" cellpadding=\"0\">\n<tbody style=\"font-size: 12px; border: 1px solid #ccc; overflow: hidden;\">\n<tr style=\"line-height: 1.4;\">\n<td style=\"width: 33%;\" width=\"36\" height=\"30\"><strong>Especifica\u00e7\u00e3o<\/strong><\/td>\n<td style=\"width: 67%;\" width=\"72\"><strong>Detalhes<\/strong><\/td>\n<\/tr>\n<tr style=\"line-height: 1.4;\">\n<td style=\"width: 33%;\" width=\"36\" height=\"30\"><strong>N\u00famero do modelo<\/strong><\/td>\n<td style=\"width: 67%;\" width=\"72\">MR-TD<\/td>\n<\/tr>\n<tr style=\"line-height: 1.4;\">\n<td style=\"width: 33%;\" width=\"36\" height=\"30\"><strong>Material da dobradi\u00e7a<\/strong><\/td>\n<td style=\"width: 67%;\" width=\"72\">A\u00e7o laminado a frio<\/td>\n<\/tr>\n<tr style=\"line-height: 1.4;\">\n<td style=\"width: 33%;\" width=\"36\" height=\"30\"><strong>Tipo de dobradi\u00e7a<\/strong><\/td>\n<td style=\"width: 67%;\" width=\"72\">Dobradi\u00e7a para m\u00f3veis com fecho suave<\/td>\n<\/tr>\n<tr style=\"line-height: 1.4;\">\n<td style=\"width: 33%;\" width=\"36\" height=\"60\"><strong>Cen\u00e1rios aplic\u00e1veis<\/strong><\/td>\n<td style=\"width: 67%;\" width=\"72\">Roupeiro, arm\u00e1rio, estante, arm\u00e1rio de casa de banho e muito mais<\/td>\n<\/tr>\n<tr style=\"line-height: 1.4;\">\n<td style=\"width: 33%;\" width=\"36\" height=\"50\"><strong>Servi\u00e7o OEM e ODM<\/strong><\/td>\n<td style=\"width: 67%;\" width=\"72\">Suporte para personaliza\u00e7\u00e3o f\u00e1cil e personaliza\u00e7\u00e3o profunda<\/td>\n<\/tr>\n<\/tbody>\n<\/table>\n<p>\n<script src=\"chrome-extension:\/\/fpelahbljekknahkcaegamhcndkfpfnc\/iFrame.js\" type=\"text\/javascript\"><\/script><\/p>","protected":false},"featured_media":979,"comment_status":"closed","ping_status":"closed","template":"","meta":{"_acf_changed":false},"product_brand":[],"product_cat":[16,17,19,23],"product_tag":[],"class_list":{"0":"post-852","1":"product","2":"type-product","3":"status-publish","4":"has-post-thumbnail","6":"product_cat-wholesale-soft-closing-hinges","7":"product_cat-wholesale-cabinet-hinges","8":"product_cat-wholesale-furniture-hinges","9":"product_cat-wholesale-hydraulic-hinges","11":"first","12":"instock","13":"shipping-taxable","14":"product-type-simple"},"acf":[],"_links":{"self":[{"href":"https:\/\/www.mrhardwares.com\/pt\/wp-json\/wp\/v2\/product\/852","targetHints":{"allow":["GET"]}}],"collection":[{"href":"https:\/\/www.mrhardwares.com\/pt\/wp-json\/wp\/v2\/product"}],"about":[{"href":"https:\/\/www.mrhardwares.com\/pt\/wp-json\/wp\/v2\/types\/product"}],"replies":[{"embeddable":true,"href":"https:\/\/www.mrhardwares.com\/pt\/wp-json\/wp\/v2\/comments?post=852"}],"wp:featuredmedia":[{"embeddable":true,"href":"https:\/\/www.mrhardwares.com\/pt\/wp-json\/wp\/v2\/media\/979"}],"wp:attachment":[{"href":"https:\/\/www.mrhardwares.com\/pt\/wp-json\/wp\/v2\/media?parent=852"}],"wp:term":[{"taxonomy":"product_brand","embeddable":true,"href":"https:\/\/www.mrhardwares.com\/pt\/wp-json\/wp\/v2\/product_brand?post=852"},{"taxonomy":"product_cat","embeddable":true,"href":"https:\/\/www.mrhardwares.com\/pt\/wp-json\/wp\/v2\/product_cat?post=852"},{"taxonomy":"product_tag","embeddable":true,"href":"https:\/\/www.mrhardwares.com\/pt\/wp-json\/wp\/v2\/product_tag?post=852"}],"curies":[{"name":"wp","href":"https:\/\/api.w.org\/{rel}","templated":true}]}}