{"id":868,"date":"2025-03-21T06:19:15","date_gmt":"2025-03-21T06:19:15","guid":{"rendered":"https:\/\/www.mrhardwares.com\/?post_type=product&#038;p=868"},"modified":"2025-12-31T02:09:59","modified_gmt":"2025-12-31T02:09:59","slug":"wholesale-soft-closing-hinge-for-cabinets-mr-db","status":"publish","type":"product","link":"https:\/\/www.mrhardwares.com\/pt\/product\/wholesale-soft-closing-hinge-for-cabinets-mr-db\/","title":{"rendered":"Dobradi\u00e7as de fecho suave por atacado para arm\u00e1rios de cozinha, arm\u00e1rios de casa de banho e roupeiros - MR-DB"},"content":{"rendered":"<h3 class=\"wp-block-heading\">Carater\u00edsticas da dobradi\u00e7a de fecho suave<\/h3><ul class=\"wp-block-list\"><li><strong>Op\u00e7\u00f5es de materiais flex\u00edveis:<\/strong> As dobradi\u00e7as para m\u00f3veis de fecho suave MR-DB est\u00e3o dispon\u00edveis em a\u00e7o inoxid\u00e1vel e a\u00e7o laminado a frio para se adequarem a uma variedade de or\u00e7amentos e ambientes. A op\u00e7\u00e3o de a\u00e7o inoxid\u00e1vel de alta qualidade oferece uma durabilidade superior e resist\u00eancia \u00e0 corros\u00e3o, enquanto o a\u00e7o laminado a frio \u00e9 adequado para projectos com or\u00e7amentos limitados.<br><\/li>\n\n<li><strong>Sistema de amortecimento hidr\u00e1ulico incorporado: <\/strong>Cada dobradi\u00e7a est\u00e1 equipada com um sistema de amortecimento hidr\u00e1ulico incorporado, que assegura que as portas do arm\u00e1rio abrem e fecham de forma suave e silenciosa, melhorando a experi\u00eancia do utilizador e protegendo a estrutura do arm\u00e1rio a longo prazo.<br><\/li>\n\n<li><strong>Seguran\u00e7a refor\u00e7ada:<\/strong> O mecanismo de ressalto suave controlado reduz significativamente a possibilidade de as portas se fecharem com estrondo e estas dobradi\u00e7as s\u00e3o adequadas para utiliza\u00e7\u00e3o em casas com crian\u00e7as e ambientes comerciais com muito tr\u00e1fego.<br><\/li>\n\n<li><strong>Compat\u00edvel com uma variedade de tipos de m\u00f3veis:<\/strong> Estas dobradi\u00e7as para m\u00f3veis com fecho suave s\u00e3o vers\u00e1teis e compat\u00edveis com uma variedade de m\u00f3veis, incluindo arm\u00e1rios de cozinha, toucadores de casa de banho, roupeiros e muito mais.<br><\/li>\n\n<li><strong>Instala\u00e7\u00e3o f\u00e1cil:<\/strong> Suporta m\u00e9todos de instala\u00e7\u00e3o padr\u00e3o, reduzindo o tempo de instala\u00e7\u00e3o para carpinteiros e montadores.<br><\/li>\n\n<li><strong>Fornecimento grossista de dobradi\u00e7as:<\/strong> Como um fabricante de dobradi\u00e7as para mobili\u00e1rio de confian\u00e7a, fornecemos uma cadeia de fornecimento est\u00e1vel, pre\u00e7os a granel altamente competitivos e um servi\u00e7o de apoio ao cliente reativo.<\/li><\/ul>","protected":false},"excerpt":{"rendered":"<p><strong>Pre\u00e7o: US $0.14\/unidade<\/strong><\/p>\n<p>As dobradi\u00e7as de fecho suave por atacado, com amortecimento hidr\u00e1ulico incorporado, proporcionam uma experi\u00eancia de fecho suave e silenciosa. Este modelo \u00e9 adequado para arm\u00e1rios de cozinha, roupeiros e m\u00f3veis de casa de banho. N\u00f3s fornecemos o fornecimento de dobradi\u00e7as para m\u00f3veis a granel e solu\u00e7\u00f5es personalizadas OEM e ODM. Bem-vindo a contactar-nos.<\/p>\n<p><strong><a href=\"https:\/\/www.mrhardwares.com\/pt\/custom-solution\/\" target=\"_blank\" rel=\"noopener\">Saiba mais sobre as solu\u00e7\u00f5es de dobradi\u00e7as para m\u00f3veis personalizadas OEM e ODM \u2192<\/a><\/strong><\/p>\n<h2>Especifica\u00e7\u00f5es das Dobradi\u00e7as de fecho suave para arm\u00e1rios<\/h2>\n<table border=\"0\" cellspacing=\"0\" cellpadding=\"0\">\n<tbody style=\"font-size: 12px; border: 1px solid #ccc; overflow: hidden;\">\n<tr style=\"line-height: 1.4;\">\n<td style=\"width: 33%;\" width=\"36\" height=\"30\"><strong>Especifica\u00e7\u00e3o<\/strong><\/td>\n<td style=\"width: 67%;\" width=\"72\"><strong>Detalhes<\/strong><\/td>\n<\/tr>\n<tr style=\"line-height: 1.4;\">\n<td style=\"width: 33%;\" width=\"36\" height=\"30\"><strong>N\u00famero do modelo<\/strong><\/td>\n<td style=\"width: 67%;\" width=\"72\">MR-DB<\/td>\n<\/tr>\n<tr style=\"line-height: 1.4;\">\n<td style=\"width: 33%;\" width=\"36\" height=\"30\"><strong>Material da dobradi\u00e7a<\/strong><\/td>\n<td style=\"width: 67%;\" width=\"72\">A\u00e7o inoxid\u00e1vel ou a\u00e7o laminado a frio<\/td>\n<\/tr>\n<tr style=\"line-height: 1.4;\">\n<td style=\"width: 33%;\" width=\"36\" height=\"30\"><strong>Tipo de dobradi\u00e7a<\/strong><\/td>\n<td style=\"width: 67%;\" width=\"72\">Dobradi\u00e7a de fecho suave<\/td>\n<\/tr>\n<tr style=\"line-height: 1.4;\">\n<td style=\"width: 33%;\" width=\"36\" height=\"60\"><strong>Cen\u00e1rios aplic\u00e1veis<\/strong><\/td>\n<td style=\"width: 67%;\" width=\"72\">Roupeiro, arm\u00e1rio, estante, arm\u00e1rio de casa de banho e muito mais<\/td>\n<\/tr>\n<tr style=\"line-height: 1.4;\">\n<td style=\"width: 33%;\" width=\"36\" height=\"50\"><strong>Servi\u00e7o OEM e ODM<\/strong><\/td>\n<td style=\"width: 67%;\" width=\"72\">Suporte para personaliza\u00e7\u00e3o f\u00e1cil e personaliza\u00e7\u00e3o profunda<\/td>\n<\/tr>\n<\/tbody>\n<\/table>\n<p>\n<script src=\"chrome-extension:\/\/fpelahbljekknahkcaegamhcndkfpfnc\/iFrame.js\" type=\"text\/javascript\"><\/script><\/p>","protected":false},"featured_media":944,"comment_status":"closed","ping_status":"closed","template":"","meta":{"_acf_changed":false},"product_brand":[],"product_cat":[16,17,19,23],"product_tag":[],"class_list":{"0":"post-868","1":"product","2":"type-product","3":"status-publish","4":"has-post-thumbnail","6":"product_cat-wholesale-soft-closing-hinges","7":"product_cat-wholesale-cabinet-hinges","8":"product_cat-wholesale-furniture-hinges","9":"product_cat-wholesale-hydraulic-hinges","11":"first","12":"instock","13":"shipping-taxable","14":"product-type-simple"},"acf":[],"_links":{"self":[{"href":"https:\/\/www.mrhardwares.com\/pt\/wp-json\/wp\/v2\/product\/868","targetHints":{"allow":["GET"]}}],"collection":[{"href":"https:\/\/www.mrhardwares.com\/pt\/wp-json\/wp\/v2\/product"}],"about":[{"href":"https:\/\/www.mrhardwares.com\/pt\/wp-json\/wp\/v2\/types\/product"}],"replies":[{"embeddable":true,"href":"https:\/\/www.mrhardwares.com\/pt\/wp-json\/wp\/v2\/comments?post=868"}],"wp:featuredmedia":[{"embeddable":true,"href":"https:\/\/www.mrhardwares.com\/pt\/wp-json\/wp\/v2\/media\/944"}],"wp:attachment":[{"href":"https:\/\/www.mrhardwares.com\/pt\/wp-json\/wp\/v2\/media?parent=868"}],"wp:term":[{"taxonomy":"product_brand","embeddable":true,"href":"https:\/\/www.mrhardwares.com\/pt\/wp-json\/wp\/v2\/product_brand?post=868"},{"taxonomy":"product_cat","embeddable":true,"href":"https:\/\/www.mrhardwares.com\/pt\/wp-json\/wp\/v2\/product_cat?post=868"},{"taxonomy":"product_tag","embeddable":true,"href":"https:\/\/www.mrhardwares.com\/pt\/wp-json\/wp\/v2\/product_tag?post=868"}],"curies":[{"name":"wp","href":"https:\/\/api.w.org\/{rel}","templated":true}]}}