{"id":869,"date":"2025-03-21T06:24:13","date_gmt":"2025-03-21T06:24:13","guid":{"rendered":"https:\/\/www.mrhardwares.com\/?post_type=product&#038;p=869"},"modified":"2025-12-31T03:08:05","modified_gmt":"2025-12-31T03:08:05","slug":"wholesale-cabinet-door-hardware-hinges","status":"publish","type":"product","link":"https:\/\/www.mrhardwares.com\/pt\/product\/wholesale-cabinet-door-hardware-hinges\/","title":{"rendered":"Dobradi\u00e7as de hardware de porta de arm\u00e1rio por atacado, Dobradi\u00e7as de porta de arm\u00e1rio a granel MR-261A1"},"content":{"rendered":"<h3 class=\"wp-block-heading\">Carater\u00edsticas das dobradi\u00e7as para ferragens de portas de arm\u00e1rios<\/h3><p><strong>Longa vida \u00fatil: <\/strong>A estrutura da dobradi\u00e7a maquinada com precis\u00e3o garante que a porta do arm\u00e1rio abre e fecha suavemente sem encravar, e pode manter um desempenho est\u00e1vel mesmo com uma utiliza\u00e7\u00e3o frequente.<\/p><p><strong>Amplamente aplic\u00e1vel: <\/strong>Adequado para arm\u00e1rios de cozinha, roupeiros, estantes, arm\u00e1rios de casa de banho, mobili\u00e1rio de escrit\u00f3rio, etc., para satisfazer as necessidades de diferentes projectos dom\u00e9sticos e de engenharia.<\/p><p><strong>Dobradi\u00e7as de ferragens a granel por atacado: <\/strong>Fornecer grande volume por atacado, pre\u00e7os preferenciais, apoiar a personaliza\u00e7\u00e3o OEM\/ODM, e pode ajustar o tamanho, material, cor e tratamento de superf\u00edcie de acordo com as necessidades do cliente.<\/p><p><strong>Amigo do ambiente e inofensivo: <\/strong>Adoptam materiais amigos do ambiente e processos de fabrico avan\u00e7ados, cumprem as normas ambientais internacionais, tais como ISO9001, RoHS e CE, e o produto \u00e9 seguro e fi\u00e1vel.<\/p>","protected":false},"excerpt":{"rendered":"<p><strong>Pre\u00e7o: US $0.071\/unidade<\/strong><\/p>\n<p>Dobradi\u00e7as de hardware de porta de arm\u00e1rio por atacado. As dobradi\u00e7as de porta de arm\u00e1rio MR-261A1 oferecem a combina\u00e7\u00e3o perfeita de estilo, durabilidade e desempenho superior para atender \u00e0s demandas de arm\u00e1rios modernos. Com certifica\u00e7\u00e3o ISO9001 e CE, s\u00e3o adequadas para uma variedade de aplica\u00e7\u00f5es de arm\u00e1rios, incluindo arm\u00e1rios de cozinha, roupeiros e arm\u00e1rios de casa de banho.<\/p>\n<p>Estas dobradi\u00e7as s\u00e3o ideais para encomendas por grosso B2B e s\u00e3o econ\u00f3micas para compras a granel. N\u00e3o hesite em contactar-nos.<\/p>\n<h2>Especifica\u00e7\u00f5es da dobradi\u00e7a para ferragens de portas de arm\u00e1rios<\/h2>\n<table border=\"0\" cellspacing=\"0\" cellpadding=\"0\">\n<tbody style=\"font-size: 12px; border: 1px solid #ccc; overflow: hidden;\">\n<tr style=\"line-height: 1.4;\">\n<td style=\"width: 33%;\" width=\"36\" height=\"30\"><strong>Especifica\u00e7\u00e3o<\/strong><\/td>\n<td style=\"width: 67%;\" width=\"72\"><strong>Detalhes<\/strong><\/td>\n<\/tr>\n<tr style=\"line-height: 1.4;\">\n<td style=\"width: 33%;\" width=\"36\" height=\"30\"><strong>N\u00famero do modelo<\/strong><\/td>\n<td style=\"width: 67%;\" width=\"72\">MR - 261A1<\/td>\n<\/tr>\n<tr style=\"line-height: 1.4;\">\n<td style=\"width: 33%;\" width=\"36\" height=\"30\"><strong>Material da dobradi\u00e7a<\/strong><\/td>\n<td style=\"width: 67%;\" width=\"72\">A\u00e7o laminado a frio<\/td>\n<\/tr>\n<tr style=\"line-height: 1.4;\">\n<td style=\"width: 33%;\" width=\"36\" height=\"30\"><strong>Tipo de dobradi\u00e7a<\/strong><\/td>\n<td style=\"width: 67%;\" width=\"72\">Dobradi\u00e7a normal para m\u00f3veis<\/td>\n<\/tr>\n<tr style=\"line-height: 1.4;\">\n<td style=\"width: 33%;\" width=\"36\" height=\"60\"><strong>Cen\u00e1rios aplic\u00e1veis<\/strong><\/td>\n<td style=\"width: 67%;\" width=\"72\">Roupeiro, arm\u00e1rio, estante, arm\u00e1rio de casa de banho e muito mais<\/td>\n<\/tr>\n<tr style=\"line-height: 1.4;\">\n<td style=\"width: 33%;\" width=\"36\" height=\"50\"><strong>Servi\u00e7o OEM e ODM<\/strong><\/td>\n<td style=\"width: 67%;\" width=\"72\">Suporte para personaliza\u00e7\u00e3o f\u00e1cil e personaliza\u00e7\u00e3o profunda<\/td>\n<\/tr>\n<\/tbody>\n<\/table>\n<p>&nbsp;<\/p>\n<p>\n<script src=\"chrome-extension:\/\/fpelahbljekknahkcaegamhcndkfpfnc\/iFrame.js\" type=\"text\/javascript\"><\/script><\/p>","protected":false},"featured_media":996,"comment_status":"closed","ping_status":"closed","template":"","meta":{"_acf_changed":false},"product_brand":[],"product_cat":[25],"product_tag":[],"class_list":{"0":"post-869","1":"product","2":"type-product","3":"status-publish","4":"has-post-thumbnail","6":"product_cat-wholesale-regular-furniture-hinges","8":"first","9":"instock","10":"shipping-taxable","11":"purchasable","12":"product-type-simple"},"acf":[],"_links":{"self":[{"href":"https:\/\/www.mrhardwares.com\/pt\/wp-json\/wp\/v2\/product\/869","targetHints":{"allow":["GET"]}}],"collection":[{"href":"https:\/\/www.mrhardwares.com\/pt\/wp-json\/wp\/v2\/product"}],"about":[{"href":"https:\/\/www.mrhardwares.com\/pt\/wp-json\/wp\/v2\/types\/product"}],"replies":[{"embeddable":true,"href":"https:\/\/www.mrhardwares.com\/pt\/wp-json\/wp\/v2\/comments?post=869"}],"wp:featuredmedia":[{"embeddable":true,"href":"https:\/\/www.mrhardwares.com\/pt\/wp-json\/wp\/v2\/media\/996"}],"wp:attachment":[{"href":"https:\/\/www.mrhardwares.com\/pt\/wp-json\/wp\/v2\/media?parent=869"}],"wp:term":[{"taxonomy":"product_brand","embeddable":true,"href":"https:\/\/www.mrhardwares.com\/pt\/wp-json\/wp\/v2\/product_brand?post=869"},{"taxonomy":"product_cat","embeddable":true,"href":"https:\/\/www.mrhardwares.com\/pt\/wp-json\/wp\/v2\/product_cat?post=869"},{"taxonomy":"product_tag","embeddable":true,"href":"https:\/\/www.mrhardwares.com\/pt\/wp-json\/wp\/v2\/product_tag?post=869"}],"curies":[{"name":"wp","href":"https:\/\/api.w.org\/{rel}","templated":true}]}}