{"id":871,"date":"2025-03-21T06:38:31","date_gmt":"2025-03-21T06:38:31","guid":{"rendered":"https:\/\/www.mrhardwares.com\/?post_type=product&#038;p=871"},"modified":"2025-12-31T03:10:50","modified_gmt":"2025-12-31T03:10:50","slug":"wholesale-cupboard-hardware-hinges","status":"publish","type":"product","link":"https:\/\/www.mrhardwares.com\/pt\/product\/wholesale-cupboard-hardware-hinges\/","title":{"rendered":"Dobradi\u00e7as ocultas para arm\u00e1rios por atacado, Dobradi\u00e7as de ferragens para arm\u00e1rios a granel"},"content":{"rendered":"<h3 class=\"wp-block-heading\">Carater\u00edsticas das dobradi\u00e7as para ferragens de arm\u00e1rios<\/h3><p><strong>Resistente e duradouro: <\/strong>Resistente \u00e0 ferrugem e \u00e0 deforma\u00e7\u00e3o, e capaz de garantir um desempenho est\u00e1vel mesmo em ambientes h\u00famidos.<\/p><p><strong>Capacidade de carga: <\/strong>Atrav\u00e9s de um fabrico de precis\u00e3o e de testes de suporte de v\u00e1rias cargas, consegue segurar firmemente v\u00e1rios pain\u00e9is de portas de arm\u00e1rios, de modo a que n\u00e3o caiam ap\u00f3s abertura e fecho repetidos a longo prazo.<\/p><p><strong>Multi-\u00e2ngulo ajust\u00e1vel:<\/strong> Permitem que a porta do arm\u00e1rio fique bem ajustada ao corpo do arm\u00e1rio, melhoram o design geral e tornam a instala\u00e7\u00e3o mais simples.<\/p><p><strong>Amplamente utilizado: <\/strong>Adequado para v\u00e1rios cen\u00e1rios de aplica\u00e7\u00e3o de mobili\u00e1rio, tais como arm\u00e1rios de cozinha, roupeiros, estantes, arm\u00e1rios de casa de banho, mobili\u00e1rio de escrit\u00f3rio, vitrinas, etc.<\/p><p><strong>Venda por grosso a granel:<\/strong> Prestamos servi\u00e7os de compras a granel, adequados a retalhistas, empreiteiros de engenharia, fabricantes de mobili\u00e1rio e empresas de decora\u00e7\u00e3o.<\/p><div class=\"wp-block-columns is-layout-flex wp-container-core-columns-is-layout-9d6595d7 wp-block-columns-is-layout-flex\"><div class=\"wp-block-column is-layout-flow wp-block-column-is-layout-flow\"><figure class=\"wp-block-image size-full\"><img decoding=\"async\" width=\"1600\" height=\"1600\" src=\"https:\/\/www.mrhardwares.com\/wp-content\/uploads\/2025\/03\/Wholesale-Cupboard-Hardware-Hinges-4.webp\" alt=\"Dobradi\u00e7as de ferragens de arm\u00e1rios por atacado (4)\" class=\"wp-image-875\" srcset=\"https:\/\/www.mrhardwares.com\/wp-content\/uploads\/2025\/03\/Wholesale-Cupboard-Hardware-Hinges-4.webp 1600w, https:\/\/www.mrhardwares.com\/wp-content\/uploads\/2025\/03\/Wholesale-Cupboard-Hardware-Hinges-4-300x300.webp 300w, https:\/\/www.mrhardwares.com\/wp-content\/uploads\/2025\/03\/Wholesale-Cupboard-Hardware-Hinges-4-150x150.webp 150w, https:\/\/www.mrhardwares.com\/wp-content\/uploads\/2025\/03\/Wholesale-Cupboard-Hardware-Hinges-4-768x768.webp 768w, https:\/\/www.mrhardwares.com\/wp-content\/uploads\/2025\/03\/Wholesale-Cupboard-Hardware-Hinges-4-12x12.webp 12w, https:\/\/www.mrhardwares.com\/wp-content\/uploads\/2025\/03\/Wholesale-Cupboard-Hardware-Hinges-4-1200x1200.webp 1200w, https:\/\/www.mrhardwares.com\/wp-content\/uploads\/2025\/03\/Wholesale-Cupboard-Hardware-Hinges-4-600x600.webp 600w, https:\/\/www.mrhardwares.com\/wp-content\/uploads\/2025\/03\/Wholesale-Cupboard-Hardware-Hinges-4-100x100.webp 100w\" sizes=\"(max-width: 1600px) 100vw, 1600px\" \/><\/figure><\/div>\n\n<div class=\"wp-block-column is-layout-flow wp-block-column-is-layout-flow\"><figure class=\"wp-block-image size-full\"><img decoding=\"async\" width=\"1600\" height=\"1600\" src=\"https:\/\/www.mrhardwares.com\/wp-content\/uploads\/2025\/03\/Wholesale-Cupboard-Hardware-Hinges-5.webp\" alt=\"Dobradi\u00e7as de ferragens de arm\u00e1rios por atacado (5)\" class=\"wp-image-876\" srcset=\"https:\/\/www.mrhardwares.com\/wp-content\/uploads\/2025\/03\/Wholesale-Cupboard-Hardware-Hinges-5.webp 1600w, https:\/\/www.mrhardwares.com\/wp-content\/uploads\/2025\/03\/Wholesale-Cupboard-Hardware-Hinges-5-300x300.webp 300w, https:\/\/www.mrhardwares.com\/wp-content\/uploads\/2025\/03\/Wholesale-Cupboard-Hardware-Hinges-5-150x150.webp 150w, https:\/\/www.mrhardwares.com\/wp-content\/uploads\/2025\/03\/Wholesale-Cupboard-Hardware-Hinges-5-768x768.webp 768w, https:\/\/www.mrhardwares.com\/wp-content\/uploads\/2025\/03\/Wholesale-Cupboard-Hardware-Hinges-5-12x12.webp 12w, https:\/\/www.mrhardwares.com\/wp-content\/uploads\/2025\/03\/Wholesale-Cupboard-Hardware-Hinges-5-1200x1200.webp 1200w, https:\/\/www.mrhardwares.com\/wp-content\/uploads\/2025\/03\/Wholesale-Cupboard-Hardware-Hinges-5-600x600.webp 600w, https:\/\/www.mrhardwares.com\/wp-content\/uploads\/2025\/03\/Wholesale-Cupboard-Hardware-Hinges-5-100x100.webp 100w\" sizes=\"(max-width: 1600px) 100vw, 1600px\" \/><\/figure><\/div><\/div>","protected":false},"excerpt":{"rendered":"<p><strong>Pre\u00e7o: US $0.057\/unidade<\/strong><\/p>\n<p>Dobradi\u00e7as de ferragens para arm\u00e1rios por atacado, perfeitas para arm\u00e1rios de cozinha, roupeiros e mobili\u00e1rio de escrit\u00f3rio. Apresentam acabamentos resistentes \u00e0 corros\u00e3o e s\u00e3o de f\u00e1cil instala\u00e7\u00e3o. Fornecemos a granel a pre\u00e7os competitivos. Bem-vindo a contactar-nos.<\/p>\n<h2>Especifica\u00e7\u00f5es de Dobradi\u00e7as de ferragens para arm\u00e1rios<\/h2>\n<table border=\"0\" cellspacing=\"0\" cellpadding=\"0\">\n<tbody style=\"font-size: 12px; border: 1px solid #ccc; overflow: hidden;\">\n<tr style=\"line-height: 1.4;\">\n<td style=\"width: 33%;\" width=\"36\" height=\"30\"><strong>Especifica\u00e7\u00e3o<\/strong><\/td>\n<td style=\"width: 67%;\" width=\"72\"><strong>Detalhes<\/strong><\/td>\n<\/tr>\n<tr style=\"line-height: 1.4;\">\n<td style=\"width: 33%;\" width=\"36\" height=\"30\"><strong>N\u00famero do modelo<\/strong><\/td>\n<td style=\"width: 67%;\" width=\"72\">MR-261B1<\/td>\n<\/tr>\n<tr style=\"line-height: 1.4;\">\n<td style=\"width: 33%;\" width=\"36\" height=\"30\"><strong>Material da dobradi\u00e7a<\/strong><\/td>\n<td style=\"width: 67%;\" width=\"72\">A\u00e7o laminado a frio<\/td>\n<\/tr>\n<tr style=\"line-height: 1.4;\">\n<td style=\"width: 33%;\" width=\"36\" height=\"30\"><strong>Tipo de dobradi\u00e7a<\/strong><\/td>\n<td style=\"width: 67%;\" width=\"72\">Dobradi\u00e7a normal para m\u00f3veis<\/td>\n<\/tr>\n<tr style=\"line-height: 1.4;\">\n<td style=\"width: 33%;\" width=\"36\" height=\"60\"><strong>Cen\u00e1rios aplic\u00e1veis<\/strong><\/td>\n<td style=\"width: 67%;\" width=\"72\">Roupeiro, arm\u00e1rio, estante, arm\u00e1rio de casa de banho e muito mais<\/td>\n<\/tr>\n<tr style=\"line-height: 1.4;\">\n<td style=\"width: 33%;\" width=\"36\" height=\"50\"><strong>Servi\u00e7o OEM e ODM<\/strong><\/td>\n<td style=\"width: 67%;\" width=\"72\">Suporte para personaliza\u00e7\u00e3o f\u00e1cil e personaliza\u00e7\u00e3o profunda<\/td>\n<\/tr>\n<\/tbody>\n<\/table>\n<p>&nbsp;<\/p>\n<p>\n<script src=\"chrome-extension:\/\/fpelahbljekknahkcaegamhcndkfpfnc\/iFrame.js\" type=\"text\/javascript\"><\/script><\/p>","protected":false},"featured_media":872,"comment_status":"closed","ping_status":"closed","template":"","meta":{"_acf_changed":false},"product_brand":[],"product_cat":[25],"product_tag":[],"class_list":{"0":"post-871","1":"product","2":"type-product","3":"status-publish","4":"has-post-thumbnail","6":"product_cat-wholesale-regular-furniture-hinges","8":"first","9":"instock","10":"shipping-taxable","11":"product-type-simple"},"acf":[],"_links":{"self":[{"href":"https:\/\/www.mrhardwares.com\/pt\/wp-json\/wp\/v2\/product\/871","targetHints":{"allow":["GET"]}}],"collection":[{"href":"https:\/\/www.mrhardwares.com\/pt\/wp-json\/wp\/v2\/product"}],"about":[{"href":"https:\/\/www.mrhardwares.com\/pt\/wp-json\/wp\/v2\/types\/product"}],"replies":[{"embeddable":true,"href":"https:\/\/www.mrhardwares.com\/pt\/wp-json\/wp\/v2\/comments?post=871"}],"wp:featuredmedia":[{"embeddable":true,"href":"https:\/\/www.mrhardwares.com\/pt\/wp-json\/wp\/v2\/media\/872"}],"wp:attachment":[{"href":"https:\/\/www.mrhardwares.com\/pt\/wp-json\/wp\/v2\/media?parent=871"}],"wp:term":[{"taxonomy":"product_brand","embeddable":true,"href":"https:\/\/www.mrhardwares.com\/pt\/wp-json\/wp\/v2\/product_brand?post=871"},{"taxonomy":"product_cat","embeddable":true,"href":"https:\/\/www.mrhardwares.com\/pt\/wp-json\/wp\/v2\/product_cat?post=871"},{"taxonomy":"product_tag","embeddable":true,"href":"https:\/\/www.mrhardwares.com\/pt\/wp-json\/wp\/v2\/product_tag?post=871"}],"curies":[{"name":"wp","href":"https:\/\/api.w.org\/{rel}","templated":true}]}}