{"id":881,"date":"2025-03-21T06:57:20","date_gmt":"2025-03-21T06:57:20","guid":{"rendered":"https:\/\/www.mrhardwares.com\/?post_type=product&#038;p=881"},"modified":"2025-12-31T03:13:30","modified_gmt":"2025-12-31T03:13:30","slug":"wholesale-hardware-cabinet-door-hinges","status":"publish","type":"product","link":"https:\/\/www.mrhardwares.com\/pt\/product\/wholesale-hardware-cabinet-door-hinges\/","title":{"rendered":"Dobradi\u00e7as de porta de arm\u00e1rio por atacado Hardware MR-261A2 - Fabricante de dobradi\u00e7as Mingrun"},"content":{"rendered":"<h3 class=\"wp-block-heading\">Carater\u00edsticas das dobradi\u00e7as para portas de arm\u00e1rios de ferragens<\/h3><p><strong>Abertura e fecho suaves: <\/strong>A estrutura de fabrico de alta precis\u00e3o garante uma abertura e um fecho est\u00e1veis e suaves, menor fric\u00e7\u00e3o e maior durabilidade.<\/p><p><strong>Amplamente aplic\u00e1vel: <\/strong>Adequado para utiliza\u00e7\u00e3o em arm\u00e1rios de cozinha, roupeiros, estantes de livros, mobili\u00e1rio de escrit\u00f3rio, etc., para satisfazer a procura de casas e empresas em constante mudan\u00e7a, o produto grossista mais adequado para empresas de mobili\u00e1rio, engenharia, constru\u00e7\u00e3o e revendedores.<br><br><strong>Boa capacidade de carga: <\/strong>A sua forte capacidade de carga permite-lhe segurar firmemente portas de arm\u00e1rios de v\u00e1rias espessuras.<\/p><p><strong>Acess\u00edvel:<\/strong> As dobradi\u00e7as para portas de arm\u00e1rios s\u00e3o concebidas com a\u00e7o laminado a frio e t\u00eam um design de fecho suave reduzido, o que as torna mais competitivas em termos de pre\u00e7o e adequadas para projectos com or\u00e7amentos baixos e requisitos reduzidos.<\/p><p><strong>Fornecimento por grosso: <\/strong>Fornecimento a granel a pre\u00e7os de f\u00e1brica, com fornecimento de servi\u00e7o de personaliza\u00e7\u00e3o OEM\/ODM.<\/p>","protected":false},"excerpt":{"rendered":"<p><strong>Pre\u00e7o: US $0.057\/unidade<\/strong><\/p>\n<p>Dobradi\u00e7as de porta de arm\u00e1rio de hardware por atacado. As nossas dobradi\u00e7as convencionais de duplo furo para arm\u00e1rios de cozinha oferecem uma forte capacidade de carga e durabilidade. S\u00e3o adequadas para uma variedade de aplica\u00e7\u00f5es, incluindo arm\u00e1rios de cozinha, roupeiros e arm\u00e1rios de escrit\u00f3rio, e proporcionam um desempenho fi\u00e1vel. Contacte-nos para um or\u00e7amento.<\/p>\n<h2>Especifica\u00e7\u00f5es de Dobradi\u00e7as para portas de arm\u00e1rios de ferragens<\/h2>\n<table border=\"0\" cellspacing=\"0\" cellpadding=\"0\">\n<tbody style=\"font-size: 12px; border: 1px solid #ccc; overflow: hidden;\">\n<tr style=\"line-height: 1.4;\">\n<td style=\"width: 33%;\" width=\"36\" height=\"30\"><strong>Especifica\u00e7\u00e3o<\/strong><\/td>\n<td style=\"width: 67%;\" width=\"72\"><strong>Detalhes<\/strong><\/td>\n<\/tr>\n<tr style=\"line-height: 1.4;\">\n<td style=\"width: 33%;\" width=\"36\" height=\"30\"><strong>N\u00famero do modelo<\/strong><\/td>\n<td style=\"width: 67%;\" width=\"72\">MR - 261A2<\/td>\n<\/tr>\n<tr style=\"line-height: 1.4;\">\n<td style=\"width: 33%;\" width=\"36\" height=\"30\"><strong>Material da dobradi\u00e7a<\/strong><\/td>\n<td style=\"width: 67%;\" width=\"72\">A\u00e7o laminado a frio<\/td>\n<\/tr>\n<tr style=\"line-height: 1.4;\">\n<td style=\"width: 33%;\" width=\"36\" height=\"30\"><strong>Tipo de dobradi\u00e7a<\/strong><\/td>\n<td style=\"width: 67%;\" width=\"72\">Dobradi\u00e7a normal para m\u00f3veis<\/td>\n<\/tr>\n<tr style=\"line-height: 1.4;\">\n<td style=\"width: 33%;\" width=\"36\" height=\"60\"><strong>Cen\u00e1rios aplic\u00e1veis<\/strong><\/td>\n<td style=\"width: 67%;\" width=\"72\">Roupeiro, arm\u00e1rio, estante, arm\u00e1rio de casa de banho e muito mais<\/td>\n<\/tr>\n<tr style=\"line-height: 1.4;\">\n<td style=\"width: 33%;\" width=\"36\" height=\"50\"><strong>Servi\u00e7o OEM e ODM<\/strong><\/td>\n<td style=\"width: 67%;\" width=\"72\">Suporte para personaliza\u00e7\u00e3o f\u00e1cil e personaliza\u00e7\u00e3o profunda<\/td>\n<\/tr>\n<\/tbody>\n<\/table>\n<p><script src=\"chrome-extension:\/\/fpelahbljekknahkcaegamhcndkfpfnc\/iFrame.js\" type=\"text\/javascript\"><\/script><\/p>\n<p><script src=\"chrome-extension:\/\/fpelahbljekknahkcaegamhcndkfpfnc\/iFrame.js\" type=\"text\/javascript\"><\/script><\/p>\n<p>\n<script src=\"chrome-extension:\/\/fpelahbljekknahkcaegamhcndkfpfnc\/iFrame.js\" type=\"text\/javascript\"><\/script><\/p>","protected":false},"featured_media":886,"comment_status":"closed","ping_status":"closed","template":"","meta":{"_acf_changed":false},"product_brand":[],"product_cat":[25],"product_tag":[],"class_list":{"0":"post-881","1":"product","2":"type-product","3":"status-publish","4":"has-post-thumbnail","6":"product_cat-wholesale-regular-furniture-hinges","8":"first","9":"instock","10":"shipping-taxable","11":"product-type-simple"},"acf":[],"_links":{"self":[{"href":"https:\/\/www.mrhardwares.com\/pt\/wp-json\/wp\/v2\/product\/881","targetHints":{"allow":["GET"]}}],"collection":[{"href":"https:\/\/www.mrhardwares.com\/pt\/wp-json\/wp\/v2\/product"}],"about":[{"href":"https:\/\/www.mrhardwares.com\/pt\/wp-json\/wp\/v2\/types\/product"}],"replies":[{"embeddable":true,"href":"https:\/\/www.mrhardwares.com\/pt\/wp-json\/wp\/v2\/comments?post=881"}],"wp:featuredmedia":[{"embeddable":true,"href":"https:\/\/www.mrhardwares.com\/pt\/wp-json\/wp\/v2\/media\/886"}],"wp:attachment":[{"href":"https:\/\/www.mrhardwares.com\/pt\/wp-json\/wp\/v2\/media?parent=881"}],"wp:term":[{"taxonomy":"product_brand","embeddable":true,"href":"https:\/\/www.mrhardwares.com\/pt\/wp-json\/wp\/v2\/product_brand?post=881"},{"taxonomy":"product_cat","embeddable":true,"href":"https:\/\/www.mrhardwares.com\/pt\/wp-json\/wp\/v2\/product_cat?post=881"},{"taxonomy":"product_tag","embeddable":true,"href":"https:\/\/www.mrhardwares.com\/pt\/wp-json\/wp\/v2\/product_tag?post=881"}],"curies":[{"name":"wp","href":"https:\/\/api.w.org\/{rel}","templated":true}]}}