{"id":882,"date":"2025-03-21T07:02:23","date_gmt":"2025-03-21T07:02:23","guid":{"rendered":"https:\/\/www.mrhardwares.com\/?post_type=product&#038;p=882"},"modified":"2025-12-31T02:34:38","modified_gmt":"2025-12-31T02:34:38","slug":"wholesale-soft-close-concealed-hinges-for-cabinets","status":"publish","type":"product","link":"https:\/\/www.mrhardwares.com\/pt\/product\/wholesale-soft-close-concealed-hinges-for-cabinets\/","title":{"rendered":"Dobradi\u00e7as ocultas de fecho suave para arm\u00e1rios MR-DTZ"},"content":{"rendered":"<h3 class=\"wp-block-heading\">Carater\u00edsticas das dobradi\u00e7as ocultas para arm\u00e1rios de cozinha<\/h3><p><strong>Material duradouro<\/strong>: Fabricado em a\u00e7o inoxid\u00e1vel de alta qualidade ou em a\u00e7o laminado a frio, \u00e9 duradouro e resistente.<\/p><p><strong>Design oculto<\/strong>: A instala\u00e7\u00e3o oculta \u00e9 bonita e adequada para o estilo de mobili\u00e1rio moderno e minimalista.<\/p><p><strong>Estrutura anti-afrouxamento: <\/strong>Otimizar a pe\u00e7a de liga\u00e7\u00e3o da dobradi\u00e7a, para que n\u00e3o se solte ou descaia ap\u00f3s uma utiliza\u00e7\u00e3o prolongada.<\/p><p><strong>Materiais amigos do ambiente:<\/strong> Fabricado com materiais amigos do ambiente, sem subst\u00e2ncias nocivas e em conformidade com as normas ambientais, como a RoHS e a CE.<\/p><p><strong>Servi\u00e7o de personaliza\u00e7\u00e3o OEM e ODM:<\/strong> Fornecer solu\u00e7\u00f5es de dobradi\u00e7a one-stop, e pode personalizar o design da amostra, tamanho, etc. de acordo com as necessidades do cliente.<\/p>","protected":false},"excerpt":{"rendered":"<p><strong>Pre\u00e7o: US $0.15\/unidade<\/strong><\/p>\n<p>Pode escolher o material da dobradi\u00e7a de fecho suave, feito de a\u00e7o inoxid\u00e1vel ou a\u00e7o laminado a frio. A nossa dobradi\u00e7a \u00e9 forte, est\u00e1vel e anti-afrouxamento para uma utiliza\u00e7\u00e3o a longo prazo. Adequada para v\u00e1rios ambientes de cozinha. Oferecemos personaliza\u00e7\u00e3o OEM e ODM para atender \u00e0s suas necessidades.  Contacte-nos para obter um or\u00e7amento.<\/p>\n<h2>Especifica\u00e7\u00f5es de Dobradi\u00e7as ocultas para arm\u00e1rios de cozinha<\/h2>\n<table border=\"0\" cellspacing=\"0\" cellpadding=\"0\">\n<tbody style=\"font-size: 12px; border: 1px solid #ccc; overflow: hidden;\">\n<tr style=\"line-height: 1.4;\">\n<td style=\"width: 33%;\" width=\"36\" height=\"30\"><strong>Especifica\u00e7\u00e3o<\/strong><\/td>\n<td style=\"width: 67%;\" width=\"72\"><strong>Detalhes<\/strong><\/td>\n<\/tr>\n<tr style=\"line-height: 1.4;\">\n<td style=\"width: 33%;\" width=\"36\" height=\"30\"><strong>N\u00famero do modelo<\/strong><\/td>\n<td style=\"width: 67%;\" width=\"72\">MR-DTZ<\/td>\n<\/tr>\n<tr style=\"line-height: 1.4;\">\n<td style=\"width: 33%;\" width=\"36\" height=\"30\"><strong>Material da dobradi\u00e7a<\/strong><\/td>\n<td style=\"width: 67%;\" width=\"72\">A\u00e7o inoxid\u00e1vel ou a\u00e7o laminado a frio<\/td>\n<\/tr>\n<tr style=\"line-height: 1.4;\">\n<td style=\"width: 33%;\" width=\"36\" height=\"30\"><strong>Tipo de dobradi\u00e7a<\/strong><\/td>\n<td style=\"width: 67%;\" width=\"72\">Dobradi\u00e7a de fecho suave<\/td>\n<\/tr>\n<tr style=\"line-height: 1.4;\">\n<td style=\"width: 33%;\" width=\"36\" height=\"60\"><strong>Cen\u00e1rios aplic\u00e1veis<\/strong><\/td>\n<td style=\"width: 67%;\" width=\"72\">Roupeiro, arm\u00e1rio, estante, arm\u00e1rio de casa de banho e muito mais<\/td>\n<\/tr>\n<tr style=\"line-height: 1.4;\">\n<td style=\"width: 33%;\" width=\"36\" height=\"50\"><strong>Servi\u00e7o OEM e ODM<\/strong><\/td>\n<td style=\"width: 67%;\" width=\"72\">Suporte para personaliza\u00e7\u00e3o f\u00e1cil e personaliza\u00e7\u00e3o profunda<\/td>\n<\/tr>\n<\/tbody>\n<\/table>\n<p><script src=\"chrome-extension:\/\/fpelahbljekknahkcaegamhcndkfpfnc\/iFrame.js\" type=\"text\/javascript\"><\/script><\/p>\n<p>\n<script src=\"chrome-extension:\/\/fpelahbljekknahkcaegamhcndkfpfnc\/iFrame.js\" type=\"text\/javascript\"><\/script><\/p>","protected":false},"featured_media":950,"comment_status":"closed","ping_status":"closed","template":"","meta":{"_acf_changed":false},"product_brand":[],"product_cat":[16],"product_tag":[],"class_list":{"0":"post-882","1":"product","2":"type-product","3":"status-publish","4":"has-post-thumbnail","6":"product_cat-wholesale-soft-closing-hinges","8":"first","9":"instock","10":"shipping-taxable","11":"product-type-simple"},"acf":[],"_links":{"self":[{"href":"https:\/\/www.mrhardwares.com\/pt\/wp-json\/wp\/v2\/product\/882","targetHints":{"allow":["GET"]}}],"collection":[{"href":"https:\/\/www.mrhardwares.com\/pt\/wp-json\/wp\/v2\/product"}],"about":[{"href":"https:\/\/www.mrhardwares.com\/pt\/wp-json\/wp\/v2\/types\/product"}],"replies":[{"embeddable":true,"href":"https:\/\/www.mrhardwares.com\/pt\/wp-json\/wp\/v2\/comments?post=882"}],"wp:featuredmedia":[{"embeddable":true,"href":"https:\/\/www.mrhardwares.com\/pt\/wp-json\/wp\/v2\/media\/950"}],"wp:attachment":[{"href":"https:\/\/www.mrhardwares.com\/pt\/wp-json\/wp\/v2\/media?parent=882"}],"wp:term":[{"taxonomy":"product_brand","embeddable":true,"href":"https:\/\/www.mrhardwares.com\/pt\/wp-json\/wp\/v2\/product_brand?post=882"},{"taxonomy":"product_cat","embeddable":true,"href":"https:\/\/www.mrhardwares.com\/pt\/wp-json\/wp\/v2\/product_cat?post=882"},{"taxonomy":"product_tag","embeddable":true,"href":"https:\/\/www.mrhardwares.com\/pt\/wp-json\/wp\/v2\/product_tag?post=882"}],"curies":[{"name":"wp","href":"https:\/\/api.w.org\/{rel}","templated":true}]}}