{"id":884,"date":"2025-03-21T07:37:04","date_gmt":"2025-03-21T07:37:04","guid":{"rendered":"https:\/\/www.mrhardwares.com\/?post_type=product&#038;p=884"},"modified":"2025-12-31T01:48:31","modified_gmt":"2025-12-31T01:48:31","slug":"wholesale-soft-close-furniture-hinges","status":"publish","type":"product","link":"https:\/\/www.mrhardwares.com\/pt\/product\/wholesale-soft-close-furniture-hinges\/","title":{"rendered":"Dobradi\u00e7as de fecho suave para m\u00f3veis por atacado, dobradi\u00e7as de fecho suave para m\u00f3veis a granel - MR-ZB"},"content":{"rendered":"<h3 class=\"wp-block-heading\">Carater\u00edsticas das dobradi\u00e7as de fecho suave para m\u00f3veis<\/h3><ul class=\"wp-block-list\"><li><strong>Fecho suave e silencioso: <\/strong>As dobradi\u00e7as para m\u00f3veis de fecho suave proporcionam uma experi\u00eancia de fecho silencioso para roupeiros e arm\u00e1rios, evitam eficazmente impactos violentos e prolongam a vida \u00fatil das dobradi\u00e7as e dos arm\u00e1rios.<\/li>\n\n<li><strong>Dur\u00e1vel e fi\u00e1vel: <\/strong>Estas dobradi\u00e7as s\u00e3o fabricadas com materiais de alta qualidade e s\u00e3o duradouras. S\u00e3o resistentes ao desgaste e \u00e0 corros\u00e3o, garantindo um desempenho e fiabilidade a longo prazo.<\/li>\n\n<li><strong>Reduzir os requisitos de manuten\u00e7\u00e3o: <\/strong>A dobradi\u00e7a ajust\u00e1vel de fecho suave reduz a necessidade de manuten\u00e7\u00e3o frequente devido ao seu design \u00fanico e duradouro.<\/li>\n\n<li><strong>Personaliza\u00e7\u00e3o do material: <\/strong>A dobradi\u00e7a para m\u00f3veis de fecho suave MR-ZB oferece duas op\u00e7\u00f5es de material, incluindo a\u00e7o inoxid\u00e1vel e a\u00e7o laminado a frio, para satisfazer as necessidades de diferentes projectos.<\/li>\n\n<li><strong>Pre\u00e7o por atacado de f\u00e1brica: <\/strong>Ao mesmo tempo que garante uma elevada qualidade, a Mingrun oferece pre\u00e7os por grosso de f\u00e1brica muito competitivos, permitindo aos fabricantes de mobili\u00e1rio, empresas de decora\u00e7\u00e3o e grossistas obter margens de lucro adicionais se comprarem.<\/li>\n\n<li><strong>Fornecimento de dobradi\u00e7as a granel:<\/strong> A F\u00e1brica de Ferragens e Dobradi\u00e7as da Mingrun fornece dobradi\u00e7as por atacado a empresas de mobili\u00e1rio de todo o mundo, o que \u00e9 perfeito para grossistas, fabricantes de mobili\u00e1rio e grandes projectos.<\/li><\/ul><div class=\"wp-block-columns is-layout-flex wp-container-core-columns-is-layout-9d6595d7 wp-block-columns-is-layout-flex\"><div class=\"wp-block-column is-layout-flow wp-block-column-is-layout-flow\"><figure class=\"wp-block-image size-full\"><img decoding=\"async\" width=\"1600\" height=\"1600\" src=\"https:\/\/www.mrhardwares.com\/wp-content\/uploads\/2025\/03\/wholesale-soft-closing-furniture-hinges-1.webp\" alt=\"dobradi\u00e7as para m\u00f3veis de fecho suave por atacado (1)\" class=\"wp-image-1250\" srcset=\"https:\/\/www.mrhardwares.com\/wp-content\/uploads\/2025\/03\/wholesale-soft-closing-furniture-hinges-1.webp 1600w, https:\/\/www.mrhardwares.com\/wp-content\/uploads\/2025\/03\/wholesale-soft-closing-furniture-hinges-1-300x300.webp 300w, https:\/\/www.mrhardwares.com\/wp-content\/uploads\/2025\/03\/wholesale-soft-closing-furniture-hinges-1-150x150.webp 150w, https:\/\/www.mrhardwares.com\/wp-content\/uploads\/2025\/03\/wholesale-soft-closing-furniture-hinges-1-768x768.webp 768w, https:\/\/www.mrhardwares.com\/wp-content\/uploads\/2025\/03\/wholesale-soft-closing-furniture-hinges-1-12x12.webp 12w, https:\/\/www.mrhardwares.com\/wp-content\/uploads\/2025\/03\/wholesale-soft-closing-furniture-hinges-1-1200x1200.webp 1200w, https:\/\/www.mrhardwares.com\/wp-content\/uploads\/2025\/03\/wholesale-soft-closing-furniture-hinges-1-600x600.webp 600w, https:\/\/www.mrhardwares.com\/wp-content\/uploads\/2025\/03\/wholesale-soft-closing-furniture-hinges-1-100x100.webp 100w\" sizes=\"(max-width: 1600px) 100vw, 1600px\" \/><\/figure><\/div>\n\n<div class=\"wp-block-column is-layout-flow wp-block-column-is-layout-flow\"><figure class=\"wp-block-image size-full\"><img decoding=\"async\" width=\"1600\" height=\"1600\" src=\"https:\/\/www.mrhardwares.com\/wp-content\/uploads\/2025\/03\/wholesale-soft-closing-furniture-hinges-2.webp\" alt=\"dobradi\u00e7as para m\u00f3veis de fecho suave por atacado (2)\" class=\"wp-image-1251\" srcset=\"https:\/\/www.mrhardwares.com\/wp-content\/uploads\/2025\/03\/wholesale-soft-closing-furniture-hinges-2.webp 1600w, https:\/\/www.mrhardwares.com\/wp-content\/uploads\/2025\/03\/wholesale-soft-closing-furniture-hinges-2-300x300.webp 300w, https:\/\/www.mrhardwares.com\/wp-content\/uploads\/2025\/03\/wholesale-soft-closing-furniture-hinges-2-150x150.webp 150w, https:\/\/www.mrhardwares.com\/wp-content\/uploads\/2025\/03\/wholesale-soft-closing-furniture-hinges-2-768x768.webp 768w, https:\/\/www.mrhardwares.com\/wp-content\/uploads\/2025\/03\/wholesale-soft-closing-furniture-hinges-2-12x12.webp 12w, https:\/\/www.mrhardwares.com\/wp-content\/uploads\/2025\/03\/wholesale-soft-closing-furniture-hinges-2-1200x1200.webp 1200w, https:\/\/www.mrhardwares.com\/wp-content\/uploads\/2025\/03\/wholesale-soft-closing-furniture-hinges-2-600x600.webp 600w, https:\/\/www.mrhardwares.com\/wp-content\/uploads\/2025\/03\/wholesale-soft-closing-furniture-hinges-2-100x100.webp 100w\" sizes=\"(max-width: 1600px) 100vw, 1600px\" \/><\/figure><\/div><\/div>","protected":false},"excerpt":{"rendered":"<p><strong>Pre\u00e7o: US $0.12\/pc<\/strong><\/p>\n<p>Dobradi\u00e7as para m\u00f3veis por atacado com design amortecedor para uma experi\u00eancia de fecho silenciosa e suave. <br \/>A F\u00e1brica de dobradi\u00e7as de ferragens da Mingrun \u00e9 especializada no fornecimento de dobradi\u00e7as para m\u00f3veis almofadados a granel para empresas de mobili\u00e1rio em todo o mundo. As nossas solu\u00e7\u00f5es grossistas s\u00e3o ideais para grossistas, fabricantes de mobili\u00e1rio e grandes projectos. Contacte-nos para obter um or\u00e7amento.<br \/><strong><a href=\"https:\/\/www.mrhardwares.com\/pt\/custom-solution\/\" target=\"_blank\" rel=\"noopener\">Saiba mais sobre as solu\u00e7\u00f5es de dobradi\u00e7as para m\u00f3veis personalizadas OEM e ODM \u2192 .<\/a><\/strong><\/p>\n<h2>Especifica\u00e7\u00f5es da dobradi\u00e7a de fecho suave para m\u00f3veis<\/h2>\n<table border=\"0\" cellspacing=\"0\" cellpadding=\"0\">\n<tbody style=\"font-size: 12px; border: 1px solid #ccc; overflow: hidden;\">\n<tr style=\"line-height: 1.4;\">\n<td style=\"width: 33%;\" width=\"36\" height=\"30\"><strong>Especifica\u00e7\u00e3o<\/strong><\/td>\n<td style=\"width: 67%;\" width=\"72\"><strong>Detalhes<\/strong><\/td>\n<\/tr>\n<tr style=\"line-height: 1.4;\">\n<td style=\"width: 33%;\" width=\"36\" height=\"30\"><strong>N\u00famero do modelo<\/strong><\/td>\n<td style=\"width: 67%;\" width=\"72\">MR-ZB<\/td>\n<\/tr>\n<tr style=\"line-height: 1.4;\">\n<td style=\"width: 33%;\" width=\"36\" height=\"30\"><strong>Material da dobradi\u00e7a<\/strong><\/td>\n<td style=\"width: 67%;\" width=\"72\">A\u00e7o laminado a frio ou a\u00e7o inoxid\u00e1vel<\/td>\n<\/tr>\n<tr style=\"line-height: 1.4;\">\n<td style=\"width: 33%;\" width=\"36\" height=\"30\"><strong>Tipo de dobradi\u00e7a<\/strong><\/td>\n<td style=\"width: 67%;\" width=\"72\">Dobradi\u00e7a de fecho suave<\/td>\n<\/tr>\n<tr style=\"line-height: 1.4;\">\n<td style=\"width: 33%;\" width=\"36\" height=\"60\"><strong>Cen\u00e1rios aplic\u00e1veis<\/strong><\/td>\n<td style=\"width: 67%;\" width=\"72\">Roupeiro, arm\u00e1rio, estante, arm\u00e1rio de casa de banho e muito mais<\/td>\n<\/tr>\n<tr style=\"line-height: 1.4;\">\n<td style=\"width: 33%;\" width=\"36\" height=\"50\"><strong>Servi\u00e7o OEM e ODM<\/strong><\/td>\n<td style=\"width: 67%;\" width=\"72\">Suporte para personaliza\u00e7\u00e3o f\u00e1cil e personaliza\u00e7\u00e3o profunda<\/td>\n<\/tr>\n<\/tbody>\n<\/table>\n<p>\n<script src=\"chrome-extension:\/\/fpelahbljekknahkcaegamhcndkfpfnc\/iFrame.js\" type=\"text\/javascript\"><\/script><\/p>","protected":false},"featured_media":1247,"comment_status":"closed","ping_status":"closed","template":"","meta":{"_acf_changed":false},"product_brand":[],"product_cat":[16,17,19,23],"product_tag":[],"class_list":{"0":"post-884","1":"product","2":"type-product","3":"status-publish","4":"has-post-thumbnail","6":"product_cat-wholesale-soft-closing-hinges","7":"product_cat-wholesale-cabinet-hinges","8":"product_cat-wholesale-furniture-hinges","9":"product_cat-wholesale-hydraulic-hinges","11":"first","12":"instock","13":"shipping-taxable","14":"product-type-simple"},"acf":[],"_links":{"self":[{"href":"https:\/\/www.mrhardwares.com\/pt\/wp-json\/wp\/v2\/product\/884","targetHints":{"allow":["GET"]}}],"collection":[{"href":"https:\/\/www.mrhardwares.com\/pt\/wp-json\/wp\/v2\/product"}],"about":[{"href":"https:\/\/www.mrhardwares.com\/pt\/wp-json\/wp\/v2\/types\/product"}],"replies":[{"embeddable":true,"href":"https:\/\/www.mrhardwares.com\/pt\/wp-json\/wp\/v2\/comments?post=884"}],"wp:featuredmedia":[{"embeddable":true,"href":"https:\/\/www.mrhardwares.com\/pt\/wp-json\/wp\/v2\/media\/1247"}],"wp:attachment":[{"href":"https:\/\/www.mrhardwares.com\/pt\/wp-json\/wp\/v2\/media?parent=884"}],"wp:term":[{"taxonomy":"product_brand","embeddable":true,"href":"https:\/\/www.mrhardwares.com\/pt\/wp-json\/wp\/v2\/product_brand?post=884"},{"taxonomy":"product_cat","embeddable":true,"href":"https:\/\/www.mrhardwares.com\/pt\/wp-json\/wp\/v2\/product_cat?post=884"},{"taxonomy":"product_tag","embeddable":true,"href":"https:\/\/www.mrhardwares.com\/pt\/wp-json\/wp\/v2\/product_tag?post=884"}],"curies":[{"name":"wp","href":"https:\/\/api.w.org\/{rel}","templated":true}]}}