{"id":892,"date":"2025-03-25T03:26:55","date_gmt":"2025-03-25T03:26:55","guid":{"rendered":"https:\/\/www.mrhardwares.com\/?post_type=product&#038;p=892"},"modified":"2025-12-31T01:58:11","modified_gmt":"2025-12-31T01:58:11","slug":"wholesale-soft-close-concealed-hinges","status":"publish","type":"product","link":"https:\/\/www.mrhardwares.com\/pt\/product\/wholesale-soft-close-concealed-hinges\/","title":{"rendered":"Dobradi\u00e7as ocultas de fecho suave por atacado, Dobradi\u00e7as de arm\u00e1rio a granel - MR-F2A"},"content":{"rendered":"<h3 class=\"wp-block-heading\">Carater\u00edsticas das dobradi\u00e7as ocultas de fecho suave<\/h3><ul class=\"wp-block-list\"><li><strong>Mecanismo de fecho suave: <\/strong>Cada dobradi\u00e7a est\u00e1 equipada com um amortecedor de abrandamento incorporado para garantir que a porta do arm\u00e1rio fecha de forma suave e silenciosa. Reduz o desgaste da dobradi\u00e7a e do corpo do arm\u00e1rio, mas tamb\u00e9m proporciona uma experi\u00eancia de utiliza\u00e7\u00e3o silenciosa e de alta qualidade.<br><\/li>\n\n<li><strong>Est\u00e3o dispon\u00edveis tr\u00eas tipos de instala\u00e7\u00e3o: <\/strong>Os modelos MR-F2A est\u00e3o dispon\u00edveis nos estilos de dobradi\u00e7a de cobertura total, semi-cobertura e encastrada (sem cobertura), que s\u00e3o compat\u00edveis com v\u00e1rias configura\u00e7\u00f5es de portas de arm\u00e1rios.<br><\/li>\n\n<li><strong>Design oculto:<\/strong> Os estilos de cobertura total e semi-cobertura t\u00eam um design oculto. Quando a porta do arm\u00e1rio est\u00e1 fechada, a dobradi\u00e7a n\u00e3o aparece no campo de vis\u00e3o, garantindo a apar\u00eancia simples do m\u00f3vel.<br><\/li>\n\n<li><strong>Dois materiais \u00e0 escolha:<\/strong> A dobradi\u00e7a oculta de fecho suave da s\u00e9rie MR-F2A est\u00e1 dispon\u00edvel em a\u00e7o inoxid\u00e1vel e a\u00e7o laminado a frio. Adequada para diferentes necessidades de projeto, \u00e9 muito adequada para a compra por grossistas e empresas de mobili\u00e1rio.<br><\/li>\n\n<li><strong>Fornecimento de dobradi\u00e7as para arm\u00e1rios a granel:<\/strong>Como um fabricante profissional de dobradi\u00e7as, fornecemos dobradi\u00e7as para m\u00f3veis a granel para marcas de m\u00f3veis globais, fabricantes de arm\u00e1rios e grossistas, fornecendo pre\u00e7os muito competitivos e servi\u00e7os de personaliza\u00e7\u00e3o flex\u00edveis.<\/li><\/ul>","protected":false},"excerpt":{"rendered":"<p data-pm-slice=\"1 1 []\"><strong>Pre\u00e7o: US $0.123\/unidade<\/strong><\/p>\n<p>Wholesale soft-close concealed hinges. The MR-F2A series offers full-cover, half-cover and recessed styles, and is available in stainless steel or cold-rolled steel. It is equipped with a soft-close hydraulic system to provide users with a quiet and smooth cabinet door closing experience.<\/p>\n<p>O fabricante de dobradi\u00e7as Mingrun fornece dobradi\u00e7as de arm\u00e1rio a granel e pre\u00e7os de f\u00e1brica, entre em contacto connosco.<br \/><strong><a href=\"https:\/\/www.mrhardwares.com\/pt\/custom-solution\/\" target=\"_blank\" rel=\"noopener\">Saiba mais sobre as solu\u00e7\u00f5es de dobradi\u00e7as para m\u00f3veis personalizadas OEM e ODM \u2192 <\/a><\/strong><\/p>\n<h2>Especifica\u00e7\u00f5es de Dobradi\u00e7as para portas de arm\u00e1rios de fecho suave<\/h2>\n<table border=\"0\" cellspacing=\"0\" cellpadding=\"0\">\n<tbody style=\"font-size: 12px; border: 1px solid #ccc; overflow: hidden;\">\n<tr style=\"line-height: 1.4;\">\n<td style=\"width: 33%;\" width=\"36\" height=\"30\"><span style=\"font-size: 16px;\">Especifica\u00e7\u00e3o<\/span><\/td>\n<td style=\"width: 67%;\" width=\"72\"><span style=\"font-size: 16px;\">Detalhes<\/span><\/td>\n<\/tr>\n<tr style=\"line-height: 1.4;\">\n<td style=\"width: 33%;\" width=\"36\" height=\"30\"><span style=\"font-size: 16px;\">N\u00famero do modelo<\/span><\/td>\n<td style=\"width: 67%;\" width=\"72\"><span style=\"font-size: 16px;\">MR-F2A<\/span><\/td>\n<\/tr>\n<tr style=\"line-height: 1.4;\">\n<td style=\"width: 33%;\" width=\"36\" height=\"30\"><span style=\"font-size: 16px;\">Material da dobradi\u00e7a<\/span><\/td>\n<td style=\"width: 67%;\" width=\"72\"><span style=\"font-size: 16px;\">A\u00e7o inoxid\u00e1vel ou a\u00e7o laminado a frio<\/span><\/td>\n<\/tr>\n<tr style=\"line-height: 1.4;\">\n<td style=\"width: 33%;\" width=\"36\" height=\"30\"><span style=\"font-size: 16px;\">Tipo de dobradi\u00e7a<\/span><\/td>\n<td style=\"width: 67%;\" width=\"72\"><span style=\"font-size: 16px;\">Dobradi\u00e7a de fecho suave<\/span><\/td>\n<\/tr>\n<tr style=\"line-height: 1.4;\">\n<td style=\"width: 33%;\" width=\"36\" height=\"60\"><span style=\"font-size: 16px;\">Cen\u00e1rios aplic\u00e1veis<\/span><\/td>\n<td style=\"width: 67%;\" width=\"72\"><span style=\"font-size: 16px;\">Roupeiro, arm\u00e1rio, estante, arm\u00e1rio de casa de banho e muito mais<\/span><\/td>\n<\/tr>\n<tr style=\"line-height: 1.4;\">\n<td style=\"width: 33%;\" width=\"36\" height=\"50\"><span style=\"font-size: 16px;\">Servi\u00e7o OEM e ODM<\/span><\/td>\n<td style=\"width: 67%;\" width=\"72\"><span style=\"font-size: 16px;\">Suporte para personaliza\u00e7\u00e3o f\u00e1cil e personaliza\u00e7\u00e3o profunda<\/span><\/td>\n<\/tr>\n<\/tbody>\n<\/table>\n<p><script src=\"chrome-extension:\/\/fpelahbljekknahkcaegamhcndkfpfnc\/iFrame.js\" type=\"text\/javascript\"><\/script><\/p>","protected":false},"featured_media":1254,"comment_status":"closed","ping_status":"closed","template":"","meta":{"_acf_changed":false},"product_brand":[],"product_cat":[17,19,16],"product_tag":[],"class_list":{"0":"post-892","1":"product","2":"type-product","3":"status-publish","4":"has-post-thumbnail","6":"product_cat-wholesale-cabinet-hinges","7":"product_cat-wholesale-furniture-hinges","8":"product_cat-wholesale-soft-closing-hinges","10":"first","11":"instock","12":"shipping-taxable","13":"product-type-simple"},"acf":[],"_links":{"self":[{"href":"https:\/\/www.mrhardwares.com\/pt\/wp-json\/wp\/v2\/product\/892","targetHints":{"allow":["GET"]}}],"collection":[{"href":"https:\/\/www.mrhardwares.com\/pt\/wp-json\/wp\/v2\/product"}],"about":[{"href":"https:\/\/www.mrhardwares.com\/pt\/wp-json\/wp\/v2\/types\/product"}],"replies":[{"embeddable":true,"href":"https:\/\/www.mrhardwares.com\/pt\/wp-json\/wp\/v2\/comments?post=892"}],"wp:featuredmedia":[{"embeddable":true,"href":"https:\/\/www.mrhardwares.com\/pt\/wp-json\/wp\/v2\/media\/1254"}],"wp:attachment":[{"href":"https:\/\/www.mrhardwares.com\/pt\/wp-json\/wp\/v2\/media?parent=892"}],"wp:term":[{"taxonomy":"product_brand","embeddable":true,"href":"https:\/\/www.mrhardwares.com\/pt\/wp-json\/wp\/v2\/product_brand?post=892"},{"taxonomy":"product_cat","embeddable":true,"href":"https:\/\/www.mrhardwares.com\/pt\/wp-json\/wp\/v2\/product_cat?post=892"},{"taxonomy":"product_tag","embeddable":true,"href":"https:\/\/www.mrhardwares.com\/pt\/wp-json\/wp\/v2\/product_tag?post=892"}],"curies":[{"name":"wp","href":"https:\/\/api.w.org\/{rel}","templated":true}]}}