{"id":893,"date":"2025-03-21T08:07:23","date_gmt":"2025-03-21T08:07:23","guid":{"rendered":"https:\/\/www.mrhardwares.com\/?post_type=product&#038;p=893"},"modified":"2025-12-31T02:04:00","modified_gmt":"2025-12-31T02:04:00","slug":"wholesale-soft-close-cabinet-hinges-mr-f2b","status":"publish","type":"product","link":"https:\/\/www.mrhardwares.com\/pt\/product\/wholesale-soft-close-cabinet-hinges-mr-f2b\/","title":{"rendered":"Dobradi\u00e7as de arm\u00e1rio de fecho suave por atacado com sobreposi\u00e7\u00e3o total, meia sobreposi\u00e7\u00e3o e sem sobreposi\u00e7\u00e3o - MR-F2B"},"content":{"rendered":"<h3 class=\"wp-block-heading\">Carater\u00edsticas das dobradi\u00e7as de arm\u00e1rio de fecho suave<\/h3><ul class=\"wp-block-list\"><li><strong>Sistema hidr\u00e1ulico de fecho suave: <\/strong>Cada dobradi\u00e7a utiliza um amortecedor hidr\u00e1ulico selado para reduzir eficazmente o impacto e o ru\u00eddo durante o fecho da porta, proporcionando uma experi\u00eancia de fecho suave, silenciosa e sem sobressaltos.<br><\/li>\n\n<li><strong>Duradouro: <\/strong>Estas dobradi\u00e7as de arm\u00e1rio de fecho suave s\u00e3o duradouras e foram testadas para mais de 80.000 ciclos de abertura e fecho, simulando cen\u00e1rios de utiliza\u00e7\u00e3o di\u00e1ria repetida para garantir um desempenho e fiabilidade a longo prazo.<br><\/li>\n\n<li><strong>Tr\u00eas op\u00e7\u00f5es de cobertura: <\/strong>A s\u00e9rie MR-F2B est\u00e1 dispon\u00edvel nos estilos de cobertura total, meia cobertura e encastrada (sem cobertura) para suportar v\u00e1rias configura\u00e7\u00f5es de portas de arm\u00e1rios.<br><\/li>\n\n<li><strong>Ideal para projectos por grosso: <\/strong>Como fabricante profissional de dobradi\u00e7as, fornecemos dobradi\u00e7as para m\u00f3veis a granel a clientes em todo o mundo a pre\u00e7os muito competitivos para satisfazer as necessidades de grandes projectos e produ\u00e7\u00e3o em grande escala.<br><\/li>\n\n<li><strong>Vantagens da venda por grosso personalizada: <\/strong>Apoiar LOGOTIPO personalizado, embalagem e mais detalhes personalizados para ajudar a melhorar a imagem da marca. Tamb\u00e9m fornecemos pre\u00e7os flex\u00edveis por grosso e servi\u00e7os de entrega r\u00e1pida para encomendas a granel.<\/li><\/ul>","protected":false},"excerpt":{"rendered":"<p><strong>Pre\u00e7o: US $0.13\/unidade<\/strong><\/p>\n<p>As dobradi\u00e7as para arm\u00e1rios de fecho suave por atacado podem ser utilizadas em roupeiros, arm\u00e1rios e toucadores de casa de banho, suportando mais de 80.000 testes de abertura e fecho, dur\u00e1veis e de excelente qualidade. Fornece estilos de cobertura total, semi-cobertura e embutido (sem cobertura) para atender \u00e0s diferentes necessidades do projeto. Contacte-nos para obter um or\u00e7amento.<\/p>\n<p><strong><a href=\"https:\/\/www.mrhardwares.com\/pt\/custom-solution\/\" target=\"_blank\" rel=\"noopener\">Saiba mais sobre as solu\u00e7\u00f5es de dobradi\u00e7as para m\u00f3veis personalizadas OEM e ODM \u2192<\/a><\/strong><\/p>\n<h2>Especifica\u00e7\u00f5es da dobradi\u00e7a de arm\u00e1rio de fecho suave<\/h2>\n<table border=\"0\" cellspacing=\"0\" cellpadding=\"0\">\n<tbody style=\"font-size: 12px; border: 1px solid #ccc; overflow: hidden;\">\n<tr style=\"line-height: 1.4;\">\n<td style=\"width: 33%;\" width=\"36\" height=\"30\"><strong>Especifica\u00e7\u00e3o<\/strong><\/td>\n<td style=\"width: 67%;\" width=\"72\"><strong>Detalhes<\/strong><\/td>\n<\/tr>\n<tr style=\"line-height: 1.4;\">\n<td style=\"width: 33%;\" width=\"36\" height=\"30\"><strong>N\u00famero do modelo<\/strong><\/td>\n<td style=\"width: 67%;\" width=\"72\">MR-F2B<\/td>\n<\/tr>\n<tr style=\"line-height: 1.4;\">\n<td style=\"width: 33%;\" width=\"36\" height=\"30\"><strong>Material da dobradi\u00e7a<\/strong><\/td>\n<td style=\"width: 67%;\" width=\"72\">A\u00e7o inoxid\u00e1vel ou a\u00e7o laminado a frio<\/td>\n<\/tr>\n<tr style=\"line-height: 1.4;\">\n<td style=\"width: 33%;\" width=\"36\" height=\"30\"><strong>Tipo de dobradi\u00e7a<\/strong><\/td>\n<td style=\"width: 67%;\" width=\"72\">Dobradi\u00e7a de fecho suave<\/td>\n<\/tr>\n<tr style=\"line-height: 1.4;\">\n<td style=\"width: 33%;\" width=\"36\" height=\"60\"><strong>Cen\u00e1rios aplic\u00e1veis<\/strong><\/td>\n<td style=\"width: 67%;\" width=\"72\">Roupeiro, arm\u00e1rio, estante, arm\u00e1rio de casa de banho e muito mais<\/td>\n<\/tr>\n<tr style=\"line-height: 1.4;\">\n<td style=\"width: 33%;\" width=\"36\" height=\"50\"><strong>Servi\u00e7o OEM e ODM<\/strong><\/td>\n<td style=\"width: 67%;\" width=\"72\">Suporte para personaliza\u00e7\u00e3o f\u00e1cil e personaliza\u00e7\u00e3o profunda<\/td>\n<\/tr>\n<\/tbody>\n<\/table>\n<p>\n<script src=\"chrome-extension:\/\/fpelahbljekknahkcaegamhcndkfpfnc\/iFrame.js\" type=\"text\/javascript\"><\/script><\/p>","protected":false},"featured_media":1264,"comment_status":"closed","ping_status":"closed","template":"","meta":{"_acf_changed":false},"product_brand":[],"product_cat":[16,17,19],"product_tag":[],"class_list":{"0":"post-893","1":"product","2":"type-product","3":"status-publish","4":"has-post-thumbnail","6":"product_cat-wholesale-soft-closing-hinges","7":"product_cat-wholesale-cabinet-hinges","8":"product_cat-wholesale-furniture-hinges","10":"first","11":"instock","12":"shipping-taxable","13":"product-type-simple"},"acf":[],"_links":{"self":[{"href":"https:\/\/www.mrhardwares.com\/pt\/wp-json\/wp\/v2\/product\/893","targetHints":{"allow":["GET"]}}],"collection":[{"href":"https:\/\/www.mrhardwares.com\/pt\/wp-json\/wp\/v2\/product"}],"about":[{"href":"https:\/\/www.mrhardwares.com\/pt\/wp-json\/wp\/v2\/types\/product"}],"replies":[{"embeddable":true,"href":"https:\/\/www.mrhardwares.com\/pt\/wp-json\/wp\/v2\/comments?post=893"}],"wp:featuredmedia":[{"embeddable":true,"href":"https:\/\/www.mrhardwares.com\/pt\/wp-json\/wp\/v2\/media\/1264"}],"wp:attachment":[{"href":"https:\/\/www.mrhardwares.com\/pt\/wp-json\/wp\/v2\/media?parent=893"}],"wp:term":[{"taxonomy":"product_brand","embeddable":true,"href":"https:\/\/www.mrhardwares.com\/pt\/wp-json\/wp\/v2\/product_brand?post=893"},{"taxonomy":"product_cat","embeddable":true,"href":"https:\/\/www.mrhardwares.com\/pt\/wp-json\/wp\/v2\/product_cat?post=893"},{"taxonomy":"product_tag","embeddable":true,"href":"https:\/\/www.mrhardwares.com\/pt\/wp-json\/wp\/v2\/product_tag?post=893"}],"curies":[{"name":"wp","href":"https:\/\/api.w.org\/{rel}","templated":true}]}}