{"id":894,"date":"2025-03-21T08:28:32","date_gmt":"2025-03-21T08:28:32","guid":{"rendered":"https:\/\/www.mrhardwares.com\/?post_type=product&#038;p=894"},"modified":"2025-12-31T02:54:43","modified_gmt":"2025-12-31T02:54:43","slug":"wholesale-soft-close-hydraulic-cabinet-hinges","status":"publish","type":"product","link":"https:\/\/www.mrhardwares.com\/pt\/product\/wholesale-soft-close-hydraulic-cabinet-hinges\/","title":{"rendered":"Dobradi\u00e7as hidr\u00e1ulicas para arm\u00e1rios por atacado, Dobradi\u00e7as ocultas para arm\u00e1rios de fecho suave a granel Fornecimento MR-DTG"},"content":{"rendered":"<h3 class=\"wp-block-heading\">Carater\u00edsticas das dobradi\u00e7as hidr\u00e1ulicas para arm\u00e1rios<\/h3><p><strong>Material de alta qualidade:<\/strong> Fabricado com materiais de a\u00e7o inoxid\u00e1vel ou ferro de alta qualidade para garantir a<strong> <\/strong>durabilidade a longo prazo da dobradi\u00e7a.<\/p><p><strong>Buffering e sil\u00eancio<\/strong>: Sistema de amortecimento hidr\u00e1ulico incorporado, a porta rebate lentamente quando \u00e9 aberta e fechada, assegurando uma abertura e um fecho suaves, reduzindo eficazmente o ru\u00eddo.<\/p><p><strong>F\u00e1cil de instalar:<\/strong> Design simples, guia de instala\u00e7\u00e3o detalhado, adequado para todos os tipos de portas de arm\u00e1rios de cozinha, processo de instala\u00e7\u00e3o r\u00e1pido e f\u00e1cil, mesmo os n\u00e3o profissionais podem facilmente concluir.<\/p><p><strong>Elevada capacidade de carga<\/strong>: Estrutura de dobradi\u00e7a refor\u00e7ada, forte capacidade de carga, adequada para a maioria das portas de arm\u00e1rios de cozinha, capaz de suportar a press\u00e3o de abertura e fecho na utiliza\u00e7\u00e3o di\u00e1ria.<\/p><p><strong>Longa vida \u00fatil<\/strong>: Design altamente resistente ao desgaste, a dobradi\u00e7a mant\u00e9m um desempenho de abertura e fecho suave durante a utiliza\u00e7\u00e3o a longo prazo, reduzindo o custo de substitui\u00e7\u00e3o frequente.<\/p><p><strong>Aplica\u00e7\u00e3o vers\u00e1til:<\/strong> Adequado para todos os tipos de arm\u00e1rios de cozinha, roupeiros, arm\u00e1rios de casa de banho e outros m\u00f3veis, amplamente utilizado em casa, cozinhas comerciais e projectos de mobili\u00e1rio personalizado.<\/p>","protected":false},"excerpt":{"rendered":"<p><strong>Price: US $0.124\/pc<\/strong><\/p>\n<p>As dobradi\u00e7as de arm\u00e1rio hidr\u00e1ulico por atacado garantem que as portas do arm\u00e1rio fechem suave e lentamente, reduzem efetivamente o ru\u00eddo, adequadas para portas de arm\u00e1rio de v\u00e1rios materiais. Fornecer pre\u00e7os por atacado de f\u00e1brica, apoiar servi\u00e7os de personaliza\u00e7\u00e3o OEM e ODM, entre em contato conosco.<\/p>\n<h2>Especifica\u00e7\u00f5es de Dobradi\u00e7as hidr\u00e1ulicas para arm\u00e1rios<\/h2>\n<table border=\"0\" cellspacing=\"0\" cellpadding=\"0\">\n<tbody style=\"font-size: 12px; border: 1px solid #ccc; overflow: hidden;\">\n<tr style=\"line-height: 1.4;\">\n<td style=\"width: 33%;\" width=\"36\" height=\"30\"><strong>Especifica\u00e7\u00e3o<\/strong><\/td>\n<td style=\"width: 67%;\" width=\"72\"><strong>Detalhes<\/strong><\/td>\n<\/tr>\n<tr style=\"line-height: 1.4;\">\n<td style=\"width: 33%;\" width=\"36\" height=\"30\"><strong>N\u00famero do modelo<\/strong><\/td>\n<td style=\"width: 67%;\" width=\"72\">MR-DTG<\/td>\n<\/tr>\n<tr style=\"line-height: 1.4;\">\n<td style=\"width: 33%;\" width=\"36\" height=\"30\"><strong>Material da dobradi\u00e7a<\/strong><\/td>\n<td style=\"width: 67%;\" width=\"72\">A\u00e7o inoxid\u00e1vel ou a\u00e7o laminado a frio<\/td>\n<\/tr>\n<tr style=\"line-height: 1.4;\">\n<td style=\"width: 33%;\" width=\"36\" height=\"30\"><strong>Tipo de dobradi\u00e7a<\/strong><\/td>\n<td style=\"width: 67%;\" width=\"72\">Dobradi\u00e7a de fecho suave<\/td>\n<\/tr>\n<tr style=\"line-height: 1.4;\">\n<td style=\"width: 33%;\" width=\"36\" height=\"60\"><strong>Cen\u00e1rios aplic\u00e1veis<\/strong><\/td>\n<td style=\"width: 67%;\" width=\"72\">Roupeiro, arm\u00e1rio, estante, arm\u00e1rio de casa de banho e muito mais<\/td>\n<\/tr>\n<tr style=\"line-height: 1.4;\">\n<td style=\"width: 33%;\" width=\"36\" height=\"50\"><strong>Servi\u00e7o OEM e ODM<\/strong><\/td>\n<td style=\"width: 67%;\" width=\"72\">Suporte para personaliza\u00e7\u00e3o f\u00e1cil e personaliza\u00e7\u00e3o profunda<\/td>\n<\/tr>\n<\/tbody>\n<\/table>\n<p>&nbsp;<\/p>\n<p><script src=\"chrome-extension:\/\/fpelahbljekknahkcaegamhcndkfpfnc\/iFrame.js\" type=\"text\/javascript\"><\/script><\/p>\n<p>\n<script src=\"chrome-extension:\/\/fpelahbljekknahkcaegamhcndkfpfnc\/iFrame.js\" type=\"text\/javascript\"><\/script><\/p>","protected":false},"featured_media":956,"comment_status":"closed","ping_status":"closed","template":"","meta":{"_acf_changed":false},"product_brand":[],"product_cat":[16,17,19,23],"product_tag":[],"class_list":{"0":"post-894","1":"product","2":"type-product","3":"status-publish","4":"has-post-thumbnail","6":"product_cat-wholesale-soft-closing-hinges","7":"product_cat-wholesale-cabinet-hinges","8":"product_cat-wholesale-furniture-hinges","9":"product_cat-wholesale-hydraulic-hinges","11":"first","12":"instock","13":"shipping-taxable","14":"product-type-simple"},"acf":[],"_links":{"self":[{"href":"https:\/\/www.mrhardwares.com\/pt\/wp-json\/wp\/v2\/product\/894","targetHints":{"allow":["GET"]}}],"collection":[{"href":"https:\/\/www.mrhardwares.com\/pt\/wp-json\/wp\/v2\/product"}],"about":[{"href":"https:\/\/www.mrhardwares.com\/pt\/wp-json\/wp\/v2\/types\/product"}],"replies":[{"embeddable":true,"href":"https:\/\/www.mrhardwares.com\/pt\/wp-json\/wp\/v2\/comments?post=894"}],"wp:featuredmedia":[{"embeddable":true,"href":"https:\/\/www.mrhardwares.com\/pt\/wp-json\/wp\/v2\/media\/956"}],"wp:attachment":[{"href":"https:\/\/www.mrhardwares.com\/pt\/wp-json\/wp\/v2\/media?parent=894"}],"wp:term":[{"taxonomy":"product_brand","embeddable":true,"href":"https:\/\/www.mrhardwares.com\/pt\/wp-json\/wp\/v2\/product_brand?post=894"},{"taxonomy":"product_cat","embeddable":true,"href":"https:\/\/www.mrhardwares.com\/pt\/wp-json\/wp\/v2\/product_cat?post=894"},{"taxonomy":"product_tag","embeddable":true,"href":"https:\/\/www.mrhardwares.com\/pt\/wp-json\/wp\/v2\/product_tag?post=894"}],"curies":[{"name":"wp","href":"https:\/\/api.w.org\/{rel}","templated":true}]}}