{"id":896,"date":"2025-03-21T08:58:53","date_gmt":"2025-03-21T08:58:53","guid":{"rendered":"https:\/\/www.mrhardwares.com\/?post_type=product&#038;p=896"},"modified":"2025-12-31T03:14:40","modified_gmt":"2025-12-31T03:14:40","slug":"wholesale-normal-furniture-hinge","status":"publish","type":"product","link":"https:\/\/www.mrhardwares.com\/pt\/product\/wholesale-normal-furniture-hinge\/","title":{"rendered":"Dobradi\u00e7as normais por atacado para roupeiros e arm\u00e1rios, arm\u00e1rios de casa de banho - MR-261B2"},"content":{"rendered":"<h3 class=\"wp-block-heading\">Carater\u00edsticas das Dobradi\u00e7as Normais MR-261B2<\/h3><p><strong>Abertura e fecho suaves<\/strong>: a tecnologia de fabrico de alta precis\u00e3o \u00e9 utilizada para garantir uma abertura e um fecho suaves do painel da porta sem ru\u00eddo.<\/p><p><strong>Forte capacidade de suporte de carga<\/strong>A estrutura \u00e9 est\u00e1vel e pode suportar grandes pesos para garantir a utiliza\u00e7\u00e3o segura da porta do arm\u00e1rio.<\/p><p><strong>Baixo custo de manuten\u00e7\u00e3o<\/strong>A conce\u00e7\u00e3o de elevada durabilidade reduz a frequ\u00eancia de substitui\u00e7\u00e3o e os custos de manuten\u00e7\u00e3o posteriores.<\/p><p><strong>Solu\u00e7\u00e3o de personaliza\u00e7\u00e3o num s\u00f3 local:<\/strong> O tamanho, o \u00e2ngulo, a resist\u00eancia da mola, o tratamento de superf\u00edcie, etc. podem ser ajustados de acordo com as necessidades do cliente.<\/p>","protected":false},"excerpt":{"rendered":"<p><strong>Pre\u00e7o: US $0.055\/unidade<\/strong><\/p>\n<p>Dobradi\u00e7as comuns por atacado, adequadas para todos os tipos de mobili\u00e1rio, como roupeiros, arm\u00e1rios, arm\u00e1rios de casa de banho, etc., adequadas para v\u00e1rios cen\u00e1rios, como casa, hotel, escrit\u00f3rio, etc. Suporte a personaliza\u00e7\u00e3o OEM e ODM para atender \u00e0s necessidades de diferentes clientes, bem-vindo para consultar e cooperar.<\/p>\n<h2>Especifica\u00e7\u00f5es da Dobradi\u00e7a Normal - MR-261B2<\/h2>\n<table border=\"0\" cellspacing=\"0\" cellpadding=\"0\">\n<tbody style=\"font-size: 12px; border: 1px solid #ccc; overflow: hidden;\">\n<tr style=\"line-height: 1.4;\">\n<td style=\"width: 33%;\" width=\"36\" height=\"30\"><strong>Especifica\u00e7\u00e3o<\/strong><\/td>\n<td style=\"width: 67%;\" width=\"72\"><strong>Detalhes<\/strong><\/td>\n<\/tr>\n<tr style=\"line-height: 1.4;\">\n<td style=\"width: 33%;\" width=\"36\" height=\"30\"><strong>N\u00famero do modelo<\/strong><\/td>\n<td style=\"width: 67%;\" width=\"72\">MR-261B2<\/td>\n<\/tr>\n<tr style=\"line-height: 1.4;\">\n<td style=\"width: 33%;\" width=\"36\" height=\"30\"><strong>Material da dobradi\u00e7a<\/strong><\/td>\n<td style=\"width: 67%;\" width=\"72\">Ferro<\/td>\n<\/tr>\n<tr style=\"line-height: 1.4;\">\n<td style=\"width: 33%;\" width=\"36\" height=\"30\"><strong>Tipo de dobradi\u00e7a<\/strong><\/td>\n<td style=\"width: 67%;\" width=\"72\">Dobradi\u00e7as normais para m\u00f3veis<\/td>\n<\/tr>\n<tr style=\"line-height: 1.4;\">\n<td style=\"width: 33%;\" width=\"36\" height=\"60\"><strong>Cen\u00e1rios aplic\u00e1veis<\/strong><\/td>\n<td style=\"width: 67%;\" width=\"72\">Roupeiro, arm\u00e1rio, estante, arm\u00e1rio de casa de banho e muito mais<\/td>\n<\/tr>\n<tr style=\"line-height: 1.4;\">\n<td style=\"width: 33%;\" width=\"36\" height=\"50\"><strong>Servi\u00e7o OEM e ODM<\/strong><\/td>\n<td style=\"width: 67%;\" width=\"72\">Suporte para personaliza\u00e7\u00e3o f\u00e1cil e personaliza\u00e7\u00e3o profunda<\/td>\n<\/tr>\n<\/tbody>\n<\/table>\n<p><script src=\"chrome-extension:\/\/fpelahbljekknahkcaegamhcndkfpfnc\/iFrame.js\" type=\"text\/javascript\"><\/script><\/p>\n<p>\n<script src=\"chrome-extension:\/\/fpelahbljekknahkcaegamhcndkfpfnc\/iFrame.js\" type=\"text\/javascript\"><\/script><\/p>","protected":false},"featured_media":1001,"comment_status":"closed","ping_status":"closed","template":"","meta":{"_acf_changed":false},"product_brand":[],"product_cat":[25],"product_tag":[],"class_list":{"0":"post-896","1":"product","2":"type-product","3":"status-publish","4":"has-post-thumbnail","6":"product_cat-wholesale-regular-furniture-hinges","8":"first","9":"instock","10":"shipping-taxable","11":"product-type-simple"},"acf":[],"_links":{"self":[{"href":"https:\/\/www.mrhardwares.com\/pt\/wp-json\/wp\/v2\/product\/896","targetHints":{"allow":["GET"]}}],"collection":[{"href":"https:\/\/www.mrhardwares.com\/pt\/wp-json\/wp\/v2\/product"}],"about":[{"href":"https:\/\/www.mrhardwares.com\/pt\/wp-json\/wp\/v2\/types\/product"}],"replies":[{"embeddable":true,"href":"https:\/\/www.mrhardwares.com\/pt\/wp-json\/wp\/v2\/comments?post=896"}],"wp:featuredmedia":[{"embeddable":true,"href":"https:\/\/www.mrhardwares.com\/pt\/wp-json\/wp\/v2\/media\/1001"}],"wp:attachment":[{"href":"https:\/\/www.mrhardwares.com\/pt\/wp-json\/wp\/v2\/media?parent=896"}],"wp:term":[{"taxonomy":"product_brand","embeddable":true,"href":"https:\/\/www.mrhardwares.com\/pt\/wp-json\/wp\/v2\/product_brand?post=896"},{"taxonomy":"product_cat","embeddable":true,"href":"https:\/\/www.mrhardwares.com\/pt\/wp-json\/wp\/v2\/product_cat?post=896"},{"taxonomy":"product_tag","embeddable":true,"href":"https:\/\/www.mrhardwares.com\/pt\/wp-json\/wp\/v2\/product_tag?post=896"}],"curies":[{"name":"wp","href":"https:\/\/api.w.org\/{rel}","templated":true}]}}