{"id":906,"date":"2025-03-21T09:57:54","date_gmt":"2025-03-21T09:57:54","guid":{"rendered":"https:\/\/www.mrhardwares.com\/?post_type=product&#038;p=906"},"modified":"2025-12-31T02:57:54","modified_gmt":"2025-12-31T02:57:54","slug":"wholesale-concealed-soft-close-cabinet-hinges-mr-dtza","status":"publish","type":"product","link":"https:\/\/www.mrhardwares.com\/pt\/product\/wholesale-concealed-soft-close-cabinet-hinges-mr-dtza\/","title":{"rendered":"Dobradi\u00e7as de arm\u00e1rio ocultas de fecho suave por atacado, OEM e ODM dispon\u00edveis - MR-DTZA"},"content":{"rendered":"<h3 class=\"wp-block-heading\">Carater\u00edsticas da dobradi\u00e7a oculta de fecho suave para arm\u00e1rios<\/h3><p><strong>Fun\u00e7\u00e3o de fecho suave:<\/strong> Equipada com tecnologia de fecho suave, a porta do arm\u00e1rio fecha-se de forma suave e silenciosa, evitando danos por impacto e melhorando a experi\u00eancia do utilizador.<\/p><p><strong>Design ajust\u00e1vel<\/strong>: Suporta a regula\u00e7\u00e3o horizontal, vertical e em profundidade para garantir um alinhamento exato da porta do arm\u00e1rio para se adaptar a diferentes necessidades de instala\u00e7\u00e3o.<\/p><p><strong>Forte capacidade de carga:<\/strong> O design optimizado suporta portas de arm\u00e1rio pesadas para garantir estabilidade e durabilidade na utiliza\u00e7\u00e3o di\u00e1ria.<\/p><p><strong>Aspeto moderno: <\/strong>O design moderno e simples, adequado para uma variedade de estilos de mobili\u00e1rio moderno, melhora o aspeto geral.<\/p><p><strong>Instala\u00e7\u00e3o r\u00e1pida<\/strong>: Instala\u00e7\u00e3o f\u00e1cil, adequada para espa\u00e7os dom\u00e9sticos e comerciais, poupando tempo e efici\u00eancia.<\/p><p><strong>Op\u00e7\u00f5es de personaliza\u00e7\u00e3o:<\/strong> Fornecer uma variedade de tamanhos, cores e servi\u00e7os de personaliza\u00e7\u00e3o de design para corresponder perfeitamente \u00e0s necessidades \u00fanicas do seu arm\u00e1rio de casa de banho e satisfazer requisitos personalizados.<\/p>","protected":false},"excerpt":{"rendered":"<p><strong>Pre\u00e7o: US $0.151\/unidade<\/strong><\/p>\n<p>As dobradi\u00e7as de arm\u00e1rio de fecho suave por atacado garantem um fecho silencioso e suave da porta, com defini\u00e7\u00f5es ajust\u00e1veis para um alinhamento perfeito. Contacte-nos para obter a sua solu\u00e7\u00e3o de dobradi\u00e7a personalizada. Compras a granel para usufruir dos pre\u00e7os de f\u00e1brica.<\/p>\n<h2>Especifica\u00e7\u00f5es da dobradi\u00e7a oculta de fecho suave para arm\u00e1rios<\/h2>\n<table border=\"0\" cellspacing=\"0\" cellpadding=\"0\">\n<tbody style=\"font-size: 12px; border: 1px solid #ccc; overflow: hidden;\">\n<tr style=\"line-height: 1.4;\">\n<td style=\"width: 33%;\" width=\"36\" height=\"30\"><strong>Especifica\u00e7\u00e3o<\/strong><\/td>\n<td style=\"width: 67%;\" width=\"72\"><strong>Detalhes<\/strong><\/td>\n<\/tr>\n<tr style=\"line-height: 1.4;\">\n<td style=\"width: 33%;\" width=\"36\" height=\"30\"><strong>N\u00famero do modelo<\/strong><\/td>\n<td style=\"width: 67%;\" width=\"72\">MR-DTZA<\/td>\n<\/tr>\n<tr style=\"line-height: 1.4;\">\n<td style=\"width: 33%;\" width=\"36\" height=\"30\"><strong>Material da dobradi\u00e7a<\/strong><\/td>\n<td style=\"width: 67%;\" width=\"72\">A\u00e7o inoxid\u00e1vel ou a\u00e7o laminado a frio<\/td>\n<\/tr>\n<tr style=\"line-height: 1.4;\">\n<td style=\"width: 33%;\" width=\"36\" height=\"30\"><strong>Tipo de dobradi\u00e7a<\/strong><\/td>\n<td style=\"width: 67%;\" width=\"72\">Dobradi\u00e7a de fecho suave<\/td>\n<\/tr>\n<tr style=\"line-height: 1.4;\">\n<td style=\"width: 33%;\" width=\"36\" height=\"60\"><strong>Cen\u00e1rios aplic\u00e1veis<\/strong><\/td>\n<td style=\"width: 67%;\" width=\"72\">Roupeiro, arm\u00e1rio, estante, arm\u00e1rio de casa de banho e muito mais<\/td>\n<\/tr>\n<tr style=\"line-height: 1.4;\">\n<td style=\"width: 33%;\" width=\"36\" height=\"50\"><strong>Servi\u00e7o OEM e ODM<\/strong><\/td>\n<td style=\"width: 67%;\" width=\"72\">Suporte para personaliza\u00e7\u00e3o f\u00e1cil e personaliza\u00e7\u00e3o profunda<\/td>\n<\/tr>\n<\/tbody>\n<\/table>\n<p><script src=\"chrome-extension:\/\/fpelahbljekknahkcaegamhcndkfpfnc\/iFrame.js\" type=\"text\/javascript\"><\/script><\/p>\n<p><script src=\"chrome-extension:\/\/fpelahbljekknahkcaegamhcndkfpfnc\/iFrame.js\" type=\"text\/javascript\"><\/script><\/p>\n<p>\n<script src=\"chrome-extension:\/\/fpelahbljekknahkcaegamhcndkfpfnc\/iFrame.js\" type=\"text\/javascript\"><\/script><\/p>","protected":false},"featured_media":962,"comment_status":"closed","ping_status":"closed","template":"","meta":{"_acf_changed":false},"product_brand":[],"product_cat":[16,17,19,23],"product_tag":[],"class_list":{"0":"post-906","1":"product","2":"type-product","3":"status-publish","4":"has-post-thumbnail","6":"product_cat-wholesale-soft-closing-hinges","7":"product_cat-wholesale-cabinet-hinges","8":"product_cat-wholesale-furniture-hinges","9":"product_cat-wholesale-hydraulic-hinges","11":"first","12":"instock","13":"shipping-taxable","14":"product-type-simple"},"acf":[],"_links":{"self":[{"href":"https:\/\/www.mrhardwares.com\/pt\/wp-json\/wp\/v2\/product\/906","targetHints":{"allow":["GET"]}}],"collection":[{"href":"https:\/\/www.mrhardwares.com\/pt\/wp-json\/wp\/v2\/product"}],"about":[{"href":"https:\/\/www.mrhardwares.com\/pt\/wp-json\/wp\/v2\/types\/product"}],"replies":[{"embeddable":true,"href":"https:\/\/www.mrhardwares.com\/pt\/wp-json\/wp\/v2\/comments?post=906"}],"wp:featuredmedia":[{"embeddable":true,"href":"https:\/\/www.mrhardwares.com\/pt\/wp-json\/wp\/v2\/media\/962"}],"wp:attachment":[{"href":"https:\/\/www.mrhardwares.com\/pt\/wp-json\/wp\/v2\/media?parent=906"}],"wp:term":[{"taxonomy":"product_brand","embeddable":true,"href":"https:\/\/www.mrhardwares.com\/pt\/wp-json\/wp\/v2\/product_brand?post=906"},{"taxonomy":"product_cat","embeddable":true,"href":"https:\/\/www.mrhardwares.com\/pt\/wp-json\/wp\/v2\/product_cat?post=906"},{"taxonomy":"product_tag","embeddable":true,"href":"https:\/\/www.mrhardwares.com\/pt\/wp-json\/wp\/v2\/product_tag?post=906"}],"curies":[{"name":"wp","href":"https:\/\/api.w.org\/{rel}","templated":true}]}}