{"id":907,"date":"2025-03-21T10:05:20","date_gmt":"2025-03-21T10:05:20","guid":{"rendered":"https:\/\/www.mrhardwares.com\/?post_type=product&#038;p=907"},"modified":"2025-12-31T03:01:23","modified_gmt":"2025-12-31T03:01:23","slug":"wholesale-soft-closing-silent-hinges","status":"publish","type":"product","link":"https:\/\/www.mrhardwares.com\/pt\/product\/wholesale-soft-closing-silent-hinges\/","title":{"rendered":"Dobradi\u00e7as de arm\u00e1rio silenciosas de fecho suave por atacado MR-F4B - Fabricante de dobradi\u00e7as para m\u00f3veis Mingrun"},"content":{"rendered":"<h3 class=\"wp-block-heading\">Carater\u00edsticas da dobradi\u00e7a de arm\u00e1rio silenciosa de fecho suave<\/h3><p><strong>Design silencioso: <\/strong>Tecnologia silenciosa inovadora, sem ru\u00eddo quando as dobradi\u00e7as s\u00e3o abertas e fechadas, proporcionando uma experi\u00eancia de utiliza\u00e7\u00e3o silenciosa e confort\u00e1vel.<\/p><p><strong>Mecanismo de fecho suave: <\/strong>Fecho suave para evitar a colis\u00e3o do painel da porta, prolonga a vida \u00fatil da porta do arm\u00e1rio, adequado para ambientes de utiliza\u00e7\u00e3o de alta frequ\u00eancia.<\/p><p><strong>Amplamente aplic\u00e1vel<\/strong>: Adequado para todos os tipos de mobili\u00e1rio, como cozinhas, quartos, escrit\u00f3rios, etc., para satisfazer diversas necessidades.<\/p><p><strong>Instala\u00e7\u00e3o f\u00e1cil: <\/strong>Design simples, instala\u00e7\u00e3o r\u00e1pida, reduzindo os custos de m\u00e3o de obra e tempo.<\/p><p><strong>Durabilidade de longa dura\u00e7\u00e3o:<\/strong> A estrutura refor\u00e7ada garante uma utiliza\u00e7\u00e3o com cargas elevadas, mant\u00e9m o interrutor suave e n\u00e3o necessita de substitui\u00e7\u00e3o frequente.<\/p>","protected":false},"excerpt":{"rendered":"<p><strong>Pre\u00e7o: US $0.13\/unidade<\/strong><\/p>\n<p>A dobradi\u00e7a silenciosa por atacado apresenta um funcionamento sem ru\u00eddo com um mecanismo de fecho suave para evitar o impacto da porta. Fabricada em material duradouro, \u00e9 ideal para uma utiliza\u00e7\u00e3o de alta frequ\u00eancia em cozinhas, escrit\u00f3rios e muito mais. F\u00e1cil de instalar e concebida para um desempenho duradouro. Como fabricante profissional de dobradi\u00e7as para m\u00f3veis, fornecemos cota\u00e7\u00f5es de f\u00e1brica, entre em contacto connosco.<\/p>\n<h2>Especifica\u00e7\u00f5es da dobradi\u00e7a de arm\u00e1rio silenciosa de fecho suave<\/h2>\n<table border=\"0\" cellspacing=\"0\" cellpadding=\"0\">\n<tbody style=\"font-size: 12px; border: 1px solid #ccc; overflow: hidden;\">\n<tr style=\"line-height: 1.4;\">\n<td style=\"width: 33%;\" width=\"36\" height=\"30\"><strong>Especifica\u00e7\u00e3o<\/strong><\/td>\n<td style=\"width: 67%;\" width=\"72\"><strong>Detalhes<\/strong><\/td>\n<\/tr>\n<tr style=\"line-height: 1.4;\">\n<td style=\"width: 33%;\" width=\"36\" height=\"30\"><strong>N\u00famero do modelo<\/strong><\/td>\n<td style=\"width: 67%;\" width=\"72\">MR-F4B<\/td>\n<\/tr>\n<tr style=\"line-height: 1.4;\">\n<td style=\"width: 33%;\" width=\"36\" height=\"30\"><strong>Material da dobradi\u00e7a<\/strong><\/td>\n<td style=\"width: 67%;\" width=\"72\">A\u00e7o inoxid\u00e1vel ou a\u00e7o laminado a frio<\/td>\n<\/tr>\n<tr style=\"line-height: 1.4;\">\n<td style=\"width: 33%;\" width=\"36\" height=\"30\"><strong>Tipo de dobradi\u00e7a<\/strong><\/td>\n<td style=\"width: 67%;\" width=\"72\">Dobradi\u00e7a de fecho suave<\/td>\n<\/tr>\n<tr style=\"line-height: 1.4;\">\n<td style=\"width: 33%;\" width=\"36\" height=\"60\"><strong>Cen\u00e1rios aplic\u00e1veis<\/strong><\/td>\n<td style=\"width: 67%;\" width=\"72\">Roupeiro, arm\u00e1rio, estante, arm\u00e1rio de casa de banho e muito mais<\/td>\n<\/tr>\n<tr style=\"line-height: 1.4;\">\n<td style=\"width: 33%;\" width=\"36\" height=\"50\"><strong>Servi\u00e7o OEM e ODM<\/strong><\/td>\n<td style=\"width: 67%;\" width=\"72\">Suporte para personaliza\u00e7\u00e3o f\u00e1cil e personaliza\u00e7\u00e3o profunda<\/td>\n<\/tr>\n<\/tbody>\n<\/table>\n<p>&nbsp;<\/p>\n<p>\n<script src=\"chrome-extension:\/\/fpelahbljekknahkcaegamhcndkfpfnc\/iFrame.js\" type=\"text\/javascript\"><\/script><\/p>","protected":false},"featured_media":984,"comment_status":"closed","ping_status":"closed","template":"","meta":{"_acf_changed":false},"product_brand":[],"product_cat":[16],"product_tag":[],"class_list":{"0":"post-907","1":"product","2":"type-product","3":"status-publish","4":"has-post-thumbnail","6":"product_cat-wholesale-soft-closing-hinges","8":"first","9":"instock","10":"shipping-taxable","11":"product-type-simple"},"acf":[],"_links":{"self":[{"href":"https:\/\/www.mrhardwares.com\/pt\/wp-json\/wp\/v2\/product\/907","targetHints":{"allow":["GET"]}}],"collection":[{"href":"https:\/\/www.mrhardwares.com\/pt\/wp-json\/wp\/v2\/product"}],"about":[{"href":"https:\/\/www.mrhardwares.com\/pt\/wp-json\/wp\/v2\/types\/product"}],"replies":[{"embeddable":true,"href":"https:\/\/www.mrhardwares.com\/pt\/wp-json\/wp\/v2\/comments?post=907"}],"wp:featuredmedia":[{"embeddable":true,"href":"https:\/\/www.mrhardwares.com\/pt\/wp-json\/wp\/v2\/media\/984"}],"wp:attachment":[{"href":"https:\/\/www.mrhardwares.com\/pt\/wp-json\/wp\/v2\/media?parent=907"}],"wp:term":[{"taxonomy":"product_brand","embeddable":true,"href":"https:\/\/www.mrhardwares.com\/pt\/wp-json\/wp\/v2\/product_brand?post=907"},{"taxonomy":"product_cat","embeddable":true,"href":"https:\/\/www.mrhardwares.com\/pt\/wp-json\/wp\/v2\/product_cat?post=907"},{"taxonomy":"product_tag","embeddable":true,"href":"https:\/\/www.mrhardwares.com\/pt\/wp-json\/wp\/v2\/product_tag?post=907"}],"curies":[{"name":"wp","href":"https:\/\/api.w.org\/{rel}","templated":true}]}}