{"id":908,"date":"2025-03-21T10:15:28","date_gmt":"2025-03-21T10:15:28","guid":{"rendered":"https:\/\/www.mrhardwares.com\/?post_type=product&#038;p=908"},"modified":"2025-12-31T03:02:58","modified_gmt":"2025-12-31T03:02:58","slug":"bulk-furniture-hinges-wholesale","status":"publish","type":"product","link":"https:\/\/www.mrhardwares.com\/pt\/product\/bulk-furniture-hinges-wholesale\/","title":{"rendered":"Dobradi\u00e7as de fecho suave MR-F4C de alta qualidade a granel, adequadas para arm\u00e1rios, roupeiros, arm\u00e1rios de casa de banho"},"content":{"rendered":"<h3 class=\"wp-block-heading\">Carater\u00edsticas das dobradi\u00e7as para m\u00f3veis de alta qualidade<\/h3><p><strong>Dobradi\u00e7as de alta qualidade<\/strong>: Fabricado em a\u00e7o inoxid\u00e1vel de alta qualidade ou em a\u00e7o laminado a frio, dur\u00e1vel e econ\u00f3mico, adequado para todos os tipos de mobili\u00e1rio.<\/p><p><strong>Fun\u00e7\u00e3o de fecho suave<\/strong>: Equipada com um mecanismo de fecho suave, a porta do arm\u00e1rio fecha-se facilmente, evita impactos e prolonga a sua vida \u00fatil.<\/p><p><strong>Forte capacidade de suporte de carga<\/strong>: O design de elevada capacidade de carga suporta portas ou arm\u00e1rios mais pesados, garantindo estabilidade e durabilidade.<\/p><p><strong>Ampla aplicabilidade<\/strong>: Amplamente utilizado em v\u00e1rios ambientes, como a casa e a empresa, adequado para mobili\u00e1rio de cozinha, casa de banho e escrit\u00f3rio.<\/p><p><strong>Servi\u00e7o de personaliza\u00e7\u00e3o<\/strong>: Fornecer op\u00e7\u00f5es personalizadas para satisfazer diferentes requisitos de tamanho, cor e design para garantir que as dobradi\u00e7as satisfazem plenamente as necessidades de projectos personalizados.<\/p>","protected":false},"excerpt":{"rendered":"<p><strong>Pre\u00e7o: US $0.121\/unidade<\/strong><\/p>\n<p>Oferecemos quantidades a granel por atacado de dobradi\u00e7as de alta qualidade feitas de a\u00e7o inoxid\u00e1vel dur\u00e1vel ou a\u00e7o laminado a frio. Possuem um sistema hidr\u00e1ulico de fecho suave para um fecho suave da porta e uma forte capacidade de carga adequada para portas mais pesadas. S\u00e3o adequadas para uma variedade de ambientes, incluindo cozinhas, casas de banho e escrit\u00f3rios, e est\u00e3o dispon\u00edveis em tamanhos e designs personalizados. Os grossistas e distribuidores s\u00e3o bem-vindos a contactar-nos para um or\u00e7amento.<\/p>\n<h2>Especifica\u00e7\u00f5es de Dobradi\u00e7as para m\u00f3veis de alta qualidade<\/h2>\n<table border=\"0\" cellspacing=\"0\" cellpadding=\"0\">\n<tbody style=\"font-size: 12px; border: 1px solid #ccc; overflow: hidden;\">\n<tr style=\"line-height: 1.4;\">\n<td style=\"width: 33%;\" width=\"36\" height=\"30\"><strong>Especifica\u00e7\u00e3o<\/strong><\/td>\n<td style=\"width: 67%;\" width=\"72\"><strong>Detalhes<\/strong><\/td>\n<\/tr>\n<tr style=\"line-height: 1.4;\">\n<td style=\"width: 33%;\" width=\"36\" height=\"30\"><strong>N\u00famero do modelo<\/strong><\/td>\n<td style=\"width: 67%;\" width=\"72\">Suave MR-F4C<\/td>\n<\/tr>\n<tr style=\"line-height: 1.4;\">\n<td style=\"width: 33%;\" width=\"36\" height=\"30\"><strong>Material da dobradi\u00e7a<\/strong><\/td>\n<td style=\"width: 67%;\" width=\"72\">A\u00e7o inoxid\u00e1vel ou ferro<\/td>\n<\/tr>\n<tr style=\"line-height: 1.4;\">\n<td style=\"width: 33%;\" width=\"36\" height=\"30\"><strong>Tipo de dobradi\u00e7a<\/strong><\/td>\n<td style=\"width: 67%;\" width=\"72\">Dobradi\u00e7a de fecho suave<\/td>\n<\/tr>\n<tr style=\"line-height: 1.4;\">\n<td style=\"width: 33%;\" width=\"36\" height=\"60\"><strong>Cen\u00e1rios aplic\u00e1veis<\/strong><\/td>\n<td style=\"width: 67%;\" width=\"72\">Roupeiro, arm\u00e1rio, estante, arm\u00e1rio de casa de banho e muito mais<\/td>\n<\/tr>\n<tr style=\"line-height: 1.4;\">\n<td style=\"width: 33%;\" width=\"36\" height=\"50\"><strong>Servi\u00e7o OEM e ODM<\/strong><\/td>\n<td style=\"width: 67%;\" width=\"72\">Suporte para personaliza\u00e7\u00e3o f\u00e1cil e personaliza\u00e7\u00e3o profunda<\/td>\n<\/tr>\n<\/tbody>\n<\/table>\n<p>&nbsp;<\/p>\n<p>\n<script src=\"chrome-extension:\/\/fpelahbljekknahkcaegamhcndkfpfnc\/iFrame.js\" type=\"text\/javascript\"><\/script><\/p>","protected":false},"featured_media":986,"comment_status":"closed","ping_status":"closed","template":"","meta":{"_acf_changed":false},"product_brand":[],"product_cat":[16,17,19,23],"product_tag":[],"class_list":{"0":"post-908","1":"product","2":"type-product","3":"status-publish","4":"has-post-thumbnail","6":"product_cat-wholesale-soft-closing-hinges","7":"product_cat-wholesale-cabinet-hinges","8":"product_cat-wholesale-furniture-hinges","9":"product_cat-wholesale-hydraulic-hinges","11":"first","12":"instock","13":"shipping-taxable","14":"product-type-simple"},"acf":[],"_links":{"self":[{"href":"https:\/\/www.mrhardwares.com\/pt\/wp-json\/wp\/v2\/product\/908","targetHints":{"allow":["GET"]}}],"collection":[{"href":"https:\/\/www.mrhardwares.com\/pt\/wp-json\/wp\/v2\/product"}],"about":[{"href":"https:\/\/www.mrhardwares.com\/pt\/wp-json\/wp\/v2\/types\/product"}],"replies":[{"embeddable":true,"href":"https:\/\/www.mrhardwares.com\/pt\/wp-json\/wp\/v2\/comments?post=908"}],"wp:featuredmedia":[{"embeddable":true,"href":"https:\/\/www.mrhardwares.com\/pt\/wp-json\/wp\/v2\/media\/986"}],"wp:attachment":[{"href":"https:\/\/www.mrhardwares.com\/pt\/wp-json\/wp\/v2\/media?parent=908"}],"wp:term":[{"taxonomy":"product_brand","embeddable":true,"href":"https:\/\/www.mrhardwares.com\/pt\/wp-json\/wp\/v2\/product_brand?post=908"},{"taxonomy":"product_cat","embeddable":true,"href":"https:\/\/www.mrhardwares.com\/pt\/wp-json\/wp\/v2\/product_cat?post=908"},{"taxonomy":"product_tag","embeddable":true,"href":"https:\/\/www.mrhardwares.com\/pt\/wp-json\/wp\/v2\/product_tag?post=908"}],"curies":[{"name":"wp","href":"https:\/\/api.w.org\/{rel}","templated":true}]}}