{"id":909,"date":"2025-03-21T23:57:03","date_gmt":"2025-03-21T23:57:03","guid":{"rendered":"https:\/\/www.mrhardwares.com\/?post_type=product&#038;p=909"},"modified":"2025-12-31T03:21:03","modified_gmt":"2025-12-31T03:21:03","slug":"wholesale-soft-close-cupboard-door-hinges-2","status":"publish","type":"product","link":"https:\/\/www.mrhardwares.com\/pt\/product\/wholesale-soft-close-cupboard-door-hinges-2\/","title":{"rendered":"Dobradi\u00e7as para portas de arm\u00e1rio com fecho suave MR-DTGS - Fabricante de Dobradi\u00e7as Mingrun"},"content":{"rendered":"<h3 class=\"wp-block-heading\">Carater\u00edsticas das dobradi\u00e7as para portas de arm\u00e1rios com fecho suave<\/h3><p><strong>Mecanismo de fecho do tamp\u00e3o:<\/strong> A tecnologia de amortecimento pode reduzir a for\u00e7a de impacto entre a porta do arm\u00e1rio e o corpo do arm\u00e1rio e prolongar a vida \u00fatil do arm\u00e1rio.<\/p><p><strong>Extensivamente aplicado: <\/strong>Adequado para todos os tipos de mobili\u00e1rio dom\u00e9stico e comercial, como arm\u00e1rios de cozinha, roupeiros, arm\u00e1rios de casa de banho, arm\u00e1rios de arquivo de escrit\u00f3rio, arm\u00e1rios de arruma\u00e7\u00e3o, arm\u00e1rios de TV, etc., adequados \u00e0 procura do mercado mundial.<\/p><p><strong>Fornecimento de grandes volumes: <\/strong>A Mingrun possui linhas de produ\u00e7\u00e3o modernas e equipamento de produ\u00e7\u00e3o automatizado com elevada capacidade di\u00e1ria, que pode satisfazer as necessidades de encomendas de grande volume.<\/p><p><strong>Garantia de qualidade: <\/strong>Cada dobradi\u00e7a \u00e9 submetida a uma rigorosa inspe\u00e7\u00e3o de qualidade para garantir um desempenho est\u00e1vel e uma durabilidade firme.<\/p>","protected":false},"excerpt":{"rendered":"<p><strong>Price: US $0.136\/pc<\/strong><\/p>\n<p>As dobradi\u00e7as para portas de arm\u00e1rios de fecho suave por atacado, que proporcionam um fecho suave, silencioso e f\u00e1cil, s\u00e3o adequadas para arm\u00e1rios de cozinha, roupeiros, mobili\u00e1rio de escrit\u00f3rio e toucadores de casa de banho. Oferecemos pre\u00e7os competitivos diretos da f\u00e1brica e fornecimentos a granel para satisfazer as necessidades de grandes projectos. Contacte-nos para obter um or\u00e7amento.<\/p>\n<h2>Especifica\u00e7\u00f5es de Dobradi\u00e7as para portas de arm\u00e1rios de fecho suave<\/h2>\n<table border=\"0\" cellspacing=\"0\" cellpadding=\"0\">\n<tbody style=\"font-size: 12px; border: 1px solid #ccc; overflow: hidden;\">\n<tr style=\"line-height: 1.4;\">\n<td style=\"width: 33%;\" width=\"36\" height=\"30\"><strong>Especifica\u00e7\u00e3o<\/strong><\/td>\n<td style=\"width: 67%;\" width=\"72\"><strong>Detalhes<\/strong><\/td>\n<\/tr>\n<tr style=\"line-height: 1.4;\">\n<td style=\"width: 33%;\" width=\"36\" height=\"30\"><strong>N\u00famero do modelo<\/strong><\/td>\n<td style=\"width: 67%;\" width=\"72\">MR-DTGS<\/td>\n<\/tr>\n<tr style=\"line-height: 1.4;\">\n<td style=\"width: 33%;\" width=\"36\" height=\"30\"><strong>Material da dobradi\u00e7a<\/strong><\/td>\n<td style=\"width: 67%;\" width=\"72\">A\u00e7o inoxid\u00e1vel ou a\u00e7o laminado a frio<\/td>\n<\/tr>\n<tr style=\"line-height: 1.4;\">\n<td style=\"width: 33%;\" width=\"36\" height=\"30\"><strong>Tipo de dobradi\u00e7a<\/strong><\/td>\n<td style=\"width: 67%;\" width=\"72\">Dobradi\u00e7a de fecho suave<\/td>\n<\/tr>\n<tr style=\"line-height: 1.4;\">\n<td style=\"width: 33%;\" width=\"36\" height=\"60\"><strong>Cen\u00e1rios aplic\u00e1veis<\/strong><\/td>\n<td style=\"width: 67%;\" width=\"72\">Roupeiro, arm\u00e1rio, estante, arm\u00e1rio de casa de banho e muito mais<\/td>\n<\/tr>\n<tr style=\"line-height: 1.4;\">\n<td style=\"width: 33%;\" width=\"36\" height=\"50\"><strong>Servi\u00e7o OEM e ODM<\/strong><\/td>\n<td style=\"width: 67%;\" width=\"72\">Suporte para personaliza\u00e7\u00e3o f\u00e1cil e personaliza\u00e7\u00e3o profunda<\/td>\n<\/tr>\n<\/tbody>\n<\/table>\n<p><script src=\"chrome-extension:\/\/fpelahbljekknahkcaegamhcndkfpfnc\/iFrame.js\" type=\"text\/javascript\"><\/script><\/p>\n<p>\n<script src=\"chrome-extension:\/\/fpelahbljekknahkcaegamhcndkfpfnc\/iFrame.js\" type=\"text\/javascript\"><\/script><\/p>","protected":false},"featured_media":910,"comment_status":"closed","ping_status":"closed","template":"","meta":{"_acf_changed":false},"product_brand":[],"product_cat":[16],"product_tag":[],"class_list":{"0":"post-909","1":"product","2":"type-product","3":"status-publish","4":"has-post-thumbnail","6":"product_cat-wholesale-soft-closing-hinges","8":"first","9":"instock","10":"shipping-taxable","11":"product-type-simple"},"acf":[],"_links":{"self":[{"href":"https:\/\/www.mrhardwares.com\/pt\/wp-json\/wp\/v2\/product\/909","targetHints":{"allow":["GET"]}}],"collection":[{"href":"https:\/\/www.mrhardwares.com\/pt\/wp-json\/wp\/v2\/product"}],"about":[{"href":"https:\/\/www.mrhardwares.com\/pt\/wp-json\/wp\/v2\/types\/product"}],"replies":[{"embeddable":true,"href":"https:\/\/www.mrhardwares.com\/pt\/wp-json\/wp\/v2\/comments?post=909"}],"wp:featuredmedia":[{"embeddable":true,"href":"https:\/\/www.mrhardwares.com\/pt\/wp-json\/wp\/v2\/media\/910"}],"wp:attachment":[{"href":"https:\/\/www.mrhardwares.com\/pt\/wp-json\/wp\/v2\/media?parent=909"}],"wp:term":[{"taxonomy":"product_brand","embeddable":true,"href":"https:\/\/www.mrhardwares.com\/pt\/wp-json\/wp\/v2\/product_brand?post=909"},{"taxonomy":"product_cat","embeddable":true,"href":"https:\/\/www.mrhardwares.com\/pt\/wp-json\/wp\/v2\/product_cat?post=909"},{"taxonomy":"product_tag","embeddable":true,"href":"https:\/\/www.mrhardwares.com\/pt\/wp-json\/wp\/v2\/product_tag?post=909"}],"curies":[{"name":"wp","href":"https:\/\/api.w.org\/{rel}","templated":true}]}}