{"id":915,"date":"2025-03-21T23:57:15","date_gmt":"2025-03-21T23:57:15","guid":{"rendered":"https:\/\/www.mrhardwares.com\/?post_type=product&#038;p=915"},"modified":"2025-12-31T02:42:56","modified_gmt":"2025-12-31T02:42:56","slug":"wholesale-soft-close-cabinet-door-hinges","status":"publish","type":"product","link":"https:\/\/www.mrhardwares.com\/pt\/product\/wholesale-soft-close-cabinet-door-hinges\/","title":{"rendered":"Dobradi\u00e7as de porta de arm\u00e1rio por atacado com fecho suave - MR-F4A, adequadas para roupeiros, arm\u00e1rios de casa de banho e arm\u00e1rios de cozinha"},"content":{"rendered":"<h3 class=\"wp-block-heading\">Carater\u00edsticas das dobradi\u00e7as para portas de arm\u00e1rio de fecho suave<\/h3><p><strong>Compat\u00edvel com v\u00e1rios materiais de portas de arm\u00e1rios: <\/strong>Compat\u00edvel com portas de arm\u00e1rios de v\u00e1rios materiais, tais como madeira, vidro, pain\u00e9is compostos, etc., com boa compatibilidade.<\/p><p><strong>Amplamente utilizado: <\/strong>Amplamente utilizado em roupeiros de quarto, arm\u00e1rios de casa de banho, arm\u00e1rios de cozinha, arm\u00e1rios de escrit\u00f3rio, mobili\u00e1rio de hotel e outras aplica\u00e7\u00f5es.<\/p><p><strong>F\u00e1cil de instalar: <\/strong>Com o design de instala\u00e7\u00e3o r\u00e1pida, a instala\u00e7\u00e3o \u00e9 simples e r\u00e1pida, especialmente adequada para a produ\u00e7\u00e3o em massa de mobili\u00e1rio para poupar tempo de montagem.<\/p><p><strong>Venda direta da f\u00e1brica: <\/strong>Somos uma f\u00e1brica profissional de dobradi\u00e7as, fornecendo pre\u00e7os de venda direta da f\u00e1brica, apoiando servi\u00e7os personalizados OEM&amp;ODM e oferecendo solu\u00e7\u00f5es exclusivas.<\/p>","protected":false},"excerpt":{"rendered":"<p><strong>Pre\u00e7o: US $0.12\/pc<\/strong><\/p>\n<p>As dobradi\u00e7as de porta de arm\u00e1rio de fecho suave por atacado, com fun\u00e7\u00e3o de posicionamento ajust\u00e1vel, podem alinhar com precis\u00e3o a porta, garantindo um acabamento perfeito e profissional para roupeiros, arm\u00e1rios de casa de banho e arm\u00e1rios de cozinha. Com pre\u00e7os de f\u00e1brica e fornecimento a granel, \u00e9 a escolha ideal para fabricantes de m\u00f3veis, atacadistas e grandes projetos. Bem-vindo a contactar-nos.<\/p>\n<h2>Especifica\u00e7\u00f5es de Dobradi\u00e7as para portas de arm\u00e1rio de fecho suave<\/h2>\n<table border=\"0\" cellspacing=\"0\" cellpadding=\"0\">\n<tbody style=\"font-size: 12px; border: 1px solid #ccc; overflow: hidden;\">\n<tr style=\"line-height: 1.4;\">\n<td style=\"width: 33%;\" width=\"36\" height=\"30\"><strong>Especifica\u00e7\u00e3o<\/strong><\/td>\n<td style=\"width: 67%;\" width=\"72\"><strong>Detalhes<\/strong><\/td>\n<\/tr>\n<tr style=\"line-height: 1.4;\">\n<td style=\"width: 33%;\" width=\"36\" height=\"30\"><strong>N\u00famero do modelo<\/strong><\/td>\n<td style=\"width: 67%;\" width=\"72\">MR-F4A<\/td>\n<\/tr>\n<tr style=\"line-height: 1.4;\">\n<td style=\"width: 33%;\" width=\"36\" height=\"30\"><strong>Material da dobradi\u00e7a<\/strong><\/td>\n<td style=\"width: 67%;\" width=\"72\">A\u00e7o inoxid\u00e1vel ou a\u00e7o laminado a frio<\/td>\n<\/tr>\n<tr style=\"line-height: 1.4;\">\n<td style=\"width: 33%;\" width=\"36\" height=\"30\"><strong>Tipo de dobradi\u00e7a<\/strong><\/td>\n<td style=\"width: 67%;\" width=\"72\">Dobradi\u00e7a de fecho suave<\/td>\n<\/tr>\n<tr style=\"line-height: 1.4;\">\n<td style=\"width: 33%;\" width=\"36\" height=\"60\"><strong>Cen\u00e1rios aplic\u00e1veis<\/strong><\/td>\n<td style=\"width: 67%;\" width=\"72\">Roupeiro, arm\u00e1rio, estante, arm\u00e1rio de casa de banho e muito mais<\/td>\n<\/tr>\n<tr style=\"line-height: 1.4;\">\n<td style=\"width: 33%;\" width=\"36\" height=\"50\"><strong>Servi\u00e7o OEM e ODM<\/strong><\/td>\n<td style=\"width: 67%;\" width=\"72\">Suporte para personaliza\u00e7\u00e3o f\u00e1cil e personaliza\u00e7\u00e3o profunda<\/td>\n<\/tr>\n<\/tbody>\n<\/table>\n<p>&nbsp;<\/p>","protected":false},"featured_media":924,"comment_status":"closed","ping_status":"closed","template":"","meta":{"_acf_changed":false},"product_brand":[],"product_cat":[16],"product_tag":[],"class_list":{"0":"post-915","1":"product","2":"type-product","3":"status-publish","4":"has-post-thumbnail","6":"product_cat-wholesale-soft-closing-hinges","8":"first","9":"instock","10":"shipping-taxable","11":"product-type-simple"},"acf":[],"_links":{"self":[{"href":"https:\/\/www.mrhardwares.com\/pt\/wp-json\/wp\/v2\/product\/915","targetHints":{"allow":["GET"]}}],"collection":[{"href":"https:\/\/www.mrhardwares.com\/pt\/wp-json\/wp\/v2\/product"}],"about":[{"href":"https:\/\/www.mrhardwares.com\/pt\/wp-json\/wp\/v2\/types\/product"}],"replies":[{"embeddable":true,"href":"https:\/\/www.mrhardwares.com\/pt\/wp-json\/wp\/v2\/comments?post=915"}],"wp:featuredmedia":[{"embeddable":true,"href":"https:\/\/www.mrhardwares.com\/pt\/wp-json\/wp\/v2\/media\/924"}],"wp:attachment":[{"href":"https:\/\/www.mrhardwares.com\/pt\/wp-json\/wp\/v2\/media?parent=915"}],"wp:term":[{"taxonomy":"product_brand","embeddable":true,"href":"https:\/\/www.mrhardwares.com\/pt\/wp-json\/wp\/v2\/product_brand?post=915"},{"taxonomy":"product_cat","embeddable":true,"href":"https:\/\/www.mrhardwares.com\/pt\/wp-json\/wp\/v2\/product_cat?post=915"},{"taxonomy":"product_tag","embeddable":true,"href":"https:\/\/www.mrhardwares.com\/pt\/wp-json\/wp\/v2\/product_tag?post=915"}],"curies":[{"name":"wp","href":"https:\/\/api.w.org\/{rel}","templated":true}]}}