{"id":916,"date":"2025-03-22T00:08:29","date_gmt":"2025-03-22T00:08:29","guid":{"rendered":"https:\/\/www.mrhardwares.com\/?post_type=product&#038;p=916"},"modified":"2025-12-31T03:28:19","modified_gmt":"2025-12-31T03:28:19","slug":"wholesale-kitchen-cabinet-soft-close-hinges","status":"publish","type":"product","link":"https:\/\/www.mrhardwares.com\/pt\/product\/wholesale-kitchen-cabinet-soft-close-hinges\/","title":{"rendered":"Dobradi\u00e7as de fecho suave para arm\u00e1rios de cozinha por atacado MR-DTZB, OEM e ODM dispon\u00edveis"},"content":{"rendered":"<h3 class=\"wp-block-heading\">Carater\u00edsticas das dobradi\u00e7as de fecho suave para arm\u00e1rios de cozinha <\/h3><p><strong>Resistente \u00e0 corros\u00e3o:<\/strong> Fabricados em a\u00e7o inoxid\u00e1vel de alta qualidade, s\u00e3o mais resistentes \u00e0 corros\u00e3o, oferecem uma excelente for\u00e7a, desgaste e resist\u00eancia em ambientes h\u00famidos de cozinha.<\/p><p><strong>Capacidade de carga para trabalhos pesados: <\/strong>Com uma grande capacidade de carga, s\u00e3o muito dur\u00e1veis e suficientemente est\u00e1veis para uma utiliza\u00e7\u00e3o prolongada em cozinhas residenciais e comerciais.<\/p><p><strong>Instala\u00e7\u00e3o f\u00e1cil e simples:<\/strong> Com um sistema de montagem simples de utilizar, podem ser facilmente montados, poupando tempo e aumentando a produtividade dos empreiteiros e fabricantes de mobili\u00e1rio.<\/p><p><strong>Pre\u00e7o de f\u00e1brica: <\/strong>Vendido a pre\u00e7os de f\u00e1brica competitivos, garantindo uma boa rela\u00e7\u00e3o custo-efic\u00e1cia para compradores a granel, grossistas e fabricantes de mobili\u00e1rio de produ\u00e7\u00e3o em massa.<\/p>","protected":false},"excerpt":{"rendered":"<p><strong>Price: US $0.178\/pc<\/strong><\/p>\n<p>Dobradi\u00e7as de arm\u00e1rio de cozinha de fecho suave em a\u00e7o inoxid\u00e1vel por atacado, resistentes \u00e0 corros\u00e3o, suporte de fornecimento de grandes quantidades, adequadas para fabricantes de m\u00f3veis, grossistas e grandes projectos. Contacte-nos para obter um or\u00e7amento.<\/p>\n<h2>Especifica\u00e7\u00f5es de Dobradi\u00e7as de fecho suave para arm\u00e1rios de cozinha<\/h2>\n<table border=\"0\" cellspacing=\"0\" cellpadding=\"0\">\n<tbody style=\"font-size: 12px; border: 1px solid #ccc; overflow: hidden;\">\n<tr style=\"line-height: 1.4;\">\n<td style=\"width: 33%;\" width=\"36\" height=\"30\"><strong>Especifica\u00e7\u00f5es<\/strong><\/td>\n<td style=\"width: 67%;\" width=\"72\">Detalhes<\/td>\n<\/tr>\n<tr style=\"line-height: 1.4;\">\n<td style=\"width: 33%;\" width=\"36\" height=\"30\"><strong>Nome do modelo<\/strong><\/td>\n<td style=\"width: 67%;\" width=\"72\">MR-DTZB<\/td>\n<\/tr>\n<tr style=\"line-height: 1.4;\">\n<td style=\"width: 33%;\" width=\"36\" height=\"30\"><strong>Material da dobradi\u00e7a<\/strong><\/td>\n<td style=\"width: 67%;\" width=\"72\">A\u00e7o inoxid\u00e1vel ou a\u00e7o laminado a frio<\/td>\n<\/tr>\n<tr style=\"line-height: 1.4;\">\n<td style=\"width: 33%;\" width=\"36\" height=\"30\"><strong>Tipo de dobradi\u00e7a<\/strong><\/td>\n<td style=\"width: 67%;\" width=\"72\">Dobradi\u00e7a de fecho suave<\/td>\n<\/tr>\n<tr style=\"line-height: 1.4;\">\n<td style=\"width: 33%;\" width=\"36\" height=\"60\"><strong>Cen\u00e1rios aplic\u00e1veis<\/strong><\/td>\n<td style=\"width: 67%;\" width=\"72\">Roupeiro, arm\u00e1rio, estante, arm\u00e1rio de casa de banho e muito mais<\/td>\n<\/tr>\n<tr style=\"line-height: 1.4;\">\n<td style=\"width: 33%;\" width=\"36\" height=\"50\"><strong>Servi\u00e7o OEM e ODM<\/strong><\/td>\n<td style=\"width: 67%;\" width=\"72\">Suporte para personaliza\u00e7\u00e3o f\u00e1cil e personaliza\u00e7\u00e3o profunda<\/td>\n<\/tr>\n<\/tbody>\n<\/table>\n<p><script src=\"chrome-extension:\/\/fpelahbljekknahkcaegamhcndkfpfnc\/iFrame.js\" type=\"text\/javascript\"><\/script><\/p>\n<p><script src=\"chrome-extension:\/\/fpelahbljekknahkcaegamhcndkfpfnc\/iFrame.js\" type=\"text\/javascript\"><\/script><\/p>\n<p><script src=\"chrome-extension:\/\/fpelahbljekknahkcaegamhcndkfpfnc\/iFrame.js\" type=\"text\/javascript\"><\/script><\/p>\n<p><script src=\"chrome-extension:\/\/fpelahbljekknahkcaegamhcndkfpfnc\/iFrame.js\" type=\"text\/javascript\"><\/script><\/p>\n<p>\n<script src=\"chrome-extension:\/\/fpelahbljekknahkcaegamhcndkfpfnc\/iFrame.js\" type=\"text\/javascript\"><\/script><\/p>","protected":false},"featured_media":917,"comment_status":"closed","ping_status":"closed","template":"","meta":{"_acf_changed":false},"product_brand":[],"product_cat":[16],"product_tag":[],"class_list":{"0":"post-916","1":"product","2":"type-product","3":"status-publish","4":"has-post-thumbnail","6":"product_cat-wholesale-soft-closing-hinges","8":"first","9":"instock","10":"shipping-taxable","11":"product-type-simple"},"acf":[],"_links":{"self":[{"href":"https:\/\/www.mrhardwares.com\/pt\/wp-json\/wp\/v2\/product\/916","targetHints":{"allow":["GET"]}}],"collection":[{"href":"https:\/\/www.mrhardwares.com\/pt\/wp-json\/wp\/v2\/product"}],"about":[{"href":"https:\/\/www.mrhardwares.com\/pt\/wp-json\/wp\/v2\/types\/product"}],"replies":[{"embeddable":true,"href":"https:\/\/www.mrhardwares.com\/pt\/wp-json\/wp\/v2\/comments?post=916"}],"wp:featuredmedia":[{"embeddable":true,"href":"https:\/\/www.mrhardwares.com\/pt\/wp-json\/wp\/v2\/media\/917"}],"wp:attachment":[{"href":"https:\/\/www.mrhardwares.com\/pt\/wp-json\/wp\/v2\/media?parent=916"}],"wp:term":[{"taxonomy":"product_brand","embeddable":true,"href":"https:\/\/www.mrhardwares.com\/pt\/wp-json\/wp\/v2\/product_brand?post=916"},{"taxonomy":"product_cat","embeddable":true,"href":"https:\/\/www.mrhardwares.com\/pt\/wp-json\/wp\/v2\/product_cat?post=916"},{"taxonomy":"product_tag","embeddable":true,"href":"https:\/\/www.mrhardwares.com\/pt\/wp-json\/wp\/v2\/product_tag?post=916"}],"curies":[{"name":"wp","href":"https:\/\/api.w.org\/{rel}","templated":true}]}}