{"id":967,"date":"2025-03-25T06:03:04","date_gmt":"2025-03-25T06:03:04","guid":{"rendered":"https:\/\/www.mrhardwares.com\/?post_type=product&#038;p=967"},"modified":"2025-12-31T02:59:12","modified_gmt":"2025-12-31T02:59:12","slug":"wholesale-soft-close-hydraulic-hinges-for-cabinets","status":"publish","type":"product","link":"https:\/\/www.mrhardwares.com\/pt\/product\/wholesale-soft-close-hydraulic-hinges-for-cabinets\/","title":{"rendered":"Dobradi\u00e7as hidr\u00e1ulicas de fecho suave por atacado para arm\u00e1rios MR-DTWG"},"content":{"rendered":"<h3 class=\"wp-block-heading\">Carater\u00edsticas da dobradi\u00e7a hidr\u00e1ulica de fecho suave<\/h3><p><strong>Encerramento silencioso: <\/strong>O dispositivo de amortecimento hidr\u00e1ulico incorporado garante que a porta do arm\u00e1rio fecha de forma suave e silenciosa, proporcionando uma experi\u00eancia de utiliza\u00e7\u00e3o mais tranquila.<\/p><p><strong>Proteger os m\u00f3veis: <\/strong>O design de fecho lento reduz o impacto direto entre a porta do arm\u00e1rio ou a gaveta e o corpo do arm\u00e1rio, prolongando assim a vida \u00fatil do m\u00f3vel.<\/p><p><strong>Design anti-entalamento: <\/strong>As carater\u00edsticas de fecho lento da dobradi\u00e7a de fecho suave podem reduzir eficazmente a velocidade de fecho da porta do arm\u00e1rio ou da gaveta, o que \u00e9 adequado para fam\u00edlias com crian\u00e7as.<\/p><p><strong>Funcionamento sem esfor\u00e7o: <\/strong>O design da dobradi\u00e7a de fecho suave permite que a porta do arm\u00e1rio se feche automaticamente com um ligeiro empurr\u00e3o, tornando-a mais f\u00e1cil de utilizar.<\/p><p><strong>Pre\u00e7o por grosso:<\/strong> Como um fabricante profissional de dobradi\u00e7as, oferecemos pre\u00e7os competitivos por atacado para encomendas de grande volume, adequados para fabricantes de m\u00f3veis e grossistas de hardware.<\/p>","protected":false},"excerpt":{"rendered":"<p><strong>Pre\u00e7o: US $0.123\/unidade<\/strong><\/p>\n<p>Dobradi\u00e7as hidr\u00e1ulicas de fecho suave por atacado, asseguram que as portas dos arm\u00e1rios fecham de forma suave e silenciosa, adequadas para casa, escrit\u00f3rio e uso comercial. O fabricante de dobradi\u00e7as Mingrun oferece bons pre\u00e7os por grosso, adequados para compras a granel. Contacte-nos para obter um or\u00e7amento.<\/p>\n<h2>Especifica\u00e7\u00f5es da dobradi\u00e7a hidr\u00e1ulica de fecho suave<\/h2>\n<table border=\"0\" cellspacing=\"0\" cellpadding=\"0\">\n<tbody style=\"font-size: 12px; border: 1px solid #ccc; overflow: hidden;\">\n<tr style=\"line-height: 1.4;\">\n<td style=\"width: 33%;\" width=\"36\" height=\"30\"><strong>Especifica\u00e7\u00e3o<\/strong><\/td>\n<td style=\"width: 67%;\" width=\"72\"><strong>Detalhes<\/strong><\/td>\n<\/tr>\n<tr style=\"line-height: 1.4;\">\n<td style=\"width: 33%;\" width=\"36\" height=\"30\"><strong>N\u00famero do modeloMR<\/strong><\/td>\n<td style=\"width: 67%;\" width=\"72\">MR-DTWG<\/td>\n<\/tr>\n<tr style=\"line-height: 1.4;\">\n<td style=\"width: 33%;\" width=\"36\" height=\"30\"><strong>Material da dobradi\u00e7a<\/strong><\/td>\n<td style=\"width: 67%;\" width=\"72\">Ferro ou a\u00e7o inoxid\u00e1vel<\/td>\n<\/tr>\n<tr style=\"line-height: 1.4;\">\n<td style=\"width: 33%;\" width=\"36\" height=\"30\"><strong>Tipo de dobradi\u00e7a<\/strong><\/td>\n<td style=\"width: 67%;\" width=\"72\">Dobradi\u00e7a de fecho suave<\/td>\n<\/tr>\n<tr style=\"line-height: 1.4;\">\n<td style=\"width: 33%;\" width=\"36\" height=\"60\"><strong>Cen\u00e1rios aplic\u00e1veis<\/strong><\/td>\n<td style=\"width: 67%;\" width=\"72\">Roupeiro, arm\u00e1rio, estante, arm\u00e1rio de casa de banho e muito mais<\/td>\n<\/tr>\n<tr style=\"line-height: 1.4;\">\n<td style=\"width: 33%;\" width=\"36\" height=\"50\"><strong>Servi\u00e7o OEM e ODM<\/strong><\/td>\n<td style=\"width: 67%;\" width=\"72\">Suporte para personaliza\u00e7\u00e3o f\u00e1cil e personaliza\u00e7\u00e3o profunda<\/td>\n<\/tr>\n<\/tbody>\n<\/table>\n<p><script src=\"chrome-extension:\/\/fpelahbljekknahkcaegamhcndkfpfnc\/iFrame.js\" type=\"text\/javascript\"><\/script><\/p>","protected":false},"featured_media":968,"comment_status":"closed","ping_status":"closed","template":"","meta":{"_acf_changed":false},"product_brand":[],"product_cat":[16,17,19,23],"product_tag":[],"class_list":{"0":"post-967","1":"product","2":"type-product","3":"status-publish","4":"has-post-thumbnail","6":"product_cat-wholesale-soft-closing-hinges","7":"product_cat-wholesale-cabinet-hinges","8":"product_cat-wholesale-furniture-hinges","9":"product_cat-wholesale-hydraulic-hinges","11":"first","12":"instock","13":"shipping-taxable","14":"product-type-simple"},"acf":[],"_links":{"self":[{"href":"https:\/\/www.mrhardwares.com\/pt\/wp-json\/wp\/v2\/product\/967","targetHints":{"allow":["GET"]}}],"collection":[{"href":"https:\/\/www.mrhardwares.com\/pt\/wp-json\/wp\/v2\/product"}],"about":[{"href":"https:\/\/www.mrhardwares.com\/pt\/wp-json\/wp\/v2\/types\/product"}],"replies":[{"embeddable":true,"href":"https:\/\/www.mrhardwares.com\/pt\/wp-json\/wp\/v2\/comments?post=967"}],"wp:featuredmedia":[{"embeddable":true,"href":"https:\/\/www.mrhardwares.com\/pt\/wp-json\/wp\/v2\/media\/968"}],"wp:attachment":[{"href":"https:\/\/www.mrhardwares.com\/pt\/wp-json\/wp\/v2\/media?parent=967"}],"wp:term":[{"taxonomy":"product_brand","embeddable":true,"href":"https:\/\/www.mrhardwares.com\/pt\/wp-json\/wp\/v2\/product_brand?post=967"},{"taxonomy":"product_cat","embeddable":true,"href":"https:\/\/www.mrhardwares.com\/pt\/wp-json\/wp\/v2\/product_cat?post=967"},{"taxonomy":"product_tag","embeddable":true,"href":"https:\/\/www.mrhardwares.com\/pt\/wp-json\/wp\/v2\/product_tag?post=967"}],"curies":[{"name":"wp","href":"https:\/\/api.w.org\/{rel}","templated":true}]}}